{"id":454,"date":"2023-05-08T16:43:48","date_gmt":"2023-05-08T14:43:48","guid":{"rendered":"https:\/\/swisshandicapdrive.ch\/wer-wir-sind\/"},"modified":"2025-02-10T16:51:18","modified_gmt":"2025-02-10T15:51:18","slug":"wer-wir-sind","status":"publish","type":"page","link":"https:\/\/swisshandicapdrive.ch\/it\/wer-wir-sind\/","title":{"rendered":"Chi siamo"},"content":{"rendered":"<div class=\"wpb-content-wrapper\"><p>[vc_row][vc_column][vc_custom_heading text=&#8221;Swiss Handicapdrive &#8211; chi siamo&#8221; font_container=&#8221;tag:h1|text_align:center|color:%23111111&#8243; use_theme_fonts=&#8221;yes&#8221; css=&#8221;&#8221;][\/vc_column][\/vc_row][vc_row][vc_column][vc_column_text css=&#8221;&#8221; font_size=&#8221;21px&#8221; line_height=&#8221;1.4em&#8221;]Swiss Handicapdrive \u00e8 un&#8217;organizzazione indipendente impegnata nella sicurezza stradale delle persone con disabilit\u00e0. L&#8217;organizzazione si concentra da un lato sull&#8217;educazione e la formazione e dall&#8217;altro sull&#8217;adattamento dei mezzi di trasporto alle esigenze di questi utenti della strada. <\/p>\n<p>Le persone con disabilit\u00e0 si trovano spesso di fronte a diversi ostacoli quando devono (ri)acquisire competenze in materia di circolazione stradale. Questo pu\u00f2 avvenire durante la formazione e\/o l&#8217;aggiornamento, nei rapporti con le autorit\u00e0 e le istituzioni o nell&#8217;adattamento dei mezzi di trasporto alle loro esigenze individuali. Inoltre, devono confrontarsi con la crescente digitalizzazione e automazione del mondo dei trasporti, che comporta grandi vantaggi da un lato, ma anche sfide dall&#8217;altro.  <\/p>\n<p>Swiss Handicapdrive aiuta a risolvere questi problemi e, in quanto associazione di trasformatori di veicoli, istruttori di guida e altri specialisti per l&#8217;assistenza alla guida di persone con disabilit\u00e0, supporta gli utenti della strada nelle sfide che si presentano in queste aree.<\/p>\n<p>Swiss Handicapdrive \u00e8 un&#8217;associazione associata di <a href=\"https:\/\/swissdrive.ch\/\" target=\"_blank\" rel=\"noopener\">Swissdrive<\/a>. La crescente complessit\u00e0 dell&#8217;intero ambiente del traffico stradale fa s\u00ec che la soluzione dei problemi non possa pi\u00f9 essere affrontata da un&#8217;unica prospettiva. Swissdrive L&#8217;approccio di Handicapdrive \u00e8 quindi quello di riunire i punti di vista di automobilisti, ciclisti, pedoni, psicologi del traffico, professionisti del settore medico, produttori di sistemi di trasporto autonomi e tutti gli stakeholder che avranno un&#8217;influenza sul traffico in futuro. Swissdrive Sulla base di queste conoscenze collettive, mira a creare condizioni ottimali per l&#8217;educazione stradale e a rafforzare le competenze degli utenti della strada. Per tutti gli utenti della strada con tutte le esigenze.[\/vc_column_text][\/vc_column][\/vc_row]<\/p>\n<\/div>","protected":false},"excerpt":{"rendered":"<p>[vc_row][vc_column][vc_custom_heading text=&#8221;Swiss Handicapdrive &#8211; chi siamo&#8221; font_container=&#8221;tag:h1|text_align:center|color:%23111111&#8243; use_theme_fonts=&#8221;yes&#8221; css=&#8221;&#8221;][\/vc_column][\/vc_row][vc_row][vc_column][vc_column_text css=&#8221;&#8221; font_size=&#8221;21px&#8221; line_height=&#8221;1.4em&#8221;]Swiss Handicapdrive \u00e8 un&#8217;organizzazione indipendente impegnata nella sicurezza stradale delle persone con disabilit\u00e0. L&#8217;organizzazione si concentra da un lato sull&#8217;educazione e la formazione e dall&#8217;altro sull&#8217;adattamento dei mezzi di trasporto alle esigenze di questi utenti della strada. Le persone con disabilit\u00e0 si trovano spesso di fronte a diversi ostacoli [&hellip;]<\/p>\n","protected":false},"author":4,"featured_media":0,"parent":0,"menu_order":0,"comment_status":"closed","ping_status":"closed","template":"","meta":{"footnotes":""},"class_list":["post-454","page","type-page","status-publish","hentry"],"yoast_head":"<!-- This site is optimized with the Yoast SEO plugin v25.9 - https:\/\/yoast.com\/wordpress\/plugins\/seo\/ -->\n<title>Chi siamo - Swiss Handicapdrive<\/title>\n<meta name=\"robots\" content=\"index, follow, max-snippet:-1, max-image-preview:large, max-video-preview:-1\" \/>\n<link rel=\"canonical\" href=\"https:\/\/swisshandicapdrive.ch\/it\/wer-wir-sind\/\" \/>\n<meta property=\"og:locale\" content=\"it_IT\" \/>\n<meta property=\"og:type\" content=\"article\" \/>\n<meta property=\"og:title\" content=\"Chi siamo - Swiss Handicapdrive\" \/>\n<meta property=\"og:description\" content=\"[vc_row][vc_column][vc_custom_heading text=&#8221;Swiss Handicapdrive &#8211; chi siamo&#8221; font_container=&#8221;tag:h1|text_align:center|color:%23111111&#8243; use_theme_fonts=&#8221;yes&#8221; css=&#8221;&#8221;][\/vc_column][\/vc_row][vc_row][vc_column][vc_column_text css=&#8221;&#8221; font_size=&#8221;21px&#8221; line_height=&#8221;1.4em&#8221;]Swiss Handicapdrive \u00e8 un&#8217;organizzazione indipendente impegnata nella sicurezza stradale delle persone con disabilit\u00e0. L&#8217;organizzazione si concentra da un lato sull&#8217;educazione e la formazione e dall&#8217;altro sull&#8217;adattamento dei mezzi di trasporto alle esigenze di questi utenti della strada. Le persone con disabilit\u00e0 si trovano spesso di fronte a diversi ostacoli [&hellip;]\" \/>\n<meta property=\"og:url\" content=\"https:\/\/swisshandicapdrive.ch\/it\/wer-wir-sind\/\" \/>\n<meta property=\"og:site_name\" content=\"Swiss Handicapdrive\" \/>\n<meta property=\"article:modified_time\" content=\"2025-02-10T15:51:18+00:00\" \/>\n<meta name=\"twitter:card\" content=\"summary_large_image\" \/>\n<meta name=\"twitter:label1\" content=\"Tempo di lettura stimato\" \/>\n\t<meta name=\"twitter:data1\" content=\"2 minuti\" \/>\n<script type=\"application\/ld+json\" class=\"yoast-schema-graph\">{\"@context\":\"https:\/\/schema.org\",\"@graph\":[{\"@type\":\"WebPage\",\"@id\":\"https:\/\/swisshandicapdrive.ch\/it\/wer-wir-sind\/\",\"url\":\"https:\/\/swisshandicapdrive.ch\/it\/wer-wir-sind\/\",\"name\":\"Chi siamo - Swiss Handicapdrive\",\"isPartOf\":{\"@id\":\"https:\/\/swisshandicapdrive.ch\/it\/#website\"},\"datePublished\":\"2023-05-08T14:43:48+00:00\",\"dateModified\":\"2025-02-10T15:51:18+00:00\",\"breadcrumb\":{\"@id\":\"https:\/\/swisshandicapdrive.ch\/it\/wer-wir-sind\/#breadcrumb\"},\"inLanguage\":\"it-IT\",\"potentialAction\":[{\"@type\":\"ReadAction\",\"target\":[\"https:\/\/swisshandicapdrive.ch\/it\/wer-wir-sind\/\"]}]},{\"@type\":\"BreadcrumbList\",\"@id\":\"https:\/\/swisshandicapdrive.ch\/it\/wer-wir-sind\/#breadcrumb\",\"itemListElement\":[{\"@type\":\"ListItem\",\"position\":1,\"name\":\"Home\",\"item\":\"https:\/\/swisshandicapdrive.ch\/it\/\"},{\"@type\":\"ListItem\",\"position\":2,\"name\":\"Chi siamo\"}]},{\"@type\":\"WebSite\",\"@id\":\"https:\/\/swisshandicapdrive.ch\/it\/#website\",\"url\":\"https:\/\/swisshandicapdrive.ch\/it\/\",\"name\":\"Swiss Handicapdrive\",\"description\":\"\",\"potentialAction\":[{\"@type\":\"SearchAction\",\"target\":{\"@type\":\"EntryPoint\",\"urlTemplate\":\"https:\/\/swisshandicapdrive.ch\/it\/?s={search_term_string}\"},\"query-input\":{\"@type\":\"PropertyValueSpecification\",\"valueRequired\":true,\"valueName\":\"search_term_string\"}}],\"inLanguage\":\"it-IT\"}]}<\/script>\n<!-- \/ Yoast SEO plugin. -->","yoast_head_json":{"title":"Chi siamo - Swiss Handicapdrive","robots":{"index":"index","follow":"follow","max-snippet":"max-snippet:-1","max-image-preview":"max-image-preview:large","max-video-preview":"max-video-preview:-1"},"canonical":"https:\/\/swisshandicapdrive.ch\/it\/wer-wir-sind\/","og_locale":"it_IT","og_type":"article","og_title":"Chi siamo - Swiss Handicapdrive","og_description":"[vc_row][vc_column][vc_custom_heading text=&#8221;Swiss Handicapdrive &#8211; chi siamo&#8221; font_container=&#8221;tag:h1|text_align:center|color:%23111111&#8243; use_theme_fonts=&#8221;yes&#8221; css=&#8221;&#8221;][\/vc_column][\/vc_row][vc_row][vc_column][vc_column_text css=&#8221;&#8221; font_size=&#8221;21px&#8221; line_height=&#8221;1.4em&#8221;]Swiss Handicapdrive \u00e8 un&#8217;organizzazione indipendente impegnata nella sicurezza stradale delle persone con disabilit\u00e0. L&#8217;organizzazione si concentra da un lato sull&#8217;educazione e la formazione e dall&#8217;altro sull&#8217;adattamento dei mezzi di trasporto alle esigenze di questi utenti della strada. Le persone con disabilit\u00e0 si trovano spesso di fronte a diversi ostacoli [&hellip;]","og_url":"https:\/\/swisshandicapdrive.ch\/it\/wer-wir-sind\/","og_site_name":"Swiss Handicapdrive","article_modified_time":"2025-02-10T15:51:18+00:00","twitter_card":"summary_large_image","twitter_misc":{"Tempo di lettura stimato":"2 minuti"},"schema":{"@context":"https:\/\/schema.org","@graph":[{"@type":"WebPage","@id":"https:\/\/swisshandicapdrive.ch\/it\/wer-wir-sind\/","url":"https:\/\/swisshandicapdrive.ch\/it\/wer-wir-sind\/","name":"Chi siamo - Swiss Handicapdrive","isPartOf":{"@id":"https:\/\/swisshandicapdrive.ch\/it\/#website"},"datePublished":"2023-05-08T14:43:48+00:00","dateModified":"2025-02-10T15:51:18+00:00","breadcrumb":{"@id":"https:\/\/swisshandicapdrive.ch\/it\/wer-wir-sind\/#breadcrumb"},"inLanguage":"it-IT","potentialAction":[{"@type":"ReadAction","target":["https:\/\/swisshandicapdrive.ch\/it\/wer-wir-sind\/"]}]},{"@type":"BreadcrumbList","@id":"https:\/\/swisshandicapdrive.ch\/it\/wer-wir-sind\/#breadcrumb","itemListElement":[{"@type":"ListItem","position":1,"name":"Home","item":"https:\/\/swisshandicapdrive.ch\/it\/"},{"@type":"ListItem","position":2,"name":"Chi siamo"}]},{"@type":"WebSite","@id":"https:\/\/swisshandicapdrive.ch\/it\/#website","url":"https:\/\/swisshandicapdrive.ch\/it\/","name":"Swiss Handicapdrive","description":"","potentialAction":[{"@type":"SearchAction","target":{"@type":"EntryPoint","urlTemplate":"https:\/\/swisshandicapdrive.ch\/it\/?s={search_term_string}"},"query-input":{"@type":"PropertyValueSpecification","valueRequired":true,"valueName":"search_term_string"}}],"inLanguage":"it-IT"}]}},"_links":{"self":[{"href":"https:\/\/swisshandicapdrive.ch\/it\/wp-json\/wp\/v2\/pages\/454","targetHints":{"allow":["GET"]}}],"collection":[{"href":"https:\/\/swisshandicapdrive.ch\/it\/wp-json\/wp\/v2\/pages"}],"about":[{"href":"https:\/\/swisshandicapdrive.ch\/it\/wp-json\/wp\/v2\/types\/page"}],"author":[{"embeddable":true,"href":"https:\/\/swisshandicapdrive.ch\/it\/wp-json\/wp\/v2\/users\/4"}],"replies":[{"embeddable":true,"href":"https:\/\/swisshandicapdrive.ch\/it\/wp-json\/wp\/v2\/comments?post=454"}],"version-history":[{"count":7,"href":"https:\/\/swisshandicapdrive.ch\/it\/wp-json\/wp\/v2\/pages\/454\/revisions"}],"predecessor-version":[{"id":797,"href":"https:\/\/swisshandicapdrive.ch\/it\/wp-json\/wp\/v2\/pages\/454\/revisions\/797"}],"wp:attachment":[{"href":"https:\/\/swisshandicapdrive.ch\/it\/wp-json\/wp\/v2\/media?parent=454"}],"curies":[{"name":"wp","href":"https:\/\/api.w.org\/{rel}","templated":true}]}}