{"id":422,"date":"2024-04-04T07:44:52","date_gmt":"2024-04-04T05:44:52","guid":{"rendered":"https:\/\/swisshandicapdrive.ch\/swiss-handicapdrive-beratungsstelle\/"},"modified":"2024-12-05T14:10:11","modified_gmt":"2024-12-05T13:10:11","slug":"swiss-handicapdrive-beratungsstelle","status":"publish","type":"page","link":"https:\/\/swisshandicapdrive.ch\/it\/swiss-handicapdrive-beratungsstelle\/","title":{"rendered":"Centro di consulenza Handicapdrive Svizzera"},"content":{"rendered":"<div class=\"wpb-content-wrapper\"><p>[vc_row][vc_column][vc_custom_heading text=&#8221;Centro di consulenza Handicapdrive Svizzera&#8221; font_container=&#8221;tag:h1|text_align:center&#8221; use_theme_fonts=&#8221;yes&#8221; css=&#8221;.vc_custom_1712209727533{margin-bottom: 60px !important;}&#8221;][vc_column_text font_size=&#8221;21&#8243; line_height=&#8221;26&#8243;]Swiss Handicapdrive gestisce un centro di consulenza che ti guider\u00e0 nell&#8217;intero processo di acquisizione o recupero della mobilit\u00e0 individuale su strada. Spesso non \u00e8 facile orientarsi nella &#8220;giungla&#8221; delle autorit\u00e0, dei moduli e dei chiarimenti, e spesso \u00e8 ancora pi\u00f9 difficile trovare subito la persona giusta da contattare. Swiss Handicapdrive ti aiuter\u00e0 nell&#8217;intero processo.[\/vc_column_text][vc_column_text font_size=&#8221;21&#8243; line_height=&#8221;26&#8243; css=&#8221;.vc_custom_1712209706028{padding-bottom: 6px !important;}&#8221;]Swiss Handicapdrive lo organizza appositamente per te:[\/vc_column_text][vc_column_text font_size=&#8221;21&#8243; line_height=&#8221;26&#8243;]<\/p>\n<ul>\n<li>Chiarimenti sui processi\/coordinamento dei processi con i vari partner<\/li>\n<li>Supporto in tutti i processi<\/li>\n<li>Consulenza da parte di autorit\u00e0, uffici, aziende di trasformazione di veicoli, centri di riabilitazione, scuole guida, ecc.<\/li>\n<li>Organizzazione della formazione dei conducenti<\/li>\n<li>Guida attraverso l&#8217;intero processo di idoneit\u00e0 alla guida (autorit\u00e0 stradali\/medici, ecc.).<\/li>\n<li>Chiarimenti con l&#8217;IV e la SAHB<\/li>\n<li>Consigli per l&#8217;acquisto di un veicolo<\/li>\n<\/ul>\n<p>[\/vc_column_text][vc_column_text font_size=&#8221;21&#8243; line_height=&#8221;26&#8243;]Se desideri una consulenza adeguata, compila il modulo di contatto qui sotto e saremo lieti di contattarti. Il centro di consulenza di Swiss Handicapdrive \u00e8 gestito su base privata ed \u00e8 quindi a pagamento. Tuttavia, spesso questi costi possono essere rimborsati dall&#8217;AI attraverso i costi aggiuntivi della formazione alla guida. Ti aiuteremo in questo senso. [\/vc_column_text][vc_column_text]<style id=\"wpforms-css-vars-230\">\n\t\t\t\t#wpforms-230 {\n\t\t\t\t\n\t\t\t}\n\t\t\t<\/style><div class=\"wpforms-container wpforms-container-full wpforms-render-modern\" id=\"wpforms-230\"><form id=\"wpforms-form-230\" class=\"wpforms-validate wpforms-form wpforms-ajax-form\" data-formid=\"230\" method=\"post\" enctype=\"multipart\/form-data\" action=\"\/it\/wp-json\/wp\/v2\/pages\/422\" data-token=\"2941f3cac00f662787f1ad17cf3587a6\" data-token-time=\"1777447738\"><noscript class=\"wpforms-error-noscript\">Abilita JavaScript nel browser per completare questo modulo.<\/noscript><div id=\"wpforms-error-noscript\" style=\"display: none;\">Abilita JavaScript nel browser per completare questo modulo.<\/div><div class=\"wpforms-field-container\"><div id=\"wpforms-230-field_11-container\" class=\"wpforms-field wpforms-field-layout\" data-field-id=\"11\"><div class=\"wpforms-field-layout-columns wpforms-field-layout-preset-50-50\"><div class=\"wpforms-layout-column wpforms-layout-column-50\" ><div id=\"wpforms-230-field_12-container\" class=\"wpforms-field wpforms-field-text\" data-field-id=\"12\"><label class=\"wpforms-field-label\" for=\"wpforms-230-field_12\">Vorname <span class=\"wpforms-required-label\" aria-hidden=\"true\">*<\/span><\/label><input type=\"text\" id=\"wpforms-230-field_12\" class=\"wpforms-field-large wpforms-field-required\" name=\"wpforms[fields][12]\" aria-errormessage=\"wpforms-230-field_12-error\" required><\/div><\/div><div class=\"wpforms-layout-column wpforms-layout-column-50\" ><div id=\"wpforms-230-field_13-container\" class=\"wpforms-field wpforms-field-text\" data-field-id=\"13\"><label class=\"wpforms-field-label\" for=\"wpforms-230-field_13\">Nachname <span class=\"wpforms-required-label\" aria-hidden=\"true\">*<\/span><\/label><input type=\"text\" id=\"wpforms-230-field_13\" class=\"wpforms-field-large wpforms-field-required\" name=\"wpforms[fields][13]\" aria-errormessage=\"wpforms-230-field_13-error\" required><\/div><\/div><\/div><\/div>\t\t<div id=\"wpforms-230-field_1-container\"\n\t\t\tclass=\"wpforms-field wpforms-field-text\"\n\t\t\tdata-field-type=\"text\"\n\t\t\tdata-field-id=\"1\"\n\t\t\t>\n\t\t\t<label class=\"wpforms-field-label\" for=\"wpforms-230-field_1\" >Nachname Layout (kopieren)<\/label>\n\t\t\t<input type=\"text\" id=\"wpforms-230-field_1\" class=\"wpforms-field-medium\" name=\"wpforms[fields][1]\" >\n\t\t<\/div>\n\t\t<div id=\"wpforms-230-field_6-container\" class=\"wpforms-field wpforms-field-layout\" data-field-id=\"6\"><div class=\"wpforms-field-layout-columns wpforms-field-layout-preset-50-50\"><div class=\"wpforms-layout-column wpforms-layout-column-50\" ><div id=\"wpforms-230-field_3-container\" class=\"wpforms-field wpforms-field-email\" data-field-id=\"3\"><label class=\"wpforms-field-label\" for=\"wpforms-230-field_3\">E-Mail <span class=\"wpforms-required-label\" aria-hidden=\"true\">*<\/span><\/label><input type=\"email\" id=\"wpforms-230-field_3\" class=\"wpforms-field-large wpforms-field-required\" name=\"wpforms[fields][3]\" spellcheck=\"false\" aria-errormessage=\"wpforms-230-field_3-error\" required><\/div><\/div><div class=\"wpforms-layout-column wpforms-layout-column-50\" ><div id=\"wpforms-230-field_7-container\" class=\"wpforms-field wpforms-field-phone\" data-field-id=\"7\"><label class=\"wpforms-field-label\" for=\"wpforms-230-field_7\">Telefon<\/label><input type=\"tel\" id=\"wpforms-230-field_7\" class=\"wpforms-field-medium wpforms-smart-phone-field\" data-rule-smart-phone-field=\"true\" name=\"wpforms[fields][7]\" aria-label=\"Telefon\" aria-errormessage=\"wpforms-230-field_7-error\" ><\/div><\/div><\/div><\/div><div id=\"wpforms-230-field_4-container\" class=\"wpforms-field wpforms-field-textarea\" data-field-id=\"4\"><label class=\"wpforms-field-label\" for=\"wpforms-230-field_4\">Bemerkung \/ Nachricht<\/label><textarea id=\"wpforms-230-field_4\" class=\"wpforms-field-medium\" name=\"wpforms[fields][4]\" aria-errormessage=\"wpforms-230-field_4-error\" ><\/textarea><\/div><script>\n\t\t\t\t( function() {\n\t\t\t\t\tconst style = document.createElement( 'style' );\n\t\t\t\t\tstyle.appendChild( document.createTextNode( '#wpforms-230-field_1-container { position: absolute !important; overflow: hidden !important; display: inline !important; height: 1px !important; width: 1px !important; z-index: -1000 !important; padding: 0 !important; } #wpforms-230-field_1-container input { visibility: hidden; } #wpforms-conversational-form-page #wpforms-230-field_1-container label { counter-increment: none; }' ) );\n\t\t\t\t\tdocument.head.appendChild( style );\n\t\t\t\t\tdocument.currentScript?.remove();\n\t\t\t\t} )();\n\t\t\t<\/script><\/div><!-- .wpforms-field-container --><div class=\"wpforms-recaptcha-container wpforms-is-recaptcha wpforms-is-recaptcha-type-v3\" ><input type=\"hidden\" name=\"wpforms[recaptcha]\" value=\"\"><\/div><div class=\"wpforms-submit-container\" ><input type=\"hidden\" name=\"wpforms[id]\" value=\"230\"><input type=\"hidden\" name=\"page_title\" value=\"\"><input type=\"hidden\" name=\"page_url\" value=\"https:\/\/swisshandicapdrive.ch\/it\/wp-json\/wp\/v2\/pages\/422\"><input type=\"hidden\" name=\"url_referer\" value=\"\"><button type=\"submit\" name=\"wpforms[submit]\" id=\"wpforms-submit-230\" class=\"wpforms-submit\" data-alt-text=\"Senden\u2026\" data-submit-text=\"Absenden\" aria-live=\"assertive\" value=\"wpforms-submit\">Absenden<\/button><img loading=\"lazy\" decoding=\"async\" src=\"https:\/\/swisshandicapdrive.ch\/wp-content\/plugins\/wpforms\/assets\/images\/submit-spin.svg\" class=\"wpforms-submit-spinner\" style=\"display: none;\" width=\"26\" height=\"26\" alt=\"Caricamento\"><\/div><\/form><\/div>  <!-- .wpforms-container -->[\/vc_column_text][\/vc_column][\/vc_row]<\/p>\n<\/div>","protected":false},"excerpt":{"rendered":"<p>[vc_row][vc_column][vc_custom_heading text=&#8221;Centro di consulenza Handicapdrive Svizzera&#8221; font_container=&#8221;tag:h1|text_align:center&#8221; use_theme_fonts=&#8221;yes&#8221; css=&#8221;.vc_custom_1712209727533{margin-bottom: 60px !important;}&#8221;][vc_column_text font_size=&#8221;21&#8243; line_height=&#8221;26&#8243;]Swiss Handicapdrive gestisce un centro di consulenza che ti guider\u00e0 nell&#8217;intero processo di acquisizione o recupero della mobilit\u00e0 individuale su strada. Spesso non \u00e8 facile orientarsi nella &#8220;giungla&#8221; delle autorit\u00e0, dei moduli e dei chiarimenti, e spesso \u00e8 ancora pi\u00f9 difficile trovare subito la persona giusta da contattare. [&hellip;]<\/p>\n","protected":false},"author":4,"featured_media":0,"parent":0,"menu_order":0,"comment_status":"closed","ping_status":"closed","template":"","meta":{"footnotes":""},"class_list":["post-422","page","type-page","status-publish","hentry"],"yoast_head":"<!-- This site is optimized with the Yoast SEO plugin v25.9 - https:\/\/yoast.com\/wordpress\/plugins\/seo\/ -->\n<title>Centro di consulenza Handicapdrive Svizzera - Swiss Handicapdrive<\/title>\n<meta name=\"robots\" content=\"index, follow, max-snippet:-1, max-image-preview:large, max-video-preview:-1\" \/>\n<link rel=\"canonical\" href=\"https:\/\/swisshandicapdrive.ch\/it\/swiss-handicapdrive-beratungsstelle\/\" \/>\n<meta property=\"og:locale\" content=\"it_IT\" \/>\n<meta property=\"og:type\" content=\"article\" \/>\n<meta property=\"og:title\" content=\"Centro di consulenza Handicapdrive Svizzera - Swiss Handicapdrive\" \/>\n<meta property=\"og:description\" content=\"[vc_row][vc_column][vc_custom_heading text=&#8221;Centro di consulenza Handicapdrive Svizzera&#8221; font_container=&#8221;tag:h1|text_align:center&#8221; use_theme_fonts=&#8221;yes&#8221; css=&#8221;.vc_custom_1712209727533{margin-bottom: 60px !important;}&#8221;][vc_column_text font_size=&#8221;21&#8243; line_height=&#8221;26&#8243;]Swiss Handicapdrive gestisce un centro di consulenza che ti guider\u00e0 nell&#8217;intero processo di acquisizione o recupero della mobilit\u00e0 individuale su strada. Spesso non \u00e8 facile orientarsi nella &#8220;giungla&#8221; delle autorit\u00e0, dei moduli e dei chiarimenti, e spesso \u00e8 ancora pi\u00f9 difficile trovare subito la persona giusta da contattare. [&hellip;]\" \/>\n<meta property=\"og:url\" content=\"https:\/\/swisshandicapdrive.ch\/it\/swiss-handicapdrive-beratungsstelle\/\" \/>\n<meta property=\"og:site_name\" content=\"Swiss Handicapdrive\" \/>\n<meta property=\"article:modified_time\" content=\"2024-12-05T13:10:11+00:00\" \/>\n<meta name=\"twitter:card\" content=\"summary_large_image\" \/>\n<meta name=\"twitter:label1\" content=\"Tempo di lettura stimato\" \/>\n\t<meta name=\"twitter:data1\" content=\"1 minuto\" \/>\n<script type=\"application\/ld+json\" class=\"yoast-schema-graph\">{\"@context\":\"https:\/\/schema.org\",\"@graph\":[{\"@type\":\"WebPage\",\"@id\":\"https:\/\/swisshandicapdrive.ch\/it\/swiss-handicapdrive-beratungsstelle\/\",\"url\":\"https:\/\/swisshandicapdrive.ch\/it\/swiss-handicapdrive-beratungsstelle\/\",\"name\":\"Centro di consulenza Handicapdrive Svizzera - Swiss Handicapdrive\",\"isPartOf\":{\"@id\":\"https:\/\/swisshandicapdrive.ch\/it\/#website\"},\"datePublished\":\"2024-04-04T05:44:52+00:00\",\"dateModified\":\"2024-12-05T13:10:11+00:00\",\"breadcrumb\":{\"@id\":\"https:\/\/swisshandicapdrive.ch\/it\/swiss-handicapdrive-beratungsstelle\/#breadcrumb\"},\"inLanguage\":\"it-IT\",\"potentialAction\":[{\"@type\":\"ReadAction\",\"target\":[\"https:\/\/swisshandicapdrive.ch\/it\/swiss-handicapdrive-beratungsstelle\/\"]}]},{\"@type\":\"BreadcrumbList\",\"@id\":\"https:\/\/swisshandicapdrive.ch\/it\/swiss-handicapdrive-beratungsstelle\/#breadcrumb\",\"itemListElement\":[{\"@type\":\"ListItem\",\"position\":1,\"name\":\"Home\",\"item\":\"https:\/\/swisshandicapdrive.ch\/it\/\"},{\"@type\":\"ListItem\",\"position\":2,\"name\":\"Centro di consulenza Handicapdrive Svizzera\"}]},{\"@type\":\"WebSite\",\"@id\":\"https:\/\/swisshandicapdrive.ch\/it\/#website\",\"url\":\"https:\/\/swisshandicapdrive.ch\/it\/\",\"name\":\"Swiss Handicapdrive\",\"description\":\"\",\"potentialAction\":[{\"@type\":\"SearchAction\",\"target\":{\"@type\":\"EntryPoint\",\"urlTemplate\":\"https:\/\/swisshandicapdrive.ch\/it\/?s={search_term_string}\"},\"query-input\":{\"@type\":\"PropertyValueSpecification\",\"valueRequired\":true,\"valueName\":\"search_term_string\"}}],\"inLanguage\":\"it-IT\"}]}<\/script>\n<!-- \/ Yoast SEO plugin. -->","yoast_head_json":{"title":"Centro di consulenza Handicapdrive Svizzera - Swiss Handicapdrive","robots":{"index":"index","follow":"follow","max-snippet":"max-snippet:-1","max-image-preview":"max-image-preview:large","max-video-preview":"max-video-preview:-1"},"canonical":"https:\/\/swisshandicapdrive.ch\/it\/swiss-handicapdrive-beratungsstelle\/","og_locale":"it_IT","og_type":"article","og_title":"Centro di consulenza Handicapdrive Svizzera - Swiss Handicapdrive","og_description":"[vc_row][vc_column][vc_custom_heading text=&#8221;Centro di consulenza Handicapdrive Svizzera&#8221; font_container=&#8221;tag:h1|text_align:center&#8221; use_theme_fonts=&#8221;yes&#8221; css=&#8221;.vc_custom_1712209727533{margin-bottom: 60px !important;}&#8221;][vc_column_text font_size=&#8221;21&#8243; line_height=&#8221;26&#8243;]Swiss Handicapdrive gestisce un centro di consulenza che ti guider\u00e0 nell&#8217;intero processo di acquisizione o recupero della mobilit\u00e0 individuale su strada. Spesso non \u00e8 facile orientarsi nella &#8220;giungla&#8221; delle autorit\u00e0, dei moduli e dei chiarimenti, e spesso \u00e8 ancora pi\u00f9 difficile trovare subito la persona giusta da contattare. [&hellip;]","og_url":"https:\/\/swisshandicapdrive.ch\/it\/swiss-handicapdrive-beratungsstelle\/","og_site_name":"Swiss Handicapdrive","article_modified_time":"2024-12-05T13:10:11+00:00","twitter_card":"summary_large_image","twitter_misc":{"Tempo di lettura stimato":"1 minuto"},"schema":{"@context":"https:\/\/schema.org","@graph":[{"@type":"WebPage","@id":"https:\/\/swisshandicapdrive.ch\/it\/swiss-handicapdrive-beratungsstelle\/","url":"https:\/\/swisshandicapdrive.ch\/it\/swiss-handicapdrive-beratungsstelle\/","name":"Centro di consulenza Handicapdrive Svizzera - Swiss Handicapdrive","isPartOf":{"@id":"https:\/\/swisshandicapdrive.ch\/it\/#website"},"datePublished":"2024-04-04T05:44:52+00:00","dateModified":"2024-12-05T13:10:11+00:00","breadcrumb":{"@id":"https:\/\/swisshandicapdrive.ch\/it\/swiss-handicapdrive-beratungsstelle\/#breadcrumb"},"inLanguage":"it-IT","potentialAction":[{"@type":"ReadAction","target":["https:\/\/swisshandicapdrive.ch\/it\/swiss-handicapdrive-beratungsstelle\/"]}]},{"@type":"BreadcrumbList","@id":"https:\/\/swisshandicapdrive.ch\/it\/swiss-handicapdrive-beratungsstelle\/#breadcrumb","itemListElement":[{"@type":"ListItem","position":1,"name":"Home","item":"https:\/\/swisshandicapdrive.ch\/it\/"},{"@type":"ListItem","position":2,"name":"Centro di consulenza Handicapdrive Svizzera"}]},{"@type":"WebSite","@id":"https:\/\/swisshandicapdrive.ch\/it\/#website","url":"https:\/\/swisshandicapdrive.ch\/it\/","name":"Swiss Handicapdrive","description":"","potentialAction":[{"@type":"SearchAction","target":{"@type":"EntryPoint","urlTemplate":"https:\/\/swisshandicapdrive.ch\/it\/?s={search_term_string}"},"query-input":{"@type":"PropertyValueSpecification","valueRequired":true,"valueName":"search_term_string"}}],"inLanguage":"it-IT"}]}},"_links":{"self":[{"href":"https:\/\/swisshandicapdrive.ch\/it\/wp-json\/wp\/v2\/pages\/422","targetHints":{"allow":["GET"]}}],"collection":[{"href":"https:\/\/swisshandicapdrive.ch\/it\/wp-json\/wp\/v2\/pages"}],"about":[{"href":"https:\/\/swisshandicapdrive.ch\/it\/wp-json\/wp\/v2\/types\/page"}],"author":[{"embeddable":true,"href":"https:\/\/swisshandicapdrive.ch\/it\/wp-json\/wp\/v2\/users\/4"}],"replies":[{"embeddable":true,"href":"https:\/\/swisshandicapdrive.ch\/it\/wp-json\/wp\/v2\/comments?post=422"}],"version-history":[{"count":7,"href":"https:\/\/swisshandicapdrive.ch\/it\/wp-json\/wp\/v2\/pages\/422\/revisions"}],"predecessor-version":[{"id":632,"href":"https:\/\/swisshandicapdrive.ch\/it\/wp-json\/wp\/v2\/pages\/422\/revisions\/632"}],"wp:attachment":[{"href":"https:\/\/swisshandicapdrive.ch\/it\/wp-json\/wp\/v2\/media?parent=422"}],"curies":[{"name":"wp","href":"https:\/\/api.w.org\/{rel}","templated":true}]}}