{"id":398,"date":"2023-05-08T16:44:20","date_gmt":"2023-05-08T14:44:20","guid":{"rendered":"https:\/\/swisshandicapdrive.ch\/mehr-erfahren\/"},"modified":"2025-02-24T08:11:20","modified_gmt":"2025-02-24T07:11:20","slug":"mehr-erfahren","status":"publish","type":"page","link":"https:\/\/swisshandicapdrive.ch\/it\/mehr-erfahren\/","title":{"rendered":"Mehr erfahren"},"content":{"rendered":"<div class=\"wpb-content-wrapper\"><p>[vc_row][vc_column][vc_custom_heading text=&#8221;Mehr \u00fcber Swiss Handicapdrive erfahren&#8221; font_container=&#8221;tag:h1|text_align:center|color:%23111111&#8243; use_theme_fonts=&#8221;yes&#8221; css=&#8221;&#8221;][\/vc_column][\/vc_row][vc_row][vc_column][vc_column_text]I tempi stanno cambiando rapidamente anche nel trasporto stradale. Oltre all&#8217;aumento della densit\u00e0 del traffico, ci\u00f2 \u00e8 provocato anche dalla crescente interconnessione dei veicoli e delle infrastrutture, nonch\u00e9 dall&#8217;emergere della guida automatizzata. Questo sviluppo ha un impatto anche sulle persone con disabilit\u00e0 che viaggiano nel traffico stradale di tutti i giorni.  <\/p>\n<p>Insieme ai vari esperti di sicurezza stradale, vogliamo diventare una voce competente per le preoccupazioni derivanti da questi cambiamenti nell&#8217;educazione e nella formazione di tutti gli utenti della strada.<\/p>\n<p>A tal fine, stiamo attualmente dialogando con autorit\u00e0, istituzioni, gruppi di interesse ed esperti di varia estrazione e provenienza per poter esporre concretamente le loro preoccupazioni.<\/p>\n<p><strong>Vuoi essere informato su ulteriori sviluppi e saperne di pi\u00f9? Utilizza il modulo sottostante e saremo lieti di tenerti aggiornato. <\/strong>[\/vc_column_text][\/vc_column][\/vc_row][vc_row][vc_column][vc_column_text]<style id=\"wpforms-css-vars-78\">\n\t\t\t\t#wpforms-78 {\n\t\t\t\t\n\t\t\t}\n\t\t\t<\/style><div class=\"wpforms-container wpforms-container-full wpforms-render-modern\" id=\"wpforms-78\"><form id=\"wpforms-form-78\" class=\"wpforms-validate wpforms-form wpforms-ajax-form\" data-formid=\"78\" method=\"post\" enctype=\"multipart\/form-data\" action=\"\/it\/wp-json\/wp\/v2\/pages\/398\" data-token=\"3e571ff03fcf603dd668b0cb0d2bdba8\" data-token-time=\"1777624867\"><noscript class=\"wpforms-error-noscript\">Abilita JavaScript nel browser per completare questo modulo.<\/noscript><div id=\"wpforms-error-noscript\" style=\"display: none;\">Abilita JavaScript nel browser per completare questo modulo.<\/div><div class=\"wpforms-field-container\"><div id=\"wpforms-78-field_5-container\" class=\"wpforms-field wpforms-field-layout\" data-field-id=\"5\"><div class=\"wpforms-field-layout-columns wpforms-field-layout-preset-50-50\"><div class=\"wpforms-layout-column wpforms-layout-column-50\" ><div id=\"wpforms-78-field_1-container\" class=\"wpforms-field wpforms-field-text\" data-field-id=\"1\"><label class=\"wpforms-field-label\" for=\"wpforms-78-field_1\">Vorname <span class=\"wpforms-required-label\" aria-hidden=\"true\">*<\/span><\/label><input type=\"text\" id=\"wpforms-78-field_1\" class=\"wpforms-field-large wpforms-field-required\" name=\"wpforms[fields][1]\" aria-errormessage=\"wpforms-78-field_1-error\" required><\/div><\/div><div class=\"wpforms-layout-column wpforms-layout-column-50\" ><div id=\"wpforms-78-field_2-container\" class=\"wpforms-field wpforms-field-text\" data-field-id=\"2\"><label class=\"wpforms-field-label\" for=\"wpforms-78-field_2\">Nachname <span class=\"wpforms-required-label\" aria-hidden=\"true\">*<\/span><\/label><input type=\"text\" id=\"wpforms-78-field_2\" class=\"wpforms-field-large wpforms-field-required\" name=\"wpforms[fields][2]\" aria-errormessage=\"wpforms-78-field_2-error\" required><\/div><\/div><\/div><\/div>\t\t<div id=\"wpforms-78-field_4-container\"\n\t\t\tclass=\"wpforms-field wpforms-field-text\"\n\t\t\tdata-field-type=\"text\"\n\t\t\tdata-field-id=\"4\"\n\t\t\t>\n\t\t\t<label class=\"wpforms-field-label\" for=\"wpforms-78-field_4\" >Firma m\u00f6chte... Telefon<\/label>\n\t\t\t<input type=\"text\" id=\"wpforms-78-field_4\" class=\"wpforms-field-medium\" name=\"wpforms[fields][4]\" >\n\t\t<\/div>\n\t\t<div id=\"wpforms-78-field_11-container\" class=\"wpforms-field wpforms-field-layout\" data-field-id=\"11\"><div class=\"wpforms-field-layout-columns wpforms-field-layout-preset-50-50\"><div class=\"wpforms-layout-column wpforms-layout-column-50\" ><div id=\"wpforms-78-field_12-container\" class=\"wpforms-field wpforms-field-text\" data-field-id=\"12\"><label class=\"wpforms-field-label\" for=\"wpforms-78-field_12\">Firma<\/label><input type=\"text\" id=\"wpforms-78-field_12\" class=\"wpforms-field-medium\" name=\"wpforms[fields][12]\" aria-errormessage=\"wpforms-78-field_12-error\" ><\/div><\/div><div class=\"wpforms-layout-column wpforms-layout-column-50\" ><div id=\"wpforms-78-field_13-container\" class=\"wpforms-field wpforms-field-text\" data-field-id=\"13\"><label class=\"wpforms-field-label\" for=\"wpforms-78-field_13\">Beruf<\/label><input type=\"text\" id=\"wpforms-78-field_13\" class=\"wpforms-field-medium\" name=\"wpforms[fields][13]\" aria-errormessage=\"wpforms-78-field_13-error\" ><\/div><\/div><\/div><\/div><div id=\"wpforms-78-field_6-container\" class=\"wpforms-field wpforms-field-layout\" data-field-id=\"6\"><div class=\"wpforms-field-layout-columns wpforms-field-layout-preset-50-50\"><div class=\"wpforms-layout-column wpforms-layout-column-50\" ><div id=\"wpforms-78-field_3-container\" class=\"wpforms-field wpforms-field-email\" data-field-id=\"3\"><label class=\"wpforms-field-label\" for=\"wpforms-78-field_3\">E-Mail <span class=\"wpforms-required-label\" aria-hidden=\"true\">*<\/span><\/label><input type=\"email\" id=\"wpforms-78-field_3\" class=\"wpforms-field-large wpforms-field-required\" name=\"wpforms[fields][3]\" spellcheck=\"false\" aria-errormessage=\"wpforms-78-field_3-error\" required><\/div><\/div><div class=\"wpforms-layout-column wpforms-layout-column-50\" ><div id=\"wpforms-78-field_7-container\" class=\"wpforms-field wpforms-field-phone\" data-field-id=\"7\"><label class=\"wpforms-field-label\" for=\"wpforms-78-field_7\">Telefon<\/label><input type=\"tel\" id=\"wpforms-78-field_7\" class=\"wpforms-field-medium wpforms-smart-phone-field\" data-rule-smart-phone-field=\"true\" name=\"wpforms[fields][7]\" aria-label=\"Telefon\" aria-errormessage=\"wpforms-78-field_7-error\" ><\/div><\/div><\/div><\/div><div id=\"wpforms-78-field_8-container\" class=\"wpforms-field wpforms-field-layout\" data-field-id=\"8\"><div class=\"wpforms-field-layout-columns wpforms-field-layout-preset-50-50\"><div class=\"wpforms-layout-column wpforms-layout-column-50\" ><div id=\"wpforms-78-field_9-container\" class=\"wpforms-field wpforms-field-radio\" data-field-id=\"9\"><fieldset><legend class=\"wpforms-field-label\">Ich m\u00f6chte... <span class=\"wpforms-required-label\" aria-hidden=\"true\">*<\/span><\/legend><ul id=\"wpforms-78-field_9\" class=\"wpforms-field-required\"><li class=\"choice-1 depth-1\"><input type=\"radio\" id=\"wpforms-78-field_9_1\" name=\"wpforms[fields][9]\" value=\"informiert bleiben \u00fcber die weitere Entwicklung und News erhalten...\" aria-errormessage=\"wpforms-78-field_9_1-error\" required ><label class=\"wpforms-field-label-inline\" for=\"wpforms-78-field_9_1\">informiert bleiben \u00fcber die weitere Entwicklung und News erhalten...<\/label><\/li><li class=\"choice-2 depth-1\"><input type=\"radio\" id=\"wpforms-78-field_9_2\" name=\"wpforms[fields][9]\" value=\" mich bei Swisshandicapdrive engagieren und diesbez\u00fcglich kontaktiert werden...\" aria-errormessage=\"wpforms-78-field_9_2-error\" required ><label class=\"wpforms-field-label-inline\" for=\"wpforms-78-field_9_2\">mich bei Swisshandicapdrive engagieren und diesbez\u00fcglich kontaktiert werden...<\/label><\/li><li class=\"choice-3 depth-1\"><input type=\"radio\" id=\"wpforms-78-field_9_3\" name=\"wpforms[fields][9]\" value=\"Mitglied werden und diesbez\u00fcglich kontaktiert werden...\" aria-errormessage=\"wpforms-78-field_9_3-error\" required ><label class=\"wpforms-field-label-inline\" for=\"wpforms-78-field_9_3\">Mitglied werden und diesbez\u00fcglich kontaktiert werden...<\/label><\/li><\/ul><\/fieldset><\/div><\/div><div class=\"wpforms-layout-column wpforms-layout-column-50\" ><\/div><\/div><\/div><script>\n\t\t\t\t( function() {\n\t\t\t\t\tconst style = document.createElement( 'style' );\n\t\t\t\t\tstyle.appendChild( document.createTextNode( '#wpforms-78-field_4-container { position: absolute !important; overflow: hidden !important; display: inline !important; height: 1px !important; width: 1px !important; z-index: -1000 !important; padding: 0 !important; } #wpforms-78-field_4-container input { visibility: hidden; } #wpforms-conversational-form-page #wpforms-78-field_4-container label { counter-increment: none; }' ) );\n\t\t\t\t\tdocument.head.appendChild( style );\n\t\t\t\t\tdocument.currentScript?.remove();\n\t\t\t\t} )();\n\t\t\t<\/script><\/div><!-- .wpforms-field-container --><div class=\"wpforms-recaptcha-container wpforms-is-recaptcha wpforms-is-recaptcha-type-v3\" ><input type=\"hidden\" name=\"wpforms[recaptcha]\" value=\"\"><\/div><div class=\"wpforms-submit-container\" ><input type=\"hidden\" name=\"wpforms[id]\" value=\"78\"><input type=\"hidden\" name=\"page_title\" value=\"\"><input type=\"hidden\" name=\"page_url\" value=\"https:\/\/swisshandicapdrive.ch\/it\/wp-json\/wp\/v2\/pages\/398\"><input type=\"hidden\" name=\"url_referer\" value=\"\"><button type=\"submit\" name=\"wpforms[submit]\" id=\"wpforms-submit-78\" class=\"wpforms-submit\" data-alt-text=\"Senden\u2026\" data-submit-text=\"Absenden\" aria-live=\"assertive\" value=\"wpforms-submit\">Absenden<\/button><img loading=\"lazy\" decoding=\"async\" src=\"https:\/\/swisshandicapdrive.ch\/wp-content\/plugins\/wpforms\/assets\/images\/submit-spin.svg\" class=\"wpforms-submit-spinner\" style=\"display: none;\" width=\"26\" height=\"26\" alt=\"Caricamento\"><\/div><\/form><\/div>  <!-- .wpforms-container -->[\/vc_column_text][\/vc_column][\/vc_row]<\/p>\n<\/div>","protected":false},"excerpt":{"rendered":"<p>[vc_row][vc_column][vc_custom_heading text=&#8221;Mehr \u00fcber Swiss Handicapdrive erfahren&#8221; font_container=&#8221;tag:h1|text_align:center|color:%23111111&#8243; use_theme_fonts=&#8221;yes&#8221; css=&#8221;&#8221;][\/vc_column][\/vc_row][vc_row][vc_column][vc_column_text]I tempi stanno cambiando rapidamente anche nel trasporto stradale. Oltre all&#8217;aumento della densit\u00e0 del traffico, ci\u00f2 \u00e8 provocato anche dalla crescente interconnessione dei veicoli e delle infrastrutture, nonch\u00e9 dall&#8217;emergere della guida automatizzata. Questo sviluppo ha un impatto anche sulle persone con disabilit\u00e0 che viaggiano nel traffico stradale di tutti i giorni. Insieme [&hellip;]<\/p>\n","protected":false},"author":4,"featured_media":0,"parent":0,"menu_order":0,"comment_status":"closed","ping_status":"closed","template":"","meta":{"footnotes":""},"class_list":["post-398","page","type-page","status-publish","hentry"],"yoast_head":"<!-- This site is optimized with the Yoast SEO plugin v25.9 - https:\/\/yoast.com\/wordpress\/plugins\/seo\/ -->\n<title>Mehr erfahren - Swiss Handicapdrive<\/title>\n<meta name=\"robots\" content=\"index, follow, max-snippet:-1, max-image-preview:large, max-video-preview:-1\" \/>\n<link rel=\"canonical\" href=\"https:\/\/swisshandicapdrive.ch\/it\/mehr-erfahren\/\" \/>\n<meta property=\"og:locale\" content=\"it_IT\" \/>\n<meta property=\"og:type\" content=\"article\" \/>\n<meta property=\"og:title\" content=\"Mehr erfahren - Swiss Handicapdrive\" \/>\n<meta property=\"og:description\" content=\"[vc_row][vc_column][vc_custom_heading text=&#8221;Mehr \u00fcber Swiss Handicapdrive erfahren&#8221; font_container=&#8221;tag:h1|text_align:center|color:%23111111&#8243; use_theme_fonts=&#8221;yes&#8221; css=&#8221;&#8221;][\/vc_column][\/vc_row][vc_row][vc_column][vc_column_text]I tempi stanno cambiando rapidamente anche nel trasporto stradale. Oltre all&#8217;aumento della densit\u00e0 del traffico, ci\u00f2 \u00e8 provocato anche dalla crescente interconnessione dei veicoli e delle infrastrutture, nonch\u00e9 dall&#8217;emergere della guida automatizzata. Questo sviluppo ha un impatto anche sulle persone con disabilit\u00e0 che viaggiano nel traffico stradale di tutti i giorni. Insieme [&hellip;]\" \/>\n<meta property=\"og:url\" content=\"https:\/\/swisshandicapdrive.ch\/it\/mehr-erfahren\/\" \/>\n<meta property=\"og:site_name\" content=\"Swiss Handicapdrive\" \/>\n<meta property=\"article:modified_time\" content=\"2025-02-24T07:11:20+00:00\" \/>\n<meta name=\"twitter:card\" content=\"summary_large_image\" \/>\n<meta name=\"twitter:label1\" content=\"Tempo di lettura stimato\" \/>\n\t<meta name=\"twitter:data1\" content=\"1 minuto\" \/>\n<script type=\"application\/ld+json\" class=\"yoast-schema-graph\">{\"@context\":\"https:\/\/schema.org\",\"@graph\":[{\"@type\":\"WebPage\",\"@id\":\"https:\/\/swisshandicapdrive.ch\/it\/mehr-erfahren\/\",\"url\":\"https:\/\/swisshandicapdrive.ch\/it\/mehr-erfahren\/\",\"name\":\"Mehr erfahren - Swiss Handicapdrive\",\"isPartOf\":{\"@id\":\"https:\/\/swisshandicapdrive.ch\/it\/#website\"},\"datePublished\":\"2023-05-08T14:44:20+00:00\",\"dateModified\":\"2025-02-24T07:11:20+00:00\",\"breadcrumb\":{\"@id\":\"https:\/\/swisshandicapdrive.ch\/it\/mehr-erfahren\/#breadcrumb\"},\"inLanguage\":\"it-IT\",\"potentialAction\":[{\"@type\":\"ReadAction\",\"target\":[\"https:\/\/swisshandicapdrive.ch\/it\/mehr-erfahren\/\"]}]},{\"@type\":\"BreadcrumbList\",\"@id\":\"https:\/\/swisshandicapdrive.ch\/it\/mehr-erfahren\/#breadcrumb\",\"itemListElement\":[{\"@type\":\"ListItem\",\"position\":1,\"name\":\"Home\",\"item\":\"https:\/\/swisshandicapdrive.ch\/it\/\"},{\"@type\":\"ListItem\",\"position\":2,\"name\":\"Mehr erfahren\"}]},{\"@type\":\"WebSite\",\"@id\":\"https:\/\/swisshandicapdrive.ch\/it\/#website\",\"url\":\"https:\/\/swisshandicapdrive.ch\/it\/\",\"name\":\"Swiss Handicapdrive\",\"description\":\"\",\"potentialAction\":[{\"@type\":\"SearchAction\",\"target\":{\"@type\":\"EntryPoint\",\"urlTemplate\":\"https:\/\/swisshandicapdrive.ch\/it\/?s={search_term_string}\"},\"query-input\":{\"@type\":\"PropertyValueSpecification\",\"valueRequired\":true,\"valueName\":\"search_term_string\"}}],\"inLanguage\":\"it-IT\"}]}<\/script>\n<!-- \/ Yoast SEO plugin. -->","yoast_head_json":{"title":"Mehr erfahren - Swiss Handicapdrive","robots":{"index":"index","follow":"follow","max-snippet":"max-snippet:-1","max-image-preview":"max-image-preview:large","max-video-preview":"max-video-preview:-1"},"canonical":"https:\/\/swisshandicapdrive.ch\/it\/mehr-erfahren\/","og_locale":"it_IT","og_type":"article","og_title":"Mehr erfahren - Swiss Handicapdrive","og_description":"[vc_row][vc_column][vc_custom_heading text=&#8221;Mehr \u00fcber Swiss Handicapdrive erfahren&#8221; font_container=&#8221;tag:h1|text_align:center|color:%23111111&#8243; use_theme_fonts=&#8221;yes&#8221; css=&#8221;&#8221;][\/vc_column][\/vc_row][vc_row][vc_column][vc_column_text]I tempi stanno cambiando rapidamente anche nel trasporto stradale. Oltre all&#8217;aumento della densit\u00e0 del traffico, ci\u00f2 \u00e8 provocato anche dalla crescente interconnessione dei veicoli e delle infrastrutture, nonch\u00e9 dall&#8217;emergere della guida automatizzata. Questo sviluppo ha un impatto anche sulle persone con disabilit\u00e0 che viaggiano nel traffico stradale di tutti i giorni. Insieme [&hellip;]","og_url":"https:\/\/swisshandicapdrive.ch\/it\/mehr-erfahren\/","og_site_name":"Swiss Handicapdrive","article_modified_time":"2025-02-24T07:11:20+00:00","twitter_card":"summary_large_image","twitter_misc":{"Tempo di lettura stimato":"1 minuto"},"schema":{"@context":"https:\/\/schema.org","@graph":[{"@type":"WebPage","@id":"https:\/\/swisshandicapdrive.ch\/it\/mehr-erfahren\/","url":"https:\/\/swisshandicapdrive.ch\/it\/mehr-erfahren\/","name":"Mehr erfahren - Swiss Handicapdrive","isPartOf":{"@id":"https:\/\/swisshandicapdrive.ch\/it\/#website"},"datePublished":"2023-05-08T14:44:20+00:00","dateModified":"2025-02-24T07:11:20+00:00","breadcrumb":{"@id":"https:\/\/swisshandicapdrive.ch\/it\/mehr-erfahren\/#breadcrumb"},"inLanguage":"it-IT","potentialAction":[{"@type":"ReadAction","target":["https:\/\/swisshandicapdrive.ch\/it\/mehr-erfahren\/"]}]},{"@type":"BreadcrumbList","@id":"https:\/\/swisshandicapdrive.ch\/it\/mehr-erfahren\/#breadcrumb","itemListElement":[{"@type":"ListItem","position":1,"name":"Home","item":"https:\/\/swisshandicapdrive.ch\/it\/"},{"@type":"ListItem","position":2,"name":"Mehr erfahren"}]},{"@type":"WebSite","@id":"https:\/\/swisshandicapdrive.ch\/it\/#website","url":"https:\/\/swisshandicapdrive.ch\/it\/","name":"Swiss Handicapdrive","description":"","potentialAction":[{"@type":"SearchAction","target":{"@type":"EntryPoint","urlTemplate":"https:\/\/swisshandicapdrive.ch\/it\/?s={search_term_string}"},"query-input":{"@type":"PropertyValueSpecification","valueRequired":true,"valueName":"search_term_string"}}],"inLanguage":"it-IT"}]}},"_links":{"self":[{"href":"https:\/\/swisshandicapdrive.ch\/it\/wp-json\/wp\/v2\/pages\/398","targetHints":{"allow":["GET"]}}],"collection":[{"href":"https:\/\/swisshandicapdrive.ch\/it\/wp-json\/wp\/v2\/pages"}],"about":[{"href":"https:\/\/swisshandicapdrive.ch\/it\/wp-json\/wp\/v2\/types\/page"}],"author":[{"embeddable":true,"href":"https:\/\/swisshandicapdrive.ch\/it\/wp-json\/wp\/v2\/users\/4"}],"replies":[{"embeddable":true,"href":"https:\/\/swisshandicapdrive.ch\/it\/wp-json\/wp\/v2\/comments?post=398"}],"version-history":[{"count":3,"href":"https:\/\/swisshandicapdrive.ch\/it\/wp-json\/wp\/v2\/pages\/398\/revisions"}],"predecessor-version":[{"id":805,"href":"https:\/\/swisshandicapdrive.ch\/it\/wp-json\/wp\/v2\/pages\/398\/revisions\/805"}],"wp:attachment":[{"href":"https:\/\/swisshandicapdrive.ch\/it\/wp-json\/wp\/v2\/media?parent=398"}],"curies":[{"name":"wp","href":"https:\/\/api.w.org\/{rel}","templated":true}]}}