{"id":387,"date":"2023-01-19T20:33:07","date_gmt":"2023-01-19T19:33:07","guid":{"rendered":"https:\/\/swisshandicapdrive.ch\/home\/"},"modified":"2024-12-19T15:57:23","modified_gmt":"2024-12-19T14:57:23","slug":"home","status":"publish","type":"page","link":"https:\/\/swisshandicapdrive.ch\/it\/","title":{"rendered":"Casa"},"content":{"rendered":"<div class=\"wpb-content-wrapper\"><p>[vc_row full_height=&#8221;yes&#8221; text_color=&#8221;#ffffff&#8221; type=&#8221;image&#8221; bg_gradient=&#8221;yes&#8221; bg_position=&#8221;center&#8221; bg_position_horizontal=&#8221;center&#8221; enable_parallax=&#8221;false&#8221; bg_image=&#8221;25&#8243;][vc_column][vc_row_inner][vc_column_inner][\/vc_column_inner][\/vc_row_inner][vc_custom_heading text=&#8221;Benvenuti a Swiss Handicapdrive&#8221; font_container=&#8221;tag:h1|font_size:60|text_align:center|color:%23ffffff|line_height:1%2C1&#8243; use_theme_fonts=&#8221;yes&#8221; css=&#8221;.vc_custom_1684324357764{padding-bottom: 25px !important;}&#8221;][vc_column_text]<\/p>\n<h2 style=\"text-align: center;\">Il nostro obiettivo principale \u00e8 la sicurezza sulla strada. Il nostro approccio consiste nell&#8217;aiutare gli utenti della strada con disabilit\u00e0 a raggiungere questo obiettivo. <\/h2>\n<h2 style=\"text-align: center;\">Questo \u00e8 il significato di Swiss Handicapdrive.<\/h2>\n<p>[\/vc_column_text][vc_row_inner][vc_column_inner]<div class=\"text-center\"><a class=\"btn ss-bottom-margin btn-highlight style2 btn-xxl\" href=\"https:\/\/swisshandicapdrive.ch\/swiss-handicapdrive-coach-finden\/\">Handicapdrive Coach Trova<\/a><\/div><div class=\"text-center\"><a class=\"btn ss-bottom-margin btn-highlight style2 btn-xxl\" href=\"https:\/\/swisshandicapdrive.ch\/mitgliederbetriebe\/\">Trova un convertitore di veicoli<\/a><\/div><div class=\"text-center\"><a class=\"btn ss-bottom-margin btn-highlight style2 btn-xxl\" href=\"https:\/\/swisshandicapdrive.ch\/swiss-handicapdrive-beratungsstelle\/\">Centro di consulenza<\/a><\/div>[\/vc_column_inner][\/vc_row_inner][\/vc_column][\/vc_row]<\/p>\n<\/div>","protected":false},"excerpt":{"rendered":"<p>[vc_row full_height=&#8221;yes&#8221; text_color=&#8221;#ffffff&#8221; type=&#8221;image&#8221; bg_gradient=&#8221;yes&#8221; bg_position=&#8221;center&#8221; bg_position_horizontal=&#8221;center&#8221; enable_parallax=&#8221;false&#8221; bg_image=&#8221;25&#8243;][vc_column][vc_row_inner][vc_column_inner][\/vc_column_inner][\/vc_row_inner][vc_custom_heading text=&#8221;Benvenuti a Swiss Handicapdrive&#8221; font_container=&#8221;tag:h1|font_size:60|text_align:center|color:%23ffffff|line_height:1%2C1&#8243; use_theme_fonts=&#8221;yes&#8221; css=&#8221;.vc_custom_1684324357764{padding-bottom: 25px !important;}&#8221;][vc_column_text] Il nostro obiettivo principale \u00e8 la sicurezza sulla strada. Il nostro approccio consiste nell&#8217;aiutare gli utenti della strada con disabilit\u00e0 a raggiungere questo obiettivo. Questo \u00e8 il significato di Swiss Handicapdrive. [\/vc_column_text][vc_row_inner][vc_column_inner][\/vc_column_inner][\/vc_row_inner][\/vc_column][\/vc_row]<\/p>\n","protected":false},"author":1,"featured_media":0,"parent":0,"menu_order":0,"comment_status":"closed","ping_status":"closed","template":"","meta":{"footnotes":""},"class_list":["post-387","page","type-page","status-publish","hentry"],"yoast_head":"<!-- This site is optimized with the Yoast SEO plugin v25.9 - https:\/\/yoast.com\/wordpress\/plugins\/seo\/ -->\n<title>Casa - Swiss Handicapdrive<\/title>\n<meta name=\"robots\" content=\"index, follow, max-snippet:-1, max-image-preview:large, max-video-preview:-1\" \/>\n<link rel=\"canonical\" href=\"https:\/\/swisshandicapdrive.ch\/it\/\" \/>\n<meta property=\"og:locale\" content=\"it_IT\" \/>\n<meta property=\"og:type\" content=\"article\" \/>\n<meta property=\"og:title\" content=\"Casa - Swiss Handicapdrive\" \/>\n<meta property=\"og:description\" content=\"[vc_row full_height=&#8221;yes&#8221; text_color=&#8221;#ffffff&#8221; type=&#8221;image&#8221; bg_gradient=&#8221;yes&#8221; bg_position=&#8221;center&#8221; bg_position_horizontal=&#8221;center&#8221; enable_parallax=&#8221;false&#8221; bg_image=&#8221;25&#8243;][vc_column][vc_row_inner][vc_column_inner][\/vc_column_inner][\/vc_row_inner][vc_custom_heading text=&#8221;Benvenuti a Swiss Handicapdrive&#8221; font_container=&#8221;tag:h1|font_size:60|text_align:center|color:%23ffffff|line_height:1%2C1&#8243; use_theme_fonts=&#8221;yes&#8221; css=&#8221;.vc_custom_1684324357764{padding-bottom: 25px !important;}&#8221;][vc_column_text] Il nostro obiettivo principale \u00e8 la sicurezza sulla strada. Il nostro approccio consiste nell&#8217;aiutare gli utenti della strada con disabilit\u00e0 a raggiungere questo obiettivo. Questo \u00e8 il significato di Swiss Handicapdrive. [\/vc_column_text][vc_row_inner][vc_column_inner][\/vc_column_inner][\/vc_row_inner][\/vc_column][\/vc_row]\" \/>\n<meta property=\"og:url\" content=\"https:\/\/swisshandicapdrive.ch\/it\/\" \/>\n<meta property=\"og:site_name\" content=\"Swiss Handicapdrive\" \/>\n<meta property=\"article:modified_time\" content=\"2024-12-19T14:57:23+00:00\" \/>\n<meta name=\"twitter:card\" content=\"summary_large_image\" \/>\n<meta name=\"twitter:label1\" content=\"Tempo di lettura stimato\" \/>\n\t<meta name=\"twitter:data1\" content=\"1 minuto\" \/>\n<script type=\"application\/ld+json\" class=\"yoast-schema-graph\">{\"@context\":\"https:\/\/schema.org\",\"@graph\":[{\"@type\":\"WebPage\",\"@id\":\"https:\/\/swisshandicapdrive.ch\/it\/\",\"url\":\"https:\/\/swisshandicapdrive.ch\/it\/\",\"name\":\"Casa - Swiss Handicapdrive\",\"isPartOf\":{\"@id\":\"https:\/\/swisshandicapdrive.ch\/it\/#website\"},\"datePublished\":\"2023-01-19T19:33:07+00:00\",\"dateModified\":\"2024-12-19T14:57:23+00:00\",\"breadcrumb\":{\"@id\":\"https:\/\/swisshandicapdrive.ch\/it\/#breadcrumb\"},\"inLanguage\":\"it-IT\",\"potentialAction\":[{\"@type\":\"ReadAction\",\"target\":[\"https:\/\/swisshandicapdrive.ch\/it\/\"]}]},{\"@type\":\"BreadcrumbList\",\"@id\":\"https:\/\/swisshandicapdrive.ch\/it\/#breadcrumb\",\"itemListElement\":[{\"@type\":\"ListItem\",\"position\":1,\"name\":\"Home\",\"item\":\"https:\/\/swisshandicapdrive.ch\/it\/\"},{\"@type\":\"ListItem\",\"position\":2,\"name\":\"Casa\"}]},{\"@type\":\"WebSite\",\"@id\":\"https:\/\/swisshandicapdrive.ch\/it\/#website\",\"url\":\"https:\/\/swisshandicapdrive.ch\/it\/\",\"name\":\"Swiss Handicapdrive\",\"description\":\"\",\"potentialAction\":[{\"@type\":\"SearchAction\",\"target\":{\"@type\":\"EntryPoint\",\"urlTemplate\":\"https:\/\/swisshandicapdrive.ch\/it\/?s={search_term_string}\"},\"query-input\":{\"@type\":\"PropertyValueSpecification\",\"valueRequired\":true,\"valueName\":\"search_term_string\"}}],\"inLanguage\":\"it-IT\"}]}<\/script>\n<!-- \/ Yoast SEO plugin. -->","yoast_head_json":{"title":"Casa - Swiss Handicapdrive","robots":{"index":"index","follow":"follow","max-snippet":"max-snippet:-1","max-image-preview":"max-image-preview:large","max-video-preview":"max-video-preview:-1"},"canonical":"https:\/\/swisshandicapdrive.ch\/it\/","og_locale":"it_IT","og_type":"article","og_title":"Casa - Swiss Handicapdrive","og_description":"[vc_row full_height=&#8221;yes&#8221; text_color=&#8221;#ffffff&#8221; type=&#8221;image&#8221; bg_gradient=&#8221;yes&#8221; bg_position=&#8221;center&#8221; bg_position_horizontal=&#8221;center&#8221; enable_parallax=&#8221;false&#8221; bg_image=&#8221;25&#8243;][vc_column][vc_row_inner][vc_column_inner][\/vc_column_inner][\/vc_row_inner][vc_custom_heading text=&#8221;Benvenuti a Swiss Handicapdrive&#8221; font_container=&#8221;tag:h1|font_size:60|text_align:center|color:%23ffffff|line_height:1%2C1&#8243; use_theme_fonts=&#8221;yes&#8221; css=&#8221;.vc_custom_1684324357764{padding-bottom: 25px !important;}&#8221;][vc_column_text] Il nostro obiettivo principale \u00e8 la sicurezza sulla strada. Il nostro approccio consiste nell&#8217;aiutare gli utenti della strada con disabilit\u00e0 a raggiungere questo obiettivo. Questo \u00e8 il significato di Swiss Handicapdrive. [\/vc_column_text][vc_row_inner][vc_column_inner][\/vc_column_inner][\/vc_row_inner][\/vc_column][\/vc_row]","og_url":"https:\/\/swisshandicapdrive.ch\/it\/","og_site_name":"Swiss Handicapdrive","article_modified_time":"2024-12-19T14:57:23+00:00","twitter_card":"summary_large_image","twitter_misc":{"Tempo di lettura stimato":"1 minuto"},"schema":{"@context":"https:\/\/schema.org","@graph":[{"@type":"WebPage","@id":"https:\/\/swisshandicapdrive.ch\/it\/","url":"https:\/\/swisshandicapdrive.ch\/it\/","name":"Casa - Swiss Handicapdrive","isPartOf":{"@id":"https:\/\/swisshandicapdrive.ch\/it\/#website"},"datePublished":"2023-01-19T19:33:07+00:00","dateModified":"2024-12-19T14:57:23+00:00","breadcrumb":{"@id":"https:\/\/swisshandicapdrive.ch\/it\/#breadcrumb"},"inLanguage":"it-IT","potentialAction":[{"@type":"ReadAction","target":["https:\/\/swisshandicapdrive.ch\/it\/"]}]},{"@type":"BreadcrumbList","@id":"https:\/\/swisshandicapdrive.ch\/it\/#breadcrumb","itemListElement":[{"@type":"ListItem","position":1,"name":"Home","item":"https:\/\/swisshandicapdrive.ch\/it\/"},{"@type":"ListItem","position":2,"name":"Casa"}]},{"@type":"WebSite","@id":"https:\/\/swisshandicapdrive.ch\/it\/#website","url":"https:\/\/swisshandicapdrive.ch\/it\/","name":"Swiss Handicapdrive","description":"","potentialAction":[{"@type":"SearchAction","target":{"@type":"EntryPoint","urlTemplate":"https:\/\/swisshandicapdrive.ch\/it\/?s={search_term_string}"},"query-input":{"@type":"PropertyValueSpecification","valueRequired":true,"valueName":"search_term_string"}}],"inLanguage":"it-IT"}]}},"_links":{"self":[{"href":"https:\/\/swisshandicapdrive.ch\/it\/wp-json\/wp\/v2\/pages\/387","targetHints":{"allow":["GET"]}}],"collection":[{"href":"https:\/\/swisshandicapdrive.ch\/it\/wp-json\/wp\/v2\/pages"}],"about":[{"href":"https:\/\/swisshandicapdrive.ch\/it\/wp-json\/wp\/v2\/types\/page"}],"author":[{"embeddable":true,"href":"https:\/\/swisshandicapdrive.ch\/it\/wp-json\/wp\/v2\/users\/1"}],"replies":[{"embeddable":true,"href":"https:\/\/swisshandicapdrive.ch\/it\/wp-json\/wp\/v2\/comments?post=387"}],"version-history":[{"count":14,"href":"https:\/\/swisshandicapdrive.ch\/it\/wp-json\/wp\/v2\/pages\/387\/revisions"}],"predecessor-version":[{"id":742,"href":"https:\/\/swisshandicapdrive.ch\/it\/wp-json\/wp\/v2\/pages\/387\/revisions\/742"}],"wp:attachment":[{"href":"https:\/\/swisshandicapdrive.ch\/it\/wp-json\/wp\/v2\/media?parent=387"}],"curies":[{"name":"wp","href":"https:\/\/api.w.org\/{rel}","templated":true}]}}