{"id":682,"date":"2024-12-16T14:46:10","date_gmt":"2024-12-16T13:46:10","guid":{"rendered":"https:\/\/swisshandicapdrive.ch\/?page_id=682"},"modified":"2024-12-16T16:48:05","modified_gmt":"2024-12-16T15:48:05","slug":"formations-de-coach-handicapdrive","status":"publish","type":"page","link":"https:\/\/swisshandicapdrive.ch\/fr\/formations-de-coach-handicapdrive\/","title":{"rendered":"Reconnaissance en tant que Handicapdrive Coach"},"content":{"rendered":"<div class=\"wpb-content-wrapper\"><p>[vc_row][vc_column][vc_custom_heading text=\u00a0\u00bbReconnaissance en tant que Handicapdrive Coach\u00a0\u00bb font_container=\u00a0\u00bbtag:h1|text_align:center|color:%23111111&Prime; use_theme_fonts=\u00a0\u00bbyes\u00a0\u00bb css=\u00a0\u00bb\u00a0\u00bb]<div class=\"text-center\"><a class=\"btn btn-custom btn-lg\" href=\"https:\/\/form.jotform.com\/243423260348351\" target=\"_blank\" style=\"background-color: #367BB7;color: #FFFFFF;\">Les moniteurs de conduite int\u00e9ress\u00e9s peuvent s&#039;inscrire ici<\/a><\/div>[vc_column_text css=\u00a0\u00bb.vc_custom_1734357651590{margin-top: 60px !important;}\u00a0\u00bb font_size=\u00a0\u00bb21px\u00a0\u00bb line_height=\u00a0\u00bb26&Prime;]Swiss Handicapdrive g\u00e8re, entre autres, un <a href=\"https:\/\/swisshandicapdrive.ch\/fr\/handicapdrive-coach-finden\/\">r\u00e9pertoire national<\/a> d&rsquo;auto-\u00e9coles sp\u00e9cialis\u00e9es dans l&rsquo;accueil des personnes handicap\u00e9es.<\/p>\n<p>&nbsp;<\/p>\n<p>Vous souhaitez \u00e9galement figurer dans cet annuaire en tant que Handicapdrive Coach? Remplissez le <a href=\"https:\/\/form.jotform.com\/243423260348351\" target=\"_blank\" rel=\"noopener\">formulaire<\/a>. Une fois que les sp\u00e9cialistes de Swiss Handicapdrive auront v\u00e9rifi\u00e9 vos comp\u00e9tences, vous apparaitrez dans cet annuaire en tant que Handicapdrive Coach. Les comp\u00e9tences examin\u00e9es sont notamment vos formations sp\u00e9cifiques sur le sujet, vos approches de formation et vos exp\u00e9riences.   <\/p>\n<p>&nbsp;<\/p>\n<p>Swiss Handicapdrive est en contact permanent avec les offices de la circulation routi\u00e8re, les centres de r\u00e9\u00e9ducation, diverses associations de personnes handicap\u00e9es, etc. afin d&rsquo;accompagner les personnes handicap\u00e9es dans le processus de (re)conqu\u00eate de la mobilit\u00e9 individuelle. Dans le cadre de ce processus, il est \u00e9vident que des formateurs sp\u00e9cialis\u00e9s sont n\u00e9cessaires. Nous recommandons exclusivement Handicapdrive Coaches.<\/p>\n<p>&nbsp;<\/p>\n<p>Le r\u00e9f\u00e9rencement dans cet annuaire est gratuit pendant 1 an \u00e0 compter de sa mise en ligne. A partir de la deuxi\u00e8me ann\u00e9e, il faut \u00eatre membre de Swissdrive et de Swiss Handicapdrive pour figurer dans cet annuaire en tant que Handicapdrive Coach. Vous pouvez devenir membre de Swissdrive <a href=\"https:\/\/swissdrive.ch\/mitglied-werden\/\" target=\"_blank\" rel=\"noopener\">ici<\/a>. Veuillez indiquer dans le champ \u00ab\u00a0Remarque\u00a0\u00bb que vous souhaitez \u00e9galement devenir membre de Swiss Handicapdrive.   <\/p>\n<p>&nbsp;<\/p>\n<p>Pour toute question ou discussion sur le sujet, n&rsquo;h\u00e9sitez pas \u00e0 nous contacter \u00e0 l&rsquo;adresse <a href=\"mailto:info@swisshandicapdrive.ch\">info@swisshandicapdrive.ch<\/a>.[\/vc_column_text][\/vc_column][\/vc_row]<\/p>\n<\/div>","protected":false},"excerpt":{"rendered":"<p>[vc_row][vc_column][vc_custom_heading text=\u00a0\u00bbReconnaissance en tant que Handicapdrive Coach\u00a0\u00bb font_container=\u00a0\u00bbtag:h1|text_align:center|color:%23111111&Prime; use_theme_fonts=\u00a0\u00bbyes\u00a0\u00bb css=\u00a0\u00bb\u00a0\u00bb][vc_column_text css=\u00a0\u00bb.vc_custom_1734357651590{margin-top: 60px !important;}\u00a0\u00bb font_size=\u00a0\u00bb21px\u00a0\u00bb line_height=\u00a0\u00bb26&Prime;]Swiss Handicapdrive g\u00e8re, entre autres, un r\u00e9pertoire national d&rsquo;auto-\u00e9coles sp\u00e9cialis\u00e9es dans l&rsquo;accueil des personnes handicap\u00e9es. &nbsp; Vous souhaitez \u00e9galement figurer dans cet annuaire en tant que Handicapdrive Coach? Remplissez le formulaire. Une fois que les sp\u00e9cialistes de Swiss Handicapdrive auront v\u00e9rifi\u00e9 vos comp\u00e9tences, vous apparaitrez dans [&hellip;]<\/p>\n","protected":false},"author":4,"featured_media":0,"parent":0,"menu_order":0,"comment_status":"closed","ping_status":"closed","template":"","meta":{"footnotes":""},"class_list":["post-682","page","type-page","status-publish","hentry"],"yoast_head":"<!-- This site is optimized with the Yoast SEO plugin v25.9 - https:\/\/yoast.com\/wordpress\/plugins\/seo\/ -->\n<title>Reconnaissance en tant que Handicapdrive Coach - Swiss Handicapdrive<\/title>\n<meta name=\"robots\" content=\"index, follow, max-snippet:-1, max-image-preview:large, max-video-preview:-1\" \/>\n<link rel=\"canonical\" href=\"https:\/\/swisshandicapdrive.ch\/fr\/formations-de-coach-handicapdrive\/\" \/>\n<meta property=\"og:locale\" content=\"fr_FR\" \/>\n<meta property=\"og:type\" content=\"article\" \/>\n<meta property=\"og:title\" content=\"Reconnaissance en tant que Handicapdrive Coach - Swiss Handicapdrive\" \/>\n<meta property=\"og:description\" content=\"[vc_row][vc_column][vc_custom_heading text=\u00a0\u00bbReconnaissance en tant que Handicapdrive Coach\u00a0\u00bb font_container=\u00a0\u00bbtag:h1|text_align:center|color:%23111111&Prime; use_theme_fonts=\u00a0\u00bbyes\u00a0\u00bb css=\u00a0\u00bb\u00a0\u00bb][vc_column_text css=\u00a0\u00bb.vc_custom_1734357651590{margin-top: 60px !important;}\u00a0\u00bb font_size=\u00a0\u00bb21px\u00a0\u00bb line_height=\u00a0\u00bb26&Prime;]Swiss Handicapdrive g\u00e8re, entre autres, un r\u00e9pertoire national d&rsquo;auto-\u00e9coles sp\u00e9cialis\u00e9es dans l&rsquo;accueil des personnes handicap\u00e9es. &nbsp; Vous souhaitez \u00e9galement figurer dans cet annuaire en tant que Handicapdrive Coach? Remplissez le formulaire. Une fois que les sp\u00e9cialistes de Swiss Handicapdrive auront v\u00e9rifi\u00e9 vos comp\u00e9tences, vous apparaitrez dans [&hellip;]\" \/>\n<meta property=\"og:url\" content=\"https:\/\/swisshandicapdrive.ch\/fr\/formations-de-coach-handicapdrive\/\" \/>\n<meta property=\"og:site_name\" content=\"Swiss Handicapdrive\" \/>\n<meta property=\"article:modified_time\" content=\"2024-12-16T15:48:05+00:00\" \/>\n<meta name=\"twitter:card\" content=\"summary_large_image\" \/>\n<meta name=\"twitter:label1\" content=\"Dur\u00e9e de lecture estim\u00e9e\" \/>\n\t<meta name=\"twitter:data1\" content=\"2 minutes\" \/>\n<script type=\"application\/ld+json\" class=\"yoast-schema-graph\">{\"@context\":\"https:\/\/schema.org\",\"@graph\":[{\"@type\":\"WebPage\",\"@id\":\"https:\/\/swisshandicapdrive.ch\/fr\/formations-de-coach-handicapdrive\/\",\"url\":\"https:\/\/swisshandicapdrive.ch\/fr\/formations-de-coach-handicapdrive\/\",\"name\":\"Reconnaissance en tant que Handicapdrive Coach - Swiss Handicapdrive\",\"isPartOf\":{\"@id\":\"https:\/\/swisshandicapdrive.ch\/fr\/#website\"},\"datePublished\":\"2024-12-16T13:46:10+00:00\",\"dateModified\":\"2024-12-16T15:48:05+00:00\",\"breadcrumb\":{\"@id\":\"https:\/\/swisshandicapdrive.ch\/fr\/formations-de-coach-handicapdrive\/#breadcrumb\"},\"inLanguage\":\"fr-FR\",\"potentialAction\":[{\"@type\":\"ReadAction\",\"target\":[\"https:\/\/swisshandicapdrive.ch\/fr\/formations-de-coach-handicapdrive\/\"]}]},{\"@type\":\"BreadcrumbList\",\"@id\":\"https:\/\/swisshandicapdrive.ch\/fr\/formations-de-coach-handicapdrive\/#breadcrumb\",\"itemListElement\":[{\"@type\":\"ListItem\",\"position\":1,\"name\":\"Home\",\"item\":\"https:\/\/swisshandicapdrive.ch\/fr\/\"},{\"@type\":\"ListItem\",\"position\":2,\"name\":\"Reconnaissance en tant que Handicapdrive Coach\"}]},{\"@type\":\"WebSite\",\"@id\":\"https:\/\/swisshandicapdrive.ch\/fr\/#website\",\"url\":\"https:\/\/swisshandicapdrive.ch\/fr\/\",\"name\":\"Swiss Handicapdrive\",\"description\":\"\",\"potentialAction\":[{\"@type\":\"SearchAction\",\"target\":{\"@type\":\"EntryPoint\",\"urlTemplate\":\"https:\/\/swisshandicapdrive.ch\/fr\/?s={search_term_string}\"},\"query-input\":{\"@type\":\"PropertyValueSpecification\",\"valueRequired\":true,\"valueName\":\"search_term_string\"}}],\"inLanguage\":\"fr-FR\"}]}<\/script>\n<!-- \/ Yoast SEO plugin. -->","yoast_head_json":{"title":"Reconnaissance en tant que Handicapdrive Coach - Swiss Handicapdrive","robots":{"index":"index","follow":"follow","max-snippet":"max-snippet:-1","max-image-preview":"max-image-preview:large","max-video-preview":"max-video-preview:-1"},"canonical":"https:\/\/swisshandicapdrive.ch\/fr\/formations-de-coach-handicapdrive\/","og_locale":"fr_FR","og_type":"article","og_title":"Reconnaissance en tant que Handicapdrive Coach - Swiss Handicapdrive","og_description":"[vc_row][vc_column][vc_custom_heading text=\u00a0\u00bbReconnaissance en tant que Handicapdrive Coach\u00a0\u00bb font_container=\u00a0\u00bbtag:h1|text_align:center|color:%23111111&Prime; use_theme_fonts=\u00a0\u00bbyes\u00a0\u00bb css=\u00a0\u00bb\u00a0\u00bb][vc_column_text css=\u00a0\u00bb.vc_custom_1734357651590{margin-top: 60px !important;}\u00a0\u00bb font_size=\u00a0\u00bb21px\u00a0\u00bb line_height=\u00a0\u00bb26&Prime;]Swiss Handicapdrive g\u00e8re, entre autres, un r\u00e9pertoire national d&rsquo;auto-\u00e9coles sp\u00e9cialis\u00e9es dans l&rsquo;accueil des personnes handicap\u00e9es. &nbsp; Vous souhaitez \u00e9galement figurer dans cet annuaire en tant que Handicapdrive Coach? Remplissez le formulaire. Une fois que les sp\u00e9cialistes de Swiss Handicapdrive auront v\u00e9rifi\u00e9 vos comp\u00e9tences, vous apparaitrez dans [&hellip;]","og_url":"https:\/\/swisshandicapdrive.ch\/fr\/formations-de-coach-handicapdrive\/","og_site_name":"Swiss Handicapdrive","article_modified_time":"2024-12-16T15:48:05+00:00","twitter_card":"summary_large_image","twitter_misc":{"Dur\u00e9e de lecture estim\u00e9e":"2 minutes"},"schema":{"@context":"https:\/\/schema.org","@graph":[{"@type":"WebPage","@id":"https:\/\/swisshandicapdrive.ch\/fr\/formations-de-coach-handicapdrive\/","url":"https:\/\/swisshandicapdrive.ch\/fr\/formations-de-coach-handicapdrive\/","name":"Reconnaissance en tant que Handicapdrive Coach - Swiss Handicapdrive","isPartOf":{"@id":"https:\/\/swisshandicapdrive.ch\/fr\/#website"},"datePublished":"2024-12-16T13:46:10+00:00","dateModified":"2024-12-16T15:48:05+00:00","breadcrumb":{"@id":"https:\/\/swisshandicapdrive.ch\/fr\/formations-de-coach-handicapdrive\/#breadcrumb"},"inLanguage":"fr-FR","potentialAction":[{"@type":"ReadAction","target":["https:\/\/swisshandicapdrive.ch\/fr\/formations-de-coach-handicapdrive\/"]}]},{"@type":"BreadcrumbList","@id":"https:\/\/swisshandicapdrive.ch\/fr\/formations-de-coach-handicapdrive\/#breadcrumb","itemListElement":[{"@type":"ListItem","position":1,"name":"Home","item":"https:\/\/swisshandicapdrive.ch\/fr\/"},{"@type":"ListItem","position":2,"name":"Reconnaissance en tant que Handicapdrive Coach"}]},{"@type":"WebSite","@id":"https:\/\/swisshandicapdrive.ch\/fr\/#website","url":"https:\/\/swisshandicapdrive.ch\/fr\/","name":"Swiss Handicapdrive","description":"","potentialAction":[{"@type":"SearchAction","target":{"@type":"EntryPoint","urlTemplate":"https:\/\/swisshandicapdrive.ch\/fr\/?s={search_term_string}"},"query-input":{"@type":"PropertyValueSpecification","valueRequired":true,"valueName":"search_term_string"}}],"inLanguage":"fr-FR"}]}},"_links":{"self":[{"href":"https:\/\/swisshandicapdrive.ch\/fr\/wp-json\/wp\/v2\/pages\/682","targetHints":{"allow":["GET"]}}],"collection":[{"href":"https:\/\/swisshandicapdrive.ch\/fr\/wp-json\/wp\/v2\/pages"}],"about":[{"href":"https:\/\/swisshandicapdrive.ch\/fr\/wp-json\/wp\/v2\/types\/page"}],"author":[{"embeddable":true,"href":"https:\/\/swisshandicapdrive.ch\/fr\/wp-json\/wp\/v2\/users\/4"}],"replies":[{"embeddable":true,"href":"https:\/\/swisshandicapdrive.ch\/fr\/wp-json\/wp\/v2\/comments?post=682"}],"version-history":[{"count":11,"href":"https:\/\/swisshandicapdrive.ch\/fr\/wp-json\/wp\/v2\/pages\/682\/revisions"}],"predecessor-version":[{"id":737,"href":"https:\/\/swisshandicapdrive.ch\/fr\/wp-json\/wp\/v2\/pages\/682\/revisions\/737"}],"wp:attachment":[{"href":"https:\/\/swisshandicapdrive.ch\/fr\/wp-json\/wp\/v2\/media?parent=682"}],"curies":[{"name":"wp","href":"https:\/\/api.w.org\/{rel}","templated":true}]}}