{"id":451,"date":"2023-05-08T16:43:48","date_gmt":"2023-05-08T14:43:48","guid":{"rendered":"https:\/\/swisshandicapdrive.ch\/wer-wir-sind\/"},"modified":"2025-02-10T16:51:18","modified_gmt":"2025-02-10T15:51:18","slug":"wer-wir-sind","status":"publish","type":"page","link":"https:\/\/swisshandicapdrive.ch\/fr\/wer-wir-sind\/","title":{"rendered":"Qui sommes-nous ?"},"content":{"rendered":"<div class=\"wpb-content-wrapper\"><p>[vc_row][vc_column][vc_custom_heading text=\u00a0\u00bbSwiss Handicapdrive &#8211; qui sommes-nous ?\u00a0\u00bb font_container=\u00a0\u00bbtag:h1|text_align:center|color:%23111111&Prime; use_theme_fonts=\u00a0\u00bbyes\u00a0\u00bb css=\u00a0\u00bb\u00a0\u00bb][\/vc_column][\/vc_row][vc_row][vc_column][vc_column_text css=\u00a0\u00bb\u00a0\u00bb font_size=\u00a0\u00bb21px\u00a0\u00bb line_height=\u00a0\u00bb1.4em\u00a0\u00bb]Swiss Handicapdrive est une organisation ind\u00e9pendante qui s&rsquo;engage pour la s\u00e9curit\u00e9 routi\u00e8re des personnes handicap\u00e9es. L&rsquo;accent est mis d&rsquo;une part sur la formation et le perfectionnement et d&rsquo;autre part sur l&rsquo;adaptation des moyens de transport aux besoins de ces usagers. <\/p>\n<p>Les personnes handicap\u00e9es sont souvent confront\u00e9es \u00e0 divers obstacles pour (re)trouver leurs capacit\u00e9s dans la circulation routi\u00e8re. Que ce soit au niveau de la formation et\/ou du perfectionnement, des d\u00e9marches administratives et institutionnelles ou encore de l&rsquo;adaptation des moyens de transport \u00e0 leurs besoins individuels. De plus, ils sont confront\u00e9s \u00e0 la num\u00e9risation et \u00e0 l&rsquo;automatisation croissantes du monde des transports, ce qui pr\u00e9sente \u00e0 la fois de grands avantages et des d\u00e9fis.  <\/p>\n<p>Swiss Handicapdrive apporte son aide sur ces sujets et, en tant qu&rsquo;association d&rsquo;am\u00e9nageurs de v\u00e9hicules, de formateurs \u00e0 la conduite* et d&rsquo;autres sp\u00e9cialistes de l&rsquo;assistance \u00e0 la conduite pour les personnes handicap\u00e9es, soutient les usagers de la route face aux d\u00e9fis qui se posent dans ces domaines.<\/p>\n<p>Swiss Handicapdrive est une association associ\u00e9e de <a href=\"https:\/\/swissdrive.ch\/\" target=\"_blank\" rel=\"noopener\">Swissdrive<\/a>. La complexit\u00e9 croissante de l&rsquo;environnement routier dans son ensemble implique que la r\u00e9solution des probl\u00e8mes peut de moins en moins \u00eatre abord\u00e9e d&rsquo;un seul point de vue. L&rsquo;approche de Swissdrive est donc de rassembler les points de vue des automobilistes, des cyclistes, des pi\u00e9tons, des psychologues de la circulation, de la m\u00e9decine, des fabricants de syst\u00e8mes de transport autonomes et de toutes les parties prenantes qui auront une influence sur la circulation \u00e0 l&rsquo;avenir. Sur la base de ces connaissances, Swissdrive vise \u00e0 cr\u00e9er un cadre optimal pour l&rsquo;\u00e9ducation routi\u00e8re et \u00e0 renforcer les comp\u00e9tences des usagers de la route. Pour tous les usagers de la route, quels que soient leurs besoins.[\/vc_column_text][\/vc_column][\/vc_row]<\/p>\n<\/div>","protected":false},"excerpt":{"rendered":"<p>[vc_row][vc_column][vc_custom_heading text=\u00a0\u00bbSwiss Handicapdrive &#8211; qui sommes-nous ?\u00a0\u00bb font_container=\u00a0\u00bbtag:h1|text_align:center|color:%23111111&Prime; use_theme_fonts=\u00a0\u00bbyes\u00a0\u00bb css=\u00a0\u00bb\u00a0\u00bb][\/vc_column][\/vc_row][vc_row][vc_column][vc_column_text css=\u00a0\u00bb\u00a0\u00bb font_size=\u00a0\u00bb21px\u00a0\u00bb line_height=\u00a0\u00bb1.4em\u00a0\u00bb]Swiss Handicapdrive est une organisation ind\u00e9pendante qui s&rsquo;engage pour la s\u00e9curit\u00e9 routi\u00e8re des personnes handicap\u00e9es. L&rsquo;accent est mis d&rsquo;une part sur la formation et le perfectionnement et d&rsquo;autre part sur l&rsquo;adaptation des moyens de transport aux besoins de ces usagers. Les personnes handicap\u00e9es sont souvent confront\u00e9es \u00e0 divers [&hellip;]<\/p>\n","protected":false},"author":4,"featured_media":0,"parent":0,"menu_order":0,"comment_status":"closed","ping_status":"closed","template":"","meta":{"footnotes":""},"class_list":["post-451","page","type-page","status-publish","hentry"],"yoast_head":"<!-- This site is optimized with the Yoast SEO plugin v25.9 - https:\/\/yoast.com\/wordpress\/plugins\/seo\/ -->\n<title>Qui sommes-nous ? - Swiss Handicapdrive<\/title>\n<meta name=\"robots\" content=\"index, follow, max-snippet:-1, max-image-preview:large, max-video-preview:-1\" \/>\n<link rel=\"canonical\" href=\"https:\/\/swisshandicapdrive.ch\/fr\/wer-wir-sind\/\" \/>\n<meta property=\"og:locale\" content=\"fr_FR\" \/>\n<meta property=\"og:type\" content=\"article\" \/>\n<meta property=\"og:title\" content=\"Qui sommes-nous ? - Swiss Handicapdrive\" \/>\n<meta property=\"og:description\" content=\"[vc_row][vc_column][vc_custom_heading text=\u00a0\u00bbSwiss Handicapdrive &#8211; qui sommes-nous ?\u00a0\u00bb font_container=\u00a0\u00bbtag:h1|text_align:center|color:%23111111&Prime; use_theme_fonts=\u00a0\u00bbyes\u00a0\u00bb css=\u00a0\u00bb\u00a0\u00bb][\/vc_column][\/vc_row][vc_row][vc_column][vc_column_text css=\u00a0\u00bb\u00a0\u00bb font_size=\u00a0\u00bb21px\u00a0\u00bb line_height=\u00a0\u00bb1.4em\u00a0\u00bb]Swiss Handicapdrive est une organisation ind\u00e9pendante qui s&rsquo;engage pour la s\u00e9curit\u00e9 routi\u00e8re des personnes handicap\u00e9es. L&rsquo;accent est mis d&rsquo;une part sur la formation et le perfectionnement et d&rsquo;autre part sur l&rsquo;adaptation des moyens de transport aux besoins de ces usagers. Les personnes handicap\u00e9es sont souvent confront\u00e9es \u00e0 divers [&hellip;]\" \/>\n<meta property=\"og:url\" content=\"https:\/\/swisshandicapdrive.ch\/fr\/wer-wir-sind\/\" \/>\n<meta property=\"og:site_name\" content=\"Swiss Handicapdrive\" \/>\n<meta property=\"article:modified_time\" content=\"2025-02-10T15:51:18+00:00\" \/>\n<meta name=\"twitter:card\" content=\"summary_large_image\" \/>\n<meta name=\"twitter:label1\" content=\"Dur\u00e9e de lecture estim\u00e9e\" \/>\n\t<meta name=\"twitter:data1\" content=\"2 minutes\" \/>\n<script type=\"application\/ld+json\" class=\"yoast-schema-graph\">{\"@context\":\"https:\/\/schema.org\",\"@graph\":[{\"@type\":\"WebPage\",\"@id\":\"https:\/\/swisshandicapdrive.ch\/fr\/wer-wir-sind\/\",\"url\":\"https:\/\/swisshandicapdrive.ch\/fr\/wer-wir-sind\/\",\"name\":\"Qui sommes-nous ? - Swiss Handicapdrive\",\"isPartOf\":{\"@id\":\"https:\/\/swisshandicapdrive.ch\/fr\/#website\"},\"datePublished\":\"2023-05-08T14:43:48+00:00\",\"dateModified\":\"2025-02-10T15:51:18+00:00\",\"breadcrumb\":{\"@id\":\"https:\/\/swisshandicapdrive.ch\/fr\/wer-wir-sind\/#breadcrumb\"},\"inLanguage\":\"fr-FR\",\"potentialAction\":[{\"@type\":\"ReadAction\",\"target\":[\"https:\/\/swisshandicapdrive.ch\/fr\/wer-wir-sind\/\"]}]},{\"@type\":\"BreadcrumbList\",\"@id\":\"https:\/\/swisshandicapdrive.ch\/fr\/wer-wir-sind\/#breadcrumb\",\"itemListElement\":[{\"@type\":\"ListItem\",\"position\":1,\"name\":\"Home\",\"item\":\"https:\/\/swisshandicapdrive.ch\/fr\/\"},{\"@type\":\"ListItem\",\"position\":2,\"name\":\"Qui sommes-nous ?\"}]},{\"@type\":\"WebSite\",\"@id\":\"https:\/\/swisshandicapdrive.ch\/fr\/#website\",\"url\":\"https:\/\/swisshandicapdrive.ch\/fr\/\",\"name\":\"Swiss Handicapdrive\",\"description\":\"\",\"potentialAction\":[{\"@type\":\"SearchAction\",\"target\":{\"@type\":\"EntryPoint\",\"urlTemplate\":\"https:\/\/swisshandicapdrive.ch\/fr\/?s={search_term_string}\"},\"query-input\":{\"@type\":\"PropertyValueSpecification\",\"valueRequired\":true,\"valueName\":\"search_term_string\"}}],\"inLanguage\":\"fr-FR\"}]}<\/script>\n<!-- \/ Yoast SEO plugin. -->","yoast_head_json":{"title":"Qui sommes-nous ? - Swiss Handicapdrive","robots":{"index":"index","follow":"follow","max-snippet":"max-snippet:-1","max-image-preview":"max-image-preview:large","max-video-preview":"max-video-preview:-1"},"canonical":"https:\/\/swisshandicapdrive.ch\/fr\/wer-wir-sind\/","og_locale":"fr_FR","og_type":"article","og_title":"Qui sommes-nous ? - Swiss Handicapdrive","og_description":"[vc_row][vc_column][vc_custom_heading text=\u00a0\u00bbSwiss Handicapdrive &#8211; qui sommes-nous ?\u00a0\u00bb font_container=\u00a0\u00bbtag:h1|text_align:center|color:%23111111&Prime; use_theme_fonts=\u00a0\u00bbyes\u00a0\u00bb css=\u00a0\u00bb\u00a0\u00bb][\/vc_column][\/vc_row][vc_row][vc_column][vc_column_text css=\u00a0\u00bb\u00a0\u00bb font_size=\u00a0\u00bb21px\u00a0\u00bb line_height=\u00a0\u00bb1.4em\u00a0\u00bb]Swiss Handicapdrive est une organisation ind\u00e9pendante qui s&rsquo;engage pour la s\u00e9curit\u00e9 routi\u00e8re des personnes handicap\u00e9es. L&rsquo;accent est mis d&rsquo;une part sur la formation et le perfectionnement et d&rsquo;autre part sur l&rsquo;adaptation des moyens de transport aux besoins de ces usagers. Les personnes handicap\u00e9es sont souvent confront\u00e9es \u00e0 divers [&hellip;]","og_url":"https:\/\/swisshandicapdrive.ch\/fr\/wer-wir-sind\/","og_site_name":"Swiss Handicapdrive","article_modified_time":"2025-02-10T15:51:18+00:00","twitter_card":"summary_large_image","twitter_misc":{"Dur\u00e9e de lecture estim\u00e9e":"2 minutes"},"schema":{"@context":"https:\/\/schema.org","@graph":[{"@type":"WebPage","@id":"https:\/\/swisshandicapdrive.ch\/fr\/wer-wir-sind\/","url":"https:\/\/swisshandicapdrive.ch\/fr\/wer-wir-sind\/","name":"Qui sommes-nous ? - Swiss Handicapdrive","isPartOf":{"@id":"https:\/\/swisshandicapdrive.ch\/fr\/#website"},"datePublished":"2023-05-08T14:43:48+00:00","dateModified":"2025-02-10T15:51:18+00:00","breadcrumb":{"@id":"https:\/\/swisshandicapdrive.ch\/fr\/wer-wir-sind\/#breadcrumb"},"inLanguage":"fr-FR","potentialAction":[{"@type":"ReadAction","target":["https:\/\/swisshandicapdrive.ch\/fr\/wer-wir-sind\/"]}]},{"@type":"BreadcrumbList","@id":"https:\/\/swisshandicapdrive.ch\/fr\/wer-wir-sind\/#breadcrumb","itemListElement":[{"@type":"ListItem","position":1,"name":"Home","item":"https:\/\/swisshandicapdrive.ch\/fr\/"},{"@type":"ListItem","position":2,"name":"Qui sommes-nous ?"}]},{"@type":"WebSite","@id":"https:\/\/swisshandicapdrive.ch\/fr\/#website","url":"https:\/\/swisshandicapdrive.ch\/fr\/","name":"Swiss Handicapdrive","description":"","potentialAction":[{"@type":"SearchAction","target":{"@type":"EntryPoint","urlTemplate":"https:\/\/swisshandicapdrive.ch\/fr\/?s={search_term_string}"},"query-input":{"@type":"PropertyValueSpecification","valueRequired":true,"valueName":"search_term_string"}}],"inLanguage":"fr-FR"}]}},"_links":{"self":[{"href":"https:\/\/swisshandicapdrive.ch\/fr\/wp-json\/wp\/v2\/pages\/451","targetHints":{"allow":["GET"]}}],"collection":[{"href":"https:\/\/swisshandicapdrive.ch\/fr\/wp-json\/wp\/v2\/pages"}],"about":[{"href":"https:\/\/swisshandicapdrive.ch\/fr\/wp-json\/wp\/v2\/types\/page"}],"author":[{"embeddable":true,"href":"https:\/\/swisshandicapdrive.ch\/fr\/wp-json\/wp\/v2\/users\/4"}],"replies":[{"embeddable":true,"href":"https:\/\/swisshandicapdrive.ch\/fr\/wp-json\/wp\/v2\/comments?post=451"}],"version-history":[{"count":7,"href":"https:\/\/swisshandicapdrive.ch\/fr\/wp-json\/wp\/v2\/pages\/451\/revisions"}],"predecessor-version":[{"id":796,"href":"https:\/\/swisshandicapdrive.ch\/fr\/wp-json\/wp\/v2\/pages\/451\/revisions\/796"}],"wp:attachment":[{"href":"https:\/\/swisshandicapdrive.ch\/fr\/wp-json\/wp\/v2\/media?parent=451"}],"curies":[{"name":"wp","href":"https:\/\/api.w.org\/{rel}","templated":true}]}}