{"id":445,"date":"2023-05-10T13:15:21","date_gmt":"2023-05-10T11:15:21","guid":{"rendered":"https:\/\/swisshandicapdrive.ch\/vorstand\/"},"modified":"2025-09-13T08:50:15","modified_gmt":"2025-09-13T06:50:15","slug":"vorstand","status":"publish","type":"page","link":"https:\/\/swisshandicapdrive.ch\/fr\/vorstand\/","title":{"rendered":"Conseil d&rsquo;administration"},"content":{"rendered":"<div class=\"wpb-content-wrapper\"><p>[vc_row][vc_column][vc_custom_heading text=\u00a0\u00bbPr\u00e9sidence\u00a0\u00bb font_container=\u00a0\u00bbtag:h1|text_align:center|color:%23111111&Prime; use_theme_fonts=\u00a0\u00bbyes\u00a0\u00bb css=\u00a0\u00bb\u00a0\u00bb][\/vc_column][\/vc_row][vc_row][vc_column width=\u00a0\u00bb1\/3&Prime;][vc_single_image image=\u00a0\u00bb168&Prime; img_size=\u00a0\u00bbfull\u00a0\u00bb][vc_column_text]<\/p>\n<h3 style=\"text-align: center;\">Jasmin Rechsteiner<\/h3>\n<p style=\"text-align: center;\">Pr\u00e9sidente<\/p>\n<p style=\"text-align: center;\"><a href=\"mailto:jasmin.rechsteiner@swisshandicapdrive.ch\" target=\"_blank\" rel=\"noopener noreferrer\" data-auth=\"NotApplicable\" data-safelink=\"true\" data-linkindex=\"0\">jasmin.rechsteiner@swisshandicapdrive.ch<\/a><\/p>\n<p>[\/vc_column_text][\/vc_column][vc_column width=\u00a0\u00bb2\/3&Prime;][vc_column_text css=\u00a0\u00bb.vc_custom_1713771193979{margin-top: 60px !important;}\u00a0\u00bb]<a href=\"https:\/\/www.jasmin-rechsteiner.ch\/\" target=\"_blank\" rel=\"noopener\">www.jasmin-rechsteiner.ch<\/a><\/p>\n<p>En tant qu&rsquo;ambassadrice des personnes handicap\u00e9es et conductrice de longue date avec des handicaps, je comprends le besoin de mobilit\u00e9 autonome et les d\u00e9fis qui y sont li\u00e9s. Je sais \u00e9galement \u00e0 quel point il est important que les usagers de la route* handicap\u00e9s b\u00e9n\u00e9ficient d&rsquo;un soutien complet, qu&rsquo;il s&rsquo;agisse de conseils comp\u00e9tents sur l&rsquo;achat ou la transformation d&rsquo;une voiture, de d\u00e9marches administratives ou d&rsquo;une participation s\u00fbre et autonome \u00e0 la circulation routi\u00e8re. <\/p>\n<p>Je suis tr\u00e8s heureuse que Swiss Handicapdrive joue ce r\u00f4le important dans la promotion de la s\u00e9curit\u00e9 routi\u00e8re pour les personnes handicap\u00e9es. Swiss Handicapdrive s&rsquo;engage activement \u00e0 d\u00e9velopper des solutions innovantes et globales et \u00e0 am\u00e9liorer la mobilit\u00e9 et l&rsquo;autonomie des personnes handicap\u00e9es &#8211; une cause \u00e0 laquelle j&rsquo;accorde la plus haute priorit\u00e9 en tant que pr\u00e9sidente de Swiss Handicapdrive. <\/p>\n<p>La capacit\u00e9 \u00e0 conduire de mani\u00e8re autonome est essentielle pour de nombreuses personnes, car elle leur conf\u00e8re ind\u00e9pendance et flexibilit\u00e9 et leur permet d&rsquo;acc\u00e9der \u00e0 diff\u00e9rents domaines de la vie, ind\u00e9pendamment de leur situation personnelle.[\/vc_column_text][\/vc_column][\/vc_row][vc_row][vc_column][vc_custom_heading text=\u00a0\u00bbComit\u00e9 directeur de Swiss Handicapdrive Formation\u00a0\u00bb font_container=\u00a0\u00bbtag:h2|text_align:center|color:%23111111&Prime; use_theme_fonts=\u00a0\u00bbyes\u00a0\u00bb css=\u00a0\u00bb\u00a0\u00bb][\/vc_column][\/vc_row][vc_row][vc_column width=\u00a0\u00bb1\/3&Prime;][vc_column_text css=\u00a0\u00bb.vc_custom_1757746036606{margin-bottom: 40px !important;}\u00a0\u00bb]<\/p>\n<h3 style=\"text-align: center;\"><strong>Jean-Pierre Koch<\/strong><\/h3>\n<p style=\"text-align: center;\">Pr\u00e9sident<\/p>\n<p style=\"text-align: center;\"><a href=\"mailto:jean-pierre.koch@swisshandicapdrive.ch\">jean-pierre.koch@swisshandicapdrive.ch<\/a><\/p>\n<p>[\/vc_column_text][\/vc_column][vc_column width=\u00a0\u00bb1\/3&Prime;][vc_column_text css=\u00a0\u00bb.vc_custom_1712661629202{margin-bottom: 40px !important;}\u00a0\u00bb]<\/p>\n<h3 style=\"text-align: center;\"><strong>Riccardo Pfister<\/strong><\/h3>\n<p style=\"text-align: center;\">Vice-pr\u00e9sident<\/p>\n<p style=\"text-align: center;\"><a href=\"mailto:riccardo.pfister@swisshandicapdrive.ch\" target=\"_blank\" rel=\"noopener noreferrer\" data-auth=\"NotApplicable\" data-safelink=\"true\" data-linkindex=\"0\">riccardo.pfister@swisshandicapdrive.ch<\/a><\/p>\n<p>[\/vc_column_text][\/vc_column][vc_column width=\u00a0\u00bb1\/3&Prime;][vc_column_text css=\u00a0\u00bb.vc_custom_1712661633695{margin-bottom: 40px !important;}\u00a0\u00bb]<\/p>\n<h3 style=\"text-align: center;\"><strong>Silvio Hunkeler<\/strong><\/h3>\n<p style=\"text-align: center;\">Conseil sp\u00e9cialis\u00e9<\/p>\n<p style=\"text-align: center;\"><a href=\"mailto:silvio.hunkeler@swisshandicapdrive.ch\" target=\"_blank\" rel=\"noopener noreferrer\" data-auth=\"NotApplicable\" data-safelink=\"true\" data-linkindex=\"0\">silvio.hunkeler@swisshandicapdrive.ch<\/a><\/p>\n<p>[\/vc_column_text][\/vc_column][\/vc_row][vc_row][vc_column width=\u00a0\u00bb1\/3&Prime;][vc_column_text css=\u00a0\u00bb.vc_custom_1712661638307{margin-bottom: 40px !important;}\u00a0\u00bb]<\/p>\n<h3 style=\"text-align: center;\"><strong>Nicole H\u00e4usler<\/strong><\/h3>\n<p style=\"text-align: center;\">Relations publiques<\/p>\n<p style=\"text-align: center;\"><a href=\"mailto:nicole.haeusler@swisshandicapdrive.ch\" target=\"_blank\" rel=\"noopener noreferrer\" data-auth=\"NotApplicable\" data-safelink=\"true\" data-linkindex=\"0\">nicole.haeusler@swisshandicapdrive.ch<\/a><\/p>\n<p>[\/vc_column_text][\/vc_column][vc_column width=\u00a0\u00bb1\/3&Prime;][vc_column_text css=\u00a0\u00bb.vc_custom_1712661642822{margin-bottom: 40px !important;}\u00a0\u00bb]<\/p>\n<h3 style=\"text-align: center;\"><strong>Daniel Menzi<\/strong><\/h3>\n<p style=\"text-align: center;\">Directeur de la communication et du d\u00e9veloppement<\/p>\n<p style=\"text-align: center;\"><a href=\"mailto:daniel.menzi@swisshandicapdrive.ch\" target=\"_blank\" rel=\"noopener noreferrer\" data-auth=\"NotApplicable\" data-safelink=\"true\" data-linkindex=\"0\">daniel.menzi@swisshandicapdrive.ch<\/a><\/p>\n<p>[\/vc_column_text][\/vc_column][vc_column width=\u00a0\u00bb1\/3&Prime;][\/vc_column][\/vc_row][vc_row][vc_column][vc_custom_heading text=\u00a0\u00bbComit\u00e9 directeur de Swiss Handicapdrive Technique\u00a0\u00bb font_container=\u00a0\u00bbtag:h2|text_align:center|color:%23111111&Prime; use_theme_fonts=\u00a0\u00bbyes\u00a0\u00bb css=\u00a0\u00bb\u00a0\u00bb][\/vc_column][\/vc_row][vc_row][vc_column width=\u00a0\u00bb1\/3&Prime;][vc_column_text css=\u00a0\u00bb.vc_custom_1712661662031{margin-bottom: 40px !important;}\u00a0\u00bb]<\/p>\n<h3 style=\"text-align: center;\"><strong>Thomas Wildberger<\/strong><\/h3>\n<p style=\"text-align: center;\">Co-pr\u00e9sident<\/p>\n<p style=\"text-align: center;\"><a href=\"mailto:thomas.wildberger@swisshandicapdrive.ch\" target=\"_blank\" rel=\"noopener noreferrer\" data-auth=\"NotApplicable\" data-safelink=\"true\" data-linkindex=\"0\">thomas.wildberger@swisshandicapdrive.ch<\/a><\/p>\n<p>[\/vc_column_text][\/vc_column][vc_column width=\u00a0\u00bb1\/3&Prime;][vc_column_text css=\u00a0\u00bb.vc_custom_1712661665383{margin-bottom: 40px !important;}\u00a0\u00bb]<\/p>\n<h3 style=\"text-align: center;\"><strong>Georg Wildberger<\/strong><\/h3>\n<p style=\"text-align: center;\">Co-pr\u00e9sident<\/p>\n<p style=\"text-align: center;\"><a href=\"mailto:georg.wildberger@swisshandicapdrive.ch\" target=\"_blank\" rel=\"noopener noreferrer\" data-auth=\"NotApplicable\" data-safelink=\"true\" data-linkindex=\"0\">georg.wildberger@swisshandicapdrive.ch<\/a><\/p>\n<p>[\/vc_column_text][\/vc_column][\/vc_row][vc_row][vc_column width=\u00a0\u00bb1\/3&Prime;][vc_column_text css=\u00a0\u00bb.vc_custom_1712661673453{margin-bottom: 40px !important;}\u00a0\u00bb]<\/p>\n<h3 style=\"text-align: center;\"><strong>Andr\u00e9 Schwaller<\/strong><\/h3>\n<p style=\"text-align: center;\">Actuaire<\/p>\n<p style=\"text-align: center;\"><a href=\"mailto:andre.schwaller@swisshandicapdrive.ch\" target=\"_blank\" rel=\"noopener noreferrer\" data-auth=\"NotApplicable\" data-safelink=\"true\" data-linkindex=\"0\">andre.schwaller@swisshandicapdrive.ch<\/a><\/p>\n<p>[\/vc_column_text][\/vc_column][vc_column width=\u00a0\u00bb1\/3&Prime;][vc_column_text css=\u00a0\u00bb.vc_custom_1712726782359{margin-bottom: 40px !important;}\u00a0\u00bb]<\/p>\n<h3 style=\"text-align: center;\"><strong>Pascal D\u00e4twyler<\/strong><\/h3>\n<p style=\"text-align: center;\">R\u00e9viseur<\/p>\n<p style=\"text-align: center;\"><a href=\"mailto:pascal.daetwyler@swisshandicapdrive.ch\" target=\"_blank\" rel=\"noopener noreferrer\" data-auth=\"NotApplicable\" data-safelink=\"true\" data-linkindex=\"0\">pascal.daetwyler@swisshandicapdrive.ch<\/a><\/p>\n<p>[\/vc_column_text][\/vc_column][vc_column width=\u00a0\u00bb1\/3&Prime;][vc_column_text css=\u00a0\u00bb.vc_custom_1712661680863{margin-bottom: 40px !important;}\u00a0\u00bb]<\/p>\n<h3 style=\"text-align: center;\"><strong>Daniel Menzi<\/strong><\/h3>\n<p style=\"text-align: center;\">Directeur de la communication et du d\u00e9veloppement<\/p>\n<p style=\"text-align: center;\"><a href=\"mailto:daniel.menzi@swisshandicapdrive.ch\" target=\"_blank\" rel=\"noopener noreferrer\" data-auth=\"NotApplicable\" data-safelink=\"true\" data-linkindex=\"0\">daniel.menzi@swisshandicapdrive.ch<\/a><\/p>\n<p>[\/vc_column_text][\/vc_column][\/vc_row]<\/p>\n<\/div>","protected":false},"excerpt":{"rendered":"<p>[vc_row][vc_column][vc_custom_heading text=\u00a0\u00bbPr\u00e9sidence\u00a0\u00bb font_container=\u00a0\u00bbtag:h1|text_align:center|color:%23111111&Prime; use_theme_fonts=\u00a0\u00bbyes\u00a0\u00bb css=\u00a0\u00bb\u00a0\u00bb][\/vc_column][\/vc_row][vc_row][vc_column width=\u00a0\u00bb1\/3&Prime;][vc_single_image image=\u00a0\u00bb168&Prime; img_size=\u00a0\u00bbfull\u00a0\u00bb][vc_column_text] Jasmin Rechsteiner Pr\u00e9sidente jasmin.rechsteiner@swisshandicapdrive.ch [\/vc_column_text][\/vc_column][vc_column width=\u00a0\u00bb2\/3&Prime;][vc_column_text css=\u00a0\u00bb.vc_custom_1713771193979{margin-top: 60px !important;}\u00a0\u00bb]www.jasmin-rechsteiner.ch En tant qu&rsquo;ambassadrice des personnes handicap\u00e9es et conductrice de longue date avec des handicaps, je comprends le besoin de mobilit\u00e9 autonome et les d\u00e9fis qui y sont li\u00e9s. Je sais \u00e9galement \u00e0 quel point il est important que les usagers de la route* [&hellip;]<\/p>\n","protected":false},"author":4,"featured_media":0,"parent":0,"menu_order":0,"comment_status":"closed","ping_status":"closed","template":"","meta":{"footnotes":""},"class_list":["post-445","page","type-page","status-publish","hentry"],"yoast_head":"<!-- This site is optimized with the Yoast SEO plugin v25.9 - https:\/\/yoast.com\/wordpress\/plugins\/seo\/ -->\n<title>Conseil d&#039;administration - Swiss Handicapdrive<\/title>\n<meta name=\"robots\" content=\"index, follow, max-snippet:-1, max-image-preview:large, max-video-preview:-1\" \/>\n<link rel=\"canonical\" href=\"https:\/\/swisshandicapdrive.ch\/fr\/vorstand\/\" \/>\n<meta property=\"og:locale\" content=\"fr_FR\" \/>\n<meta property=\"og:type\" content=\"article\" \/>\n<meta property=\"og:title\" content=\"Conseil d&#039;administration - Swiss Handicapdrive\" \/>\n<meta property=\"og:description\" content=\"[vc_row][vc_column][vc_custom_heading text=\u00a0\u00bbPr\u00e9sidence\u00a0\u00bb font_container=\u00a0\u00bbtag:h1|text_align:center|color:%23111111&Prime; use_theme_fonts=\u00a0\u00bbyes\u00a0\u00bb css=\u00a0\u00bb\u00a0\u00bb][\/vc_column][\/vc_row][vc_row][vc_column width=\u00a0\u00bb1\/3&Prime;][vc_single_image image=\u00a0\u00bb168&Prime; img_size=\u00a0\u00bbfull\u00a0\u00bb][vc_column_text] Jasmin Rechsteiner Pr\u00e9sidente jasmin.rechsteiner@swisshandicapdrive.ch [\/vc_column_text][\/vc_column][vc_column width=\u00a0\u00bb2\/3&Prime;][vc_column_text css=\u00a0\u00bb.vc_custom_1713771193979{margin-top: 60px !important;}\u00a0\u00bb]www.jasmin-rechsteiner.ch En tant qu&rsquo;ambassadrice des personnes handicap\u00e9es et conductrice de longue date avec des handicaps, je comprends le besoin de mobilit\u00e9 autonome et les d\u00e9fis qui y sont li\u00e9s. Je sais \u00e9galement \u00e0 quel point il est important que les usagers de la route* [&hellip;]\" \/>\n<meta property=\"og:url\" content=\"https:\/\/swisshandicapdrive.ch\/fr\/vorstand\/\" \/>\n<meta property=\"og:site_name\" content=\"Swiss Handicapdrive\" \/>\n<meta property=\"article:modified_time\" content=\"2025-09-13T06:50:15+00:00\" \/>\n<meta name=\"twitter:card\" content=\"summary_large_image\" \/>\n<meta name=\"twitter:label1\" content=\"Dur\u00e9e de lecture estim\u00e9e\" \/>\n\t<meta name=\"twitter:data1\" content=\"3 minutes\" \/>\n<script type=\"application\/ld+json\" class=\"yoast-schema-graph\">{\"@context\":\"https:\/\/schema.org\",\"@graph\":[{\"@type\":\"WebPage\",\"@id\":\"https:\/\/swisshandicapdrive.ch\/fr\/vorstand\/\",\"url\":\"https:\/\/swisshandicapdrive.ch\/fr\/vorstand\/\",\"name\":\"Conseil d'administration - Swiss Handicapdrive\",\"isPartOf\":{\"@id\":\"https:\/\/swisshandicapdrive.ch\/fr\/#website\"},\"datePublished\":\"2023-05-10T11:15:21+00:00\",\"dateModified\":\"2025-09-13T06:50:15+00:00\",\"breadcrumb\":{\"@id\":\"https:\/\/swisshandicapdrive.ch\/fr\/vorstand\/#breadcrumb\"},\"inLanguage\":\"fr-FR\",\"potentialAction\":[{\"@type\":\"ReadAction\",\"target\":[\"https:\/\/swisshandicapdrive.ch\/fr\/vorstand\/\"]}]},{\"@type\":\"BreadcrumbList\",\"@id\":\"https:\/\/swisshandicapdrive.ch\/fr\/vorstand\/#breadcrumb\",\"itemListElement\":[{\"@type\":\"ListItem\",\"position\":1,\"name\":\"Home\",\"item\":\"https:\/\/swisshandicapdrive.ch\/fr\/\"},{\"@type\":\"ListItem\",\"position\":2,\"name\":\"Conseil d&#8217;administration\"}]},{\"@type\":\"WebSite\",\"@id\":\"https:\/\/swisshandicapdrive.ch\/fr\/#website\",\"url\":\"https:\/\/swisshandicapdrive.ch\/fr\/\",\"name\":\"Swiss Handicapdrive\",\"description\":\"\",\"potentialAction\":[{\"@type\":\"SearchAction\",\"target\":{\"@type\":\"EntryPoint\",\"urlTemplate\":\"https:\/\/swisshandicapdrive.ch\/fr\/?s={search_term_string}\"},\"query-input\":{\"@type\":\"PropertyValueSpecification\",\"valueRequired\":true,\"valueName\":\"search_term_string\"}}],\"inLanguage\":\"fr-FR\"}]}<\/script>\n<!-- \/ Yoast SEO plugin. -->","yoast_head_json":{"title":"Conseil d'administration - Swiss Handicapdrive","robots":{"index":"index","follow":"follow","max-snippet":"max-snippet:-1","max-image-preview":"max-image-preview:large","max-video-preview":"max-video-preview:-1"},"canonical":"https:\/\/swisshandicapdrive.ch\/fr\/vorstand\/","og_locale":"fr_FR","og_type":"article","og_title":"Conseil d'administration - Swiss Handicapdrive","og_description":"[vc_row][vc_column][vc_custom_heading text=\u00a0\u00bbPr\u00e9sidence\u00a0\u00bb font_container=\u00a0\u00bbtag:h1|text_align:center|color:%23111111&Prime; use_theme_fonts=\u00a0\u00bbyes\u00a0\u00bb css=\u00a0\u00bb\u00a0\u00bb][\/vc_column][\/vc_row][vc_row][vc_column width=\u00a0\u00bb1\/3&Prime;][vc_single_image image=\u00a0\u00bb168&Prime; img_size=\u00a0\u00bbfull\u00a0\u00bb][vc_column_text] Jasmin Rechsteiner Pr\u00e9sidente jasmin.rechsteiner@swisshandicapdrive.ch [\/vc_column_text][\/vc_column][vc_column width=\u00a0\u00bb2\/3&Prime;][vc_column_text css=\u00a0\u00bb.vc_custom_1713771193979{margin-top: 60px !important;}\u00a0\u00bb]www.jasmin-rechsteiner.ch En tant qu&rsquo;ambassadrice des personnes handicap\u00e9es et conductrice de longue date avec des handicaps, je comprends le besoin de mobilit\u00e9 autonome et les d\u00e9fis qui y sont li\u00e9s. Je sais \u00e9galement \u00e0 quel point il est important que les usagers de la route* [&hellip;]","og_url":"https:\/\/swisshandicapdrive.ch\/fr\/vorstand\/","og_site_name":"Swiss Handicapdrive","article_modified_time":"2025-09-13T06:50:15+00:00","twitter_card":"summary_large_image","twitter_misc":{"Dur\u00e9e de lecture estim\u00e9e":"3 minutes"},"schema":{"@context":"https:\/\/schema.org","@graph":[{"@type":"WebPage","@id":"https:\/\/swisshandicapdrive.ch\/fr\/vorstand\/","url":"https:\/\/swisshandicapdrive.ch\/fr\/vorstand\/","name":"Conseil d'administration - Swiss Handicapdrive","isPartOf":{"@id":"https:\/\/swisshandicapdrive.ch\/fr\/#website"},"datePublished":"2023-05-10T11:15:21+00:00","dateModified":"2025-09-13T06:50:15+00:00","breadcrumb":{"@id":"https:\/\/swisshandicapdrive.ch\/fr\/vorstand\/#breadcrumb"},"inLanguage":"fr-FR","potentialAction":[{"@type":"ReadAction","target":["https:\/\/swisshandicapdrive.ch\/fr\/vorstand\/"]}]},{"@type":"BreadcrumbList","@id":"https:\/\/swisshandicapdrive.ch\/fr\/vorstand\/#breadcrumb","itemListElement":[{"@type":"ListItem","position":1,"name":"Home","item":"https:\/\/swisshandicapdrive.ch\/fr\/"},{"@type":"ListItem","position":2,"name":"Conseil d&#8217;administration"}]},{"@type":"WebSite","@id":"https:\/\/swisshandicapdrive.ch\/fr\/#website","url":"https:\/\/swisshandicapdrive.ch\/fr\/","name":"Swiss Handicapdrive","description":"","potentialAction":[{"@type":"SearchAction","target":{"@type":"EntryPoint","urlTemplate":"https:\/\/swisshandicapdrive.ch\/fr\/?s={search_term_string}"},"query-input":{"@type":"PropertyValueSpecification","valueRequired":true,"valueName":"search_term_string"}}],"inLanguage":"fr-FR"}]}},"_links":{"self":[{"href":"https:\/\/swisshandicapdrive.ch\/fr\/wp-json\/wp\/v2\/pages\/445","targetHints":{"allow":["GET"]}}],"collection":[{"href":"https:\/\/swisshandicapdrive.ch\/fr\/wp-json\/wp\/v2\/pages"}],"about":[{"href":"https:\/\/swisshandicapdrive.ch\/fr\/wp-json\/wp\/v2\/types\/page"}],"author":[{"embeddable":true,"href":"https:\/\/swisshandicapdrive.ch\/fr\/wp-json\/wp\/v2\/users\/4"}],"replies":[{"embeddable":true,"href":"https:\/\/swisshandicapdrive.ch\/fr\/wp-json\/wp\/v2\/comments?post=445"}],"version-history":[{"count":10,"href":"https:\/\/swisshandicapdrive.ch\/fr\/wp-json\/wp\/v2\/pages\/445\/revisions"}],"predecessor-version":[{"id":838,"href":"https:\/\/swisshandicapdrive.ch\/fr\/wp-json\/wp\/v2\/pages\/445\/revisions\/838"}],"wp:attachment":[{"href":"https:\/\/swisshandicapdrive.ch\/fr\/wp-json\/wp\/v2\/media?parent=445"}],"curies":[{"name":"wp","href":"https:\/\/api.w.org\/{rel}","templated":true}]}}