{"id":436,"date":"2024-04-02T09:56:47","date_gmt":"2024-04-02T07:56:47","guid":{"rendered":"https:\/\/swisshandicapdrive.ch\/swiss-handicapdrive-coach-werden\/"},"modified":"2024-12-16T15:55:05","modified_gmt":"2024-12-16T14:55:05","slug":"swiss-handicapdrive-coach-werden","status":"publish","type":"page","link":"https:\/\/swisshandicapdrive.ch\/fr\/swiss-handicapdrive-coach-werden\/","title":{"rendered":"Handicapdrive Coach seront"},"content":{"rendered":"<div class=\"wpb-content-wrapper\"><p>[vc_row][vc_column][vc_custom_heading text=\u00a0\u00bbHandicapdrive Coach seront\u00a0\u00bb font_container=\u00a0\u00bbtag:h1|text_align:center|color:%23111111&Prime; use_theme_fonts=\u00a0\u00bbyes\u00a0\u00bb css=\u00a0\u00bb\u00a0\u00bb][vc_column_text css=\u00a0\u00bb.vc_custom_1734356517579{margin-top: 60px !important;}\u00a0\u00bb font_size=\u00a0\u00bb21&Prime; line_height=\u00a0\u00bb26&Prime;]La condition pr\u00e9alable \u00e0 la formation de Handicapdrive Coach est l&rsquo;autorisation de moniteur de conduite cat. B. La formation de Handicapdrive Coach dure 5 jours et se compose des modules suivants :[\/vc_column_text][vc_column_text css=\u00a0\u00bb.vc_custom_1734356523856{margin-top: 60px !important;}\u00a0\u00bb font_size=\u00a0\u00bb21&Prime; line_height=\u00a0\u00bb26&Prime;]<\/p>\n<ul>\n<li>Module 1 : Besoin de mobilit\u00e9 hier &#8211; aujourd&rsquo;hui- demain<\/li>\n<li>Module 2 : Faire face au handicap<\/li>\n<li>Module 3 : Autorit\u00e9s et partenaires<\/li>\n<li>Module 4 : Adaptation des v\u00e9hicules et enseignement<\/li>\n<li>Module 5 : examen de Handicapdrive Coach<\/li>\n<\/ul>\n<p>[\/vc_column_text][vc_column_text css=\u00a0\u00bb.vc_custom_1734356531859{margin-top: 60px !important;}\u00a0\u00bb font_size=\u00a0\u00bb21&Prime; line_height=\u00a0\u00bb26&Prime;]Pour pouvoir acc\u00e9der \u00e0 Handicapdrive Coach, il faut \u00eatre titulaire d&rsquo;une autorisation de moniteur de conduite cat. B. et \u00eatre membre de Swiss Handicapdrive. Swiss Handicapdrive est une marque prot\u00e9g\u00e9e. En cas de d\u00e9mission de l&rsquo;association Swiss Handicapdrive, le droit d&rsquo;utiliser tous les titres et marques en rapport avec la marque Swiss Handicapdrive est supprim\u00e9.   <\/p>\n<p>Les premiers cours seront annonc\u00e9s dans un avenir proche. Si vous \u00eates int\u00e9ress\u00e9 par la formation Handicapdrive Coach, remplissez le formulaire de contact ci-dessous. Nous nous ferons un plaisir de vous ajouter \u00e0 notre liste de personnes int\u00e9ress\u00e9es et de vous tenir au courant.[\/vc_column_text][vc_column_text css=\u00a0\u00bb.vc_custom_1712071377148{margin-top: 60px !important;margin-bottom: 60px !important;}\u00a0\u00bb]<style id=\"wpforms-css-vars-211\">\n\t\t\t\t#wpforms-211 {\n\t\t\t\t\n\t\t\t}\n\t\t\t<\/style><div class=\"wpforms-container wpforms-container-full wpforms-render-modern\" id=\"wpforms-211\"><form id=\"wpforms-form-211\" class=\"wpforms-validate wpforms-form wpforms-ajax-form\" data-formid=\"211\" method=\"post\" enctype=\"multipart\/form-data\" action=\"\/fr\/wp-json\/wp\/v2\/pages\/436\" data-token=\"2b98afe6567686ee757aced70695ba2b\" data-token-time=\"1776407902\"><noscript class=\"wpforms-error-noscript\">Veuillez activer JavaScript dans votre navigateur pour remplir ce formulaire.<\/noscript><div id=\"wpforms-error-noscript\" style=\"display: none;\">Veuillez activer JavaScript dans votre navigateur pour remplir ce formulaire.<\/div><div class=\"wpforms-field-container\"><div id=\"wpforms-211-field_5-container\" class=\"wpforms-field wpforms-field-layout\" data-field-id=\"5\"><div class=\"wpforms-field-layout-columns wpforms-field-layout-preset-50-50\"><div class=\"wpforms-layout-column wpforms-layout-column-50\" ><div id=\"wpforms-211-field_1-container\" class=\"wpforms-field wpforms-field-text\" data-field-id=\"1\"><label class=\"wpforms-field-label\" for=\"wpforms-211-field_1\">Firma <span class=\"wpforms-required-label\" aria-hidden=\"true\">*<\/span><\/label><input type=\"text\" id=\"wpforms-211-field_1\" class=\"wpforms-field-large wpforms-field-required\" name=\"wpforms[fields][1]\" aria-errormessage=\"wpforms-211-field_1-error\" required><\/div><\/div><div class=\"wpforms-layout-column wpforms-layout-column-50\" ><div id=\"wpforms-211-field_2-container\" class=\"wpforms-field wpforms-field-text\" data-field-id=\"2\"><label class=\"wpforms-field-label\" for=\"wpforms-211-field_2\">Strasse <span class=\"wpforms-required-label\" aria-hidden=\"true\">*<\/span><\/label><input type=\"text\" id=\"wpforms-211-field_2\" class=\"wpforms-field-large wpforms-field-required\" name=\"wpforms[fields][2]\" aria-errormessage=\"wpforms-211-field_2-error\" required><\/div><\/div><\/div><\/div>\t\t<div id=\"wpforms-211-field_8-container\"\n\t\t\tclass=\"wpforms-field wpforms-field-text\"\n\t\t\tdata-field-type=\"text\"\n\t\t\tdata-field-id=\"8\"\n\t\t\t>\n\t\t\t<label class=\"wpforms-field-label\" for=\"wpforms-211-field_8\" >(kopieren) Bemerkung Telefon<\/label>\n\t\t\t<input type=\"text\" id=\"wpforms-211-field_8\" class=\"wpforms-field-medium\" name=\"wpforms[fields][8]\" >\n\t\t<\/div>\n\t\t<div id=\"wpforms-211-field_14-container\" class=\"wpforms-field wpforms-field-layout\" data-field-id=\"14\"><div class=\"wpforms-field-layout-columns wpforms-field-layout-preset-50-50\"><div class=\"wpforms-layout-column wpforms-layout-column-50\" ><div id=\"wpforms-211-field_15-container\" class=\"wpforms-field wpforms-field-text\" data-field-id=\"15\"><label class=\"wpforms-field-label\" for=\"wpforms-211-field_15\">PLZ <span class=\"wpforms-required-label\" aria-hidden=\"true\">*<\/span><\/label><input type=\"text\" id=\"wpforms-211-field_15\" class=\"wpforms-field-large wpforms-field-required\" name=\"wpforms[fields][15]\" aria-errormessage=\"wpforms-211-field_15-error\" required><\/div><\/div><div class=\"wpforms-layout-column wpforms-layout-column-50\" ><div id=\"wpforms-211-field_16-container\" class=\"wpforms-field wpforms-field-text\" data-field-id=\"16\"><label class=\"wpforms-field-label\" for=\"wpforms-211-field_16\">Ort <span class=\"wpforms-required-label\" aria-hidden=\"true\">*<\/span><\/label><input type=\"text\" id=\"wpforms-211-field_16\" class=\"wpforms-field-large wpforms-field-required\" name=\"wpforms[fields][16]\" aria-errormessage=\"wpforms-211-field_16-error\" required><\/div><\/div><\/div><\/div><div id=\"wpforms-211-field_6-container\" class=\"wpforms-field wpforms-field-layout\" data-field-id=\"6\"><div class=\"wpforms-field-layout-columns wpforms-field-layout-preset-50-50\"><div class=\"wpforms-layout-column wpforms-layout-column-50\" ><div id=\"wpforms-211-field_3-container\" class=\"wpforms-field wpforms-field-email\" data-field-id=\"3\"><label class=\"wpforms-field-label\" for=\"wpforms-211-field_3\">E-Mail <span class=\"wpforms-required-label\" aria-hidden=\"true\">*<\/span><\/label><input type=\"email\" id=\"wpforms-211-field_3\" class=\"wpforms-field-large wpforms-field-required\" name=\"wpforms[fields][3]\" spellcheck=\"false\" aria-errormessage=\"wpforms-211-field_3-error\" required><\/div><\/div><div class=\"wpforms-layout-column wpforms-layout-column-50\" ><div id=\"wpforms-211-field_7-container\" class=\"wpforms-field wpforms-field-phone\" data-field-id=\"7\"><label class=\"wpforms-field-label\" for=\"wpforms-211-field_7\">Telefon<\/label><input type=\"tel\" id=\"wpforms-211-field_7\" class=\"wpforms-field-medium wpforms-smart-phone-field\" data-rule-smart-phone-field=\"true\" name=\"wpforms[fields][7]\" aria-label=\"Telefon\" aria-errormessage=\"wpforms-211-field_7-error\" ><\/div><\/div><\/div><\/div><div id=\"wpforms-211-field_11-container\" class=\"wpforms-field wpforms-field-layout\" data-field-id=\"11\"><div class=\"wpforms-field-layout-columns wpforms-field-layout-preset-50-50\"><div class=\"wpforms-layout-column wpforms-layout-column-50\" ><div id=\"wpforms-211-field_12-container\" class=\"wpforms-field wpforms-field-text\" data-field-id=\"12\"><label class=\"wpforms-field-label\" for=\"wpforms-211-field_12\">Vorname <span class=\"wpforms-required-label\" aria-hidden=\"true\">*<\/span><\/label><input type=\"text\" id=\"wpforms-211-field_12\" class=\"wpforms-field-large wpforms-field-required\" name=\"wpforms[fields][12]\" aria-errormessage=\"wpforms-211-field_12-error\" required><\/div><\/div><div class=\"wpforms-layout-column wpforms-layout-column-50\" ><div id=\"wpforms-211-field_13-container\" class=\"wpforms-field wpforms-field-text\" data-field-id=\"13\"><label class=\"wpforms-field-label\" for=\"wpforms-211-field_13\">Nachname <span class=\"wpforms-required-label\" aria-hidden=\"true\">*<\/span><\/label><input type=\"text\" id=\"wpforms-211-field_13\" class=\"wpforms-field-large wpforms-field-required\" name=\"wpforms[fields][13]\" aria-errormessage=\"wpforms-211-field_13-error\" required><\/div><\/div><\/div><\/div><div id=\"wpforms-211-field_4-container\" class=\"wpforms-field wpforms-field-textarea\" data-field-id=\"4\"><label class=\"wpforms-field-label\" for=\"wpforms-211-field_4\">Bemerkung \/ Nachricht<\/label><textarea id=\"wpforms-211-field_4\" class=\"wpforms-field-medium\" name=\"wpforms[fields][4]\" aria-errormessage=\"wpforms-211-field_4-error\" ><\/textarea><\/div><script>\n\t\t\t\t( function() {\n\t\t\t\t\tconst style = document.createElement( 'style' );\n\t\t\t\t\tstyle.appendChild( document.createTextNode( '#wpforms-211-field_8-container { position: absolute !important; overflow: hidden !important; display: inline !important; height: 1px !important; width: 1px !important; z-index: -1000 !important; padding: 0 !important; } #wpforms-211-field_8-container input { visibility: hidden; } #wpforms-conversational-form-page #wpforms-211-field_8-container label { counter-increment: none; }' ) );\n\t\t\t\t\tdocument.head.appendChild( style );\n\t\t\t\t\tdocument.currentScript?.remove();\n\t\t\t\t} )();\n\t\t\t<\/script><\/div><!-- .wpforms-field-container --><div class=\"wpforms-recaptcha-container wpforms-is-recaptcha wpforms-is-recaptcha-type-v3\" ><input type=\"hidden\" name=\"wpforms[recaptcha]\" value=\"\"><\/div><div class=\"wpforms-submit-container\" ><input type=\"hidden\" name=\"wpforms[id]\" value=\"211\"><input type=\"hidden\" name=\"page_title\" value=\"\"><input type=\"hidden\" name=\"page_url\" value=\"https:\/\/swisshandicapdrive.ch\/fr\/wp-json\/wp\/v2\/pages\/436\"><input type=\"hidden\" name=\"url_referer\" value=\"\"><button type=\"submit\" name=\"wpforms[submit]\" id=\"wpforms-submit-211\" class=\"wpforms-submit\" data-alt-text=\"Senden\u2026\" data-submit-text=\"Absenden\" aria-live=\"assertive\" value=\"wpforms-submit\">Absenden<\/button><img loading=\"lazy\" decoding=\"async\" src=\"https:\/\/swisshandicapdrive.ch\/wp-content\/plugins\/wpforms\/assets\/images\/submit-spin.svg\" class=\"wpforms-submit-spinner\" style=\"display: none;\" width=\"26\" height=\"26\" alt=\"Chargement en cours\"><\/div><\/form><\/div>  <!-- .wpforms-container -->[\/vc_column_text][\/vc_column][\/vc_row]<\/p>\n<\/div>","protected":false},"excerpt":{"rendered":"<p>[vc_row][vc_column][vc_custom_heading text=\u00a0\u00bbHandicapdrive Coach seront\u00a0\u00bb font_container=\u00a0\u00bbtag:h1|text_align:center|color:%23111111&Prime; use_theme_fonts=\u00a0\u00bbyes\u00a0\u00bb css=\u00a0\u00bb\u00a0\u00bb][vc_column_text css=\u00a0\u00bb.vc_custom_1734356517579{margin-top: 60px !important;}\u00a0\u00bb font_size=\u00a0\u00bb21&Prime; line_height=\u00a0\u00bb26&Prime;]La condition pr\u00e9alable \u00e0 la formation de Handicapdrive Coach est l&rsquo;autorisation de moniteur de conduite cat. B. La formation de Handicapdrive Coach dure 5 jours et se compose des modules suivants :[\/vc_column_text][vc_column_text css=\u00a0\u00bb.vc_custom_1734356523856{margin-top: 60px !important;}\u00a0\u00bb font_size=\u00a0\u00bb21&Prime; line_height=\u00a0\u00bb26&Prime;] Module 1 : Besoin de mobilit\u00e9 hier &#8211; aujourd&rsquo;hui- demain Module 2 [&hellip;]<\/p>\n","protected":false},"author":4,"featured_media":0,"parent":0,"menu_order":0,"comment_status":"closed","ping_status":"closed","template":"","meta":{"footnotes":""},"class_list":["post-436","page","type-page","status-publish","hentry"],"yoast_head":"<!-- This site is optimized with the Yoast SEO plugin v25.9 - https:\/\/yoast.com\/wordpress\/plugins\/seo\/ -->\n<title>Handicapdrive Coach seront - Swiss Handicapdrive<\/title>\n<meta name=\"robots\" content=\"index, follow, max-snippet:-1, max-image-preview:large, max-video-preview:-1\" \/>\n<link rel=\"canonical\" href=\"https:\/\/swisshandicapdrive.ch\/fr\/swiss-handicapdrive-coach-werden\/\" \/>\n<meta property=\"og:locale\" content=\"fr_FR\" \/>\n<meta property=\"og:type\" content=\"article\" \/>\n<meta property=\"og:title\" content=\"Handicapdrive Coach seront - Swiss Handicapdrive\" \/>\n<meta property=\"og:description\" content=\"[vc_row][vc_column][vc_custom_heading text=\u00a0\u00bbHandicapdrive Coach seront\u00a0\u00bb font_container=\u00a0\u00bbtag:h1|text_align:center|color:%23111111&Prime; use_theme_fonts=\u00a0\u00bbyes\u00a0\u00bb css=\u00a0\u00bb\u00a0\u00bb][vc_column_text css=\u00a0\u00bb.vc_custom_1734356517579{margin-top: 60px !important;}\u00a0\u00bb font_size=\u00a0\u00bb21&Prime; line_height=\u00a0\u00bb26&Prime;]La condition pr\u00e9alable \u00e0 la formation de Handicapdrive Coach est l&rsquo;autorisation de moniteur de conduite cat. B. La formation de Handicapdrive Coach dure 5 jours et se compose des modules suivants :[\/vc_column_text][vc_column_text css=\u00a0\u00bb.vc_custom_1734356523856{margin-top: 60px !important;}\u00a0\u00bb font_size=\u00a0\u00bb21&Prime; line_height=\u00a0\u00bb26&Prime;] Module 1 : Besoin de mobilit\u00e9 hier &#8211; aujourd&rsquo;hui- demain Module 2 [&hellip;]\" \/>\n<meta property=\"og:url\" content=\"https:\/\/swisshandicapdrive.ch\/fr\/swiss-handicapdrive-coach-werden\/\" \/>\n<meta property=\"og:site_name\" content=\"Swiss Handicapdrive\" \/>\n<meta property=\"article:modified_time\" content=\"2024-12-16T14:55:05+00:00\" \/>\n<meta name=\"twitter:card\" content=\"summary_large_image\" \/>\n<meta name=\"twitter:label1\" content=\"Dur\u00e9e de lecture estim\u00e9e\" \/>\n\t<meta name=\"twitter:data1\" content=\"1 minute\" \/>\n<script type=\"application\/ld+json\" class=\"yoast-schema-graph\">{\"@context\":\"https:\/\/schema.org\",\"@graph\":[{\"@type\":\"WebPage\",\"@id\":\"https:\/\/swisshandicapdrive.ch\/fr\/swiss-handicapdrive-coach-werden\/\",\"url\":\"https:\/\/swisshandicapdrive.ch\/fr\/swiss-handicapdrive-coach-werden\/\",\"name\":\"Handicapdrive Coach seront - Swiss Handicapdrive\",\"isPartOf\":{\"@id\":\"https:\/\/swisshandicapdrive.ch\/fr\/#website\"},\"datePublished\":\"2024-04-02T07:56:47+00:00\",\"dateModified\":\"2024-12-16T14:55:05+00:00\",\"breadcrumb\":{\"@id\":\"https:\/\/swisshandicapdrive.ch\/fr\/swiss-handicapdrive-coach-werden\/#breadcrumb\"},\"inLanguage\":\"fr-FR\",\"potentialAction\":[{\"@type\":\"ReadAction\",\"target\":[\"https:\/\/swisshandicapdrive.ch\/fr\/swiss-handicapdrive-coach-werden\/\"]}]},{\"@type\":\"BreadcrumbList\",\"@id\":\"https:\/\/swisshandicapdrive.ch\/fr\/swiss-handicapdrive-coach-werden\/#breadcrumb\",\"itemListElement\":[{\"@type\":\"ListItem\",\"position\":1,\"name\":\"Home\",\"item\":\"https:\/\/swisshandicapdrive.ch\/fr\/\"},{\"@type\":\"ListItem\",\"position\":2,\"name\":\"Handicapdrive Coach seront\"}]},{\"@type\":\"WebSite\",\"@id\":\"https:\/\/swisshandicapdrive.ch\/fr\/#website\",\"url\":\"https:\/\/swisshandicapdrive.ch\/fr\/\",\"name\":\"Swiss Handicapdrive\",\"description\":\"\",\"potentialAction\":[{\"@type\":\"SearchAction\",\"target\":{\"@type\":\"EntryPoint\",\"urlTemplate\":\"https:\/\/swisshandicapdrive.ch\/fr\/?s={search_term_string}\"},\"query-input\":{\"@type\":\"PropertyValueSpecification\",\"valueRequired\":true,\"valueName\":\"search_term_string\"}}],\"inLanguage\":\"fr-FR\"}]}<\/script>\n<!-- \/ Yoast SEO plugin. -->","yoast_head_json":{"title":"Handicapdrive Coach seront - Swiss Handicapdrive","robots":{"index":"index","follow":"follow","max-snippet":"max-snippet:-1","max-image-preview":"max-image-preview:large","max-video-preview":"max-video-preview:-1"},"canonical":"https:\/\/swisshandicapdrive.ch\/fr\/swiss-handicapdrive-coach-werden\/","og_locale":"fr_FR","og_type":"article","og_title":"Handicapdrive Coach seront - Swiss Handicapdrive","og_description":"[vc_row][vc_column][vc_custom_heading text=\u00a0\u00bbHandicapdrive Coach seront\u00a0\u00bb font_container=\u00a0\u00bbtag:h1|text_align:center|color:%23111111&Prime; use_theme_fonts=\u00a0\u00bbyes\u00a0\u00bb css=\u00a0\u00bb\u00a0\u00bb][vc_column_text css=\u00a0\u00bb.vc_custom_1734356517579{margin-top: 60px !important;}\u00a0\u00bb font_size=\u00a0\u00bb21&Prime; line_height=\u00a0\u00bb26&Prime;]La condition pr\u00e9alable \u00e0 la formation de Handicapdrive Coach est l&rsquo;autorisation de moniteur de conduite cat. B. La formation de Handicapdrive Coach dure 5 jours et se compose des modules suivants :[\/vc_column_text][vc_column_text css=\u00a0\u00bb.vc_custom_1734356523856{margin-top: 60px !important;}\u00a0\u00bb font_size=\u00a0\u00bb21&Prime; line_height=\u00a0\u00bb26&Prime;] Module 1 : Besoin de mobilit\u00e9 hier &#8211; aujourd&rsquo;hui- demain Module 2 [&hellip;]","og_url":"https:\/\/swisshandicapdrive.ch\/fr\/swiss-handicapdrive-coach-werden\/","og_site_name":"Swiss Handicapdrive","article_modified_time":"2024-12-16T14:55:05+00:00","twitter_card":"summary_large_image","twitter_misc":{"Dur\u00e9e de lecture estim\u00e9e":"1 minute"},"schema":{"@context":"https:\/\/schema.org","@graph":[{"@type":"WebPage","@id":"https:\/\/swisshandicapdrive.ch\/fr\/swiss-handicapdrive-coach-werden\/","url":"https:\/\/swisshandicapdrive.ch\/fr\/swiss-handicapdrive-coach-werden\/","name":"Handicapdrive Coach seront - Swiss Handicapdrive","isPartOf":{"@id":"https:\/\/swisshandicapdrive.ch\/fr\/#website"},"datePublished":"2024-04-02T07:56:47+00:00","dateModified":"2024-12-16T14:55:05+00:00","breadcrumb":{"@id":"https:\/\/swisshandicapdrive.ch\/fr\/swiss-handicapdrive-coach-werden\/#breadcrumb"},"inLanguage":"fr-FR","potentialAction":[{"@type":"ReadAction","target":["https:\/\/swisshandicapdrive.ch\/fr\/swiss-handicapdrive-coach-werden\/"]}]},{"@type":"BreadcrumbList","@id":"https:\/\/swisshandicapdrive.ch\/fr\/swiss-handicapdrive-coach-werden\/#breadcrumb","itemListElement":[{"@type":"ListItem","position":1,"name":"Home","item":"https:\/\/swisshandicapdrive.ch\/fr\/"},{"@type":"ListItem","position":2,"name":"Handicapdrive Coach seront"}]},{"@type":"WebSite","@id":"https:\/\/swisshandicapdrive.ch\/fr\/#website","url":"https:\/\/swisshandicapdrive.ch\/fr\/","name":"Swiss Handicapdrive","description":"","potentialAction":[{"@type":"SearchAction","target":{"@type":"EntryPoint","urlTemplate":"https:\/\/swisshandicapdrive.ch\/fr\/?s={search_term_string}"},"query-input":{"@type":"PropertyValueSpecification","valueRequired":true,"valueName":"search_term_string"}}],"inLanguage":"fr-FR"}]}},"_links":{"self":[{"href":"https:\/\/swisshandicapdrive.ch\/fr\/wp-json\/wp\/v2\/pages\/436","targetHints":{"allow":["GET"]}}],"collection":[{"href":"https:\/\/swisshandicapdrive.ch\/fr\/wp-json\/wp\/v2\/pages"}],"about":[{"href":"https:\/\/swisshandicapdrive.ch\/fr\/wp-json\/wp\/v2\/types\/page"}],"author":[{"embeddable":true,"href":"https:\/\/swisshandicapdrive.ch\/fr\/wp-json\/wp\/v2\/users\/4"}],"replies":[{"embeddable":true,"href":"https:\/\/swisshandicapdrive.ch\/fr\/wp-json\/wp\/v2\/comments?post=436"}],"version-history":[{"count":13,"href":"https:\/\/swisshandicapdrive.ch\/fr\/wp-json\/wp\/v2\/pages\/436\/revisions"}],"predecessor-version":[{"id":710,"href":"https:\/\/swisshandicapdrive.ch\/fr\/wp-json\/wp\/v2\/pages\/436\/revisions\/710"}],"wp:attachment":[{"href":"https:\/\/swisshandicapdrive.ch\/fr\/wp-json\/wp\/v2\/media?parent=436"}],"curies":[{"name":"wp","href":"https:\/\/api.w.org\/{rel}","templated":true}]}}