{"id":428,"date":"2024-04-02T09:57:30","date_gmt":"2024-04-02T07:57:30","guid":{"rendered":"https:\/\/swisshandicapdrive.ch\/swiss-handicapdrive-coach-pruefung\/"},"modified":"2024-12-16T15:56:09","modified_gmt":"2024-12-16T14:56:09","slug":"swiss-handicapdrive-coach-pruefung","status":"publish","type":"page","link":"https:\/\/swisshandicapdrive.ch\/fr\/swiss-handicapdrive-coach-pruefung\/","title":{"rendered":"Examen Handicapdrive Coach"},"content":{"rendered":"<div class=\"wpb-content-wrapper\"><p>[vc_row][vc_column][vc_custom_heading text=\u00a0\u00bbExamen Handicapdrive Coach\u00a0\u00bb font_container=\u00a0\u00bbtag:h1|text_align:center|color:%23111111&Prime; use_theme_fonts=\u00a0\u00bbyes\u00a0\u00bb css=\u00a0\u00bb\u00a0\u00bb][vc_column_text css=\u00a0\u00bb.vc_custom_1734360961743{margin-top: 60px !important;}\u00a0\u00bb font_size=\u00a0\u00bb21&Prime; line_height=\u00a0\u00bb28&Prime;]La condition pr\u00e9alable \u00e0 l&rsquo;examen de Handicapdrive Coach est l&rsquo;autorisation d&rsquo;enseigner la conduite cat. B et la preuve de l&rsquo;ach\u00e8vement des <a href=\"https:\/\/swisshandicapdrive.ch\/swiss-handicapdrive-coach-werden\/\">modules 1 \u00e0 4<\/a>. <\/p>\n<p>L&rsquo;ach\u00e8vement des modules 1 \u00e0 4 ne doit pas remonter \u00e0 plus de 2 ans pour aucun module au moment du module d&rsquo;examen.<\/p>\n<p>Le chemin vers Handicapdrive Coach prend, apr\u00e8s avoir termin\u00e9 les 4 modules mentionn\u00e9s ci-dessus, une journ\u00e9e suppl\u00e9mentaire.[\/vc_column_text][\/vc_column][\/vc_row]<\/p>\n<\/div>","protected":false},"excerpt":{"rendered":"<p>[vc_row][vc_column][vc_custom_heading text=\u00a0\u00bbExamen Handicapdrive Coach\u00a0\u00bb font_container=\u00a0\u00bbtag:h1|text_align:center|color:%23111111&Prime; use_theme_fonts=\u00a0\u00bbyes\u00a0\u00bb css=\u00a0\u00bb\u00a0\u00bb][vc_column_text css=\u00a0\u00bb.vc_custom_1734360961743{margin-top: 60px !important;}\u00a0\u00bb font_size=\u00a0\u00bb21&Prime; line_height=\u00a0\u00bb28&Prime;]La condition pr\u00e9alable \u00e0 l&rsquo;examen de Handicapdrive Coach est l&rsquo;autorisation d&rsquo;enseigner la conduite cat. B et la preuve de l&rsquo;ach\u00e8vement des modules 1 \u00e0 4. L&rsquo;ach\u00e8vement des modules 1 \u00e0 4 ne doit pas remonter \u00e0 plus de 2 ans pour aucun module au moment du module d&rsquo;examen. Le [&hellip;]<\/p>\n","protected":false},"author":4,"featured_media":0,"parent":0,"menu_order":0,"comment_status":"closed","ping_status":"closed","template":"","meta":{"footnotes":""},"class_list":["post-428","page","type-page","status-publish","hentry"],"yoast_head":"<!-- This site is optimized with the Yoast SEO plugin v25.9 - https:\/\/yoast.com\/wordpress\/plugins\/seo\/ -->\n<title>Examen Handicapdrive Coach - Swiss Handicapdrive<\/title>\n<meta name=\"robots\" content=\"index, follow, max-snippet:-1, max-image-preview:large, max-video-preview:-1\" \/>\n<link rel=\"canonical\" href=\"https:\/\/swisshandicapdrive.ch\/fr\/swiss-handicapdrive-coach-pruefung\/\" \/>\n<meta property=\"og:locale\" content=\"fr_FR\" \/>\n<meta property=\"og:type\" content=\"article\" \/>\n<meta property=\"og:title\" content=\"Examen Handicapdrive Coach - Swiss Handicapdrive\" \/>\n<meta property=\"og:description\" content=\"[vc_row][vc_column][vc_custom_heading text=\u00a0\u00bbExamen Handicapdrive Coach\u00a0\u00bb font_container=\u00a0\u00bbtag:h1|text_align:center|color:%23111111&Prime; use_theme_fonts=\u00a0\u00bbyes\u00a0\u00bb css=\u00a0\u00bb\u00a0\u00bb][vc_column_text css=\u00a0\u00bb.vc_custom_1734360961743{margin-top: 60px !important;}\u00a0\u00bb font_size=\u00a0\u00bb21&Prime; line_height=\u00a0\u00bb28&Prime;]La condition pr\u00e9alable \u00e0 l&rsquo;examen de Handicapdrive Coach est l&rsquo;autorisation d&rsquo;enseigner la conduite cat. B et la preuve de l&rsquo;ach\u00e8vement des modules 1 \u00e0 4. L&rsquo;ach\u00e8vement des modules 1 \u00e0 4 ne doit pas remonter \u00e0 plus de 2 ans pour aucun module au moment du module d&rsquo;examen. Le [&hellip;]\" \/>\n<meta property=\"og:url\" content=\"https:\/\/swisshandicapdrive.ch\/fr\/swiss-handicapdrive-coach-pruefung\/\" \/>\n<meta property=\"og:site_name\" content=\"Swiss Handicapdrive\" \/>\n<meta property=\"article:modified_time\" content=\"2024-12-16T14:56:09+00:00\" \/>\n<meta name=\"twitter:card\" content=\"summary_large_image\" \/>\n<meta name=\"twitter:label1\" content=\"Dur\u00e9e de lecture estim\u00e9e\" \/>\n\t<meta name=\"twitter:data1\" content=\"1 minute\" \/>\n<script type=\"application\/ld+json\" class=\"yoast-schema-graph\">{\"@context\":\"https:\/\/schema.org\",\"@graph\":[{\"@type\":\"WebPage\",\"@id\":\"https:\/\/swisshandicapdrive.ch\/fr\/swiss-handicapdrive-coach-pruefung\/\",\"url\":\"https:\/\/swisshandicapdrive.ch\/fr\/swiss-handicapdrive-coach-pruefung\/\",\"name\":\"Examen Handicapdrive Coach - Swiss Handicapdrive\",\"isPartOf\":{\"@id\":\"https:\/\/swisshandicapdrive.ch\/fr\/#website\"},\"datePublished\":\"2024-04-02T07:57:30+00:00\",\"dateModified\":\"2024-12-16T14:56:09+00:00\",\"breadcrumb\":{\"@id\":\"https:\/\/swisshandicapdrive.ch\/fr\/swiss-handicapdrive-coach-pruefung\/#breadcrumb\"},\"inLanguage\":\"fr-FR\",\"potentialAction\":[{\"@type\":\"ReadAction\",\"target\":[\"https:\/\/swisshandicapdrive.ch\/fr\/swiss-handicapdrive-coach-pruefung\/\"]}]},{\"@type\":\"BreadcrumbList\",\"@id\":\"https:\/\/swisshandicapdrive.ch\/fr\/swiss-handicapdrive-coach-pruefung\/#breadcrumb\",\"itemListElement\":[{\"@type\":\"ListItem\",\"position\":1,\"name\":\"Home\",\"item\":\"https:\/\/swisshandicapdrive.ch\/fr\/\"},{\"@type\":\"ListItem\",\"position\":2,\"name\":\"Examen Handicapdrive Coach\"}]},{\"@type\":\"WebSite\",\"@id\":\"https:\/\/swisshandicapdrive.ch\/fr\/#website\",\"url\":\"https:\/\/swisshandicapdrive.ch\/fr\/\",\"name\":\"Swiss Handicapdrive\",\"description\":\"\",\"potentialAction\":[{\"@type\":\"SearchAction\",\"target\":{\"@type\":\"EntryPoint\",\"urlTemplate\":\"https:\/\/swisshandicapdrive.ch\/fr\/?s={search_term_string}\"},\"query-input\":{\"@type\":\"PropertyValueSpecification\",\"valueRequired\":true,\"valueName\":\"search_term_string\"}}],\"inLanguage\":\"fr-FR\"}]}<\/script>\n<!-- \/ Yoast SEO plugin. -->","yoast_head_json":{"title":"Examen Handicapdrive Coach - Swiss Handicapdrive","robots":{"index":"index","follow":"follow","max-snippet":"max-snippet:-1","max-image-preview":"max-image-preview:large","max-video-preview":"max-video-preview:-1"},"canonical":"https:\/\/swisshandicapdrive.ch\/fr\/swiss-handicapdrive-coach-pruefung\/","og_locale":"fr_FR","og_type":"article","og_title":"Examen Handicapdrive Coach - Swiss Handicapdrive","og_description":"[vc_row][vc_column][vc_custom_heading text=\u00a0\u00bbExamen Handicapdrive Coach\u00a0\u00bb font_container=\u00a0\u00bbtag:h1|text_align:center|color:%23111111&Prime; use_theme_fonts=\u00a0\u00bbyes\u00a0\u00bb css=\u00a0\u00bb\u00a0\u00bb][vc_column_text css=\u00a0\u00bb.vc_custom_1734360961743{margin-top: 60px !important;}\u00a0\u00bb font_size=\u00a0\u00bb21&Prime; line_height=\u00a0\u00bb28&Prime;]La condition pr\u00e9alable \u00e0 l&rsquo;examen de Handicapdrive Coach est l&rsquo;autorisation d&rsquo;enseigner la conduite cat. B et la preuve de l&rsquo;ach\u00e8vement des modules 1 \u00e0 4. L&rsquo;ach\u00e8vement des modules 1 \u00e0 4 ne doit pas remonter \u00e0 plus de 2 ans pour aucun module au moment du module d&rsquo;examen. Le [&hellip;]","og_url":"https:\/\/swisshandicapdrive.ch\/fr\/swiss-handicapdrive-coach-pruefung\/","og_site_name":"Swiss Handicapdrive","article_modified_time":"2024-12-16T14:56:09+00:00","twitter_card":"summary_large_image","twitter_misc":{"Dur\u00e9e de lecture estim\u00e9e":"1 minute"},"schema":{"@context":"https:\/\/schema.org","@graph":[{"@type":"WebPage","@id":"https:\/\/swisshandicapdrive.ch\/fr\/swiss-handicapdrive-coach-pruefung\/","url":"https:\/\/swisshandicapdrive.ch\/fr\/swiss-handicapdrive-coach-pruefung\/","name":"Examen Handicapdrive Coach - Swiss Handicapdrive","isPartOf":{"@id":"https:\/\/swisshandicapdrive.ch\/fr\/#website"},"datePublished":"2024-04-02T07:57:30+00:00","dateModified":"2024-12-16T14:56:09+00:00","breadcrumb":{"@id":"https:\/\/swisshandicapdrive.ch\/fr\/swiss-handicapdrive-coach-pruefung\/#breadcrumb"},"inLanguage":"fr-FR","potentialAction":[{"@type":"ReadAction","target":["https:\/\/swisshandicapdrive.ch\/fr\/swiss-handicapdrive-coach-pruefung\/"]}]},{"@type":"BreadcrumbList","@id":"https:\/\/swisshandicapdrive.ch\/fr\/swiss-handicapdrive-coach-pruefung\/#breadcrumb","itemListElement":[{"@type":"ListItem","position":1,"name":"Home","item":"https:\/\/swisshandicapdrive.ch\/fr\/"},{"@type":"ListItem","position":2,"name":"Examen Handicapdrive Coach"}]},{"@type":"WebSite","@id":"https:\/\/swisshandicapdrive.ch\/fr\/#website","url":"https:\/\/swisshandicapdrive.ch\/fr\/","name":"Swiss Handicapdrive","description":"","potentialAction":[{"@type":"SearchAction","target":{"@type":"EntryPoint","urlTemplate":"https:\/\/swisshandicapdrive.ch\/fr\/?s={search_term_string}"},"query-input":{"@type":"PropertyValueSpecification","valueRequired":true,"valueName":"search_term_string"}}],"inLanguage":"fr-FR"}]}},"_links":{"self":[{"href":"https:\/\/swisshandicapdrive.ch\/fr\/wp-json\/wp\/v2\/pages\/428","targetHints":{"allow":["GET"]}}],"collection":[{"href":"https:\/\/swisshandicapdrive.ch\/fr\/wp-json\/wp\/v2\/pages"}],"about":[{"href":"https:\/\/swisshandicapdrive.ch\/fr\/wp-json\/wp\/v2\/types\/page"}],"author":[{"embeddable":true,"href":"https:\/\/swisshandicapdrive.ch\/fr\/wp-json\/wp\/v2\/users\/4"}],"replies":[{"embeddable":true,"href":"https:\/\/swisshandicapdrive.ch\/fr\/wp-json\/wp\/v2\/comments?post=428"}],"version-history":[{"count":11,"href":"https:\/\/swisshandicapdrive.ch\/fr\/wp-json\/wp\/v2\/pages\/428\/revisions"}],"predecessor-version":[{"id":717,"href":"https:\/\/swisshandicapdrive.ch\/fr\/wp-json\/wp\/v2\/pages\/428\/revisions\/717"}],"wp:attachment":[{"href":"https:\/\/swisshandicapdrive.ch\/fr\/wp-json\/wp\/v2\/media?parent=428"}],"curies":[{"name":"wp","href":"https:\/\/api.w.org\/{rel}","templated":true}]}}