{"id":395,"date":"2023-05-08T16:44:20","date_gmt":"2023-05-08T14:44:20","guid":{"rendered":"https:\/\/swisshandicapdrive.ch\/mehr-erfahren\/"},"modified":"2025-02-24T08:11:20","modified_gmt":"2025-02-24T07:11:20","slug":"mehr-erfahren","status":"publish","type":"page","link":"https:\/\/swisshandicapdrive.ch\/fr\/mehr-erfahren\/","title":{"rendered":"En savoir plus"},"content":{"rendered":"<div class=\"wpb-content-wrapper\"><p>[vc_row][vc_column][vc_custom_heading text=\u00a0\u00bbEn savoir plus sur Swiss Handicapdrive\u00a0\u00bb font_container=\u00a0\u00bbtag:h1|text_align:center|color:%23111111&Prime; use_theme_fonts=\u00a0\u00bbyes\u00a0\u00bb css=\u00a0\u00bb\u00a0\u00bb][\/vc_column][\/vc_row][vc_row][vc_column][vc_column_text]Les temps changent aussi \u00e0 grands pas dans le transport routier. Outre l&rsquo;augmentation de la densit\u00e9 du trafic, l&rsquo;interconnexion croissante des v\u00e9hicules et des infrastructures, ainsi que l&rsquo;\u00e9mergence de la conduite automatis\u00e9e, en sont les causes. Cette \u00e9volution a \u00e9galement une influence sur les personnes handicap\u00e9es qui se d\u00e9placent dans la circulation routi\u00e8re au quotidien.  <\/p>\n<p>En collaboration avec les diff\u00e9rents experts de la s\u00e9curit\u00e9 routi\u00e8re, nous voulons devenir le porte-parole comp\u00e9tent des pr\u00e9occupations de formation et de perfectionnement de tous les usagers de la route qui d\u00e9coulent de ces changements.<\/p>\n<p>Pour ce faire, nous sommes actuellement en discussion avec des autorit\u00e9s, des institutions, des repr\u00e9sentants d&rsquo;int\u00e9r\u00eats et des experts de diff\u00e9rentes orientations et couleurs afin de pouvoir nous engager concr\u00e8tement avec eux et leurs pr\u00e9occupations.<\/p>\n<p><strong>Vous souhaitez rester inform\u00e9 et en savoir plus sur l&rsquo;\u00e9volution de la situation ? Utilisez le formulaire ci-dessous, nous nous ferons un plaisir de vous tenir au courant. <\/strong>[\/vc_column_text][\/vc_column][\/vc_row][vc_row][vc_column][vc_column_text]<style id=\"wpforms-css-vars-78\">\n\t\t\t\t#wpforms-78 {\n\t\t\t\t\n\t\t\t}\n\t\t\t<\/style><div class=\"wpforms-container wpforms-container-full wpforms-render-modern\" id=\"wpforms-78\"><form id=\"wpforms-form-78\" class=\"wpforms-validate wpforms-form wpforms-ajax-form\" data-formid=\"78\" method=\"post\" enctype=\"multipart\/form-data\" action=\"\/fr\/wp-json\/wp\/v2\/pages\/395\" data-token=\"33498f79faed03f6f3f2a78efc5c7766\" data-token-time=\"1777730145\"><noscript class=\"wpforms-error-noscript\">Veuillez activer JavaScript dans votre navigateur pour remplir ce formulaire.<\/noscript><div id=\"wpforms-error-noscript\" style=\"display: none;\">Veuillez activer JavaScript dans votre navigateur pour remplir ce formulaire.<\/div><div class=\"wpforms-field-container\">\t\t<div id=\"wpforms-78-field_4-container\"\n\t\t\tclass=\"wpforms-field wpforms-field-text\"\n\t\t\tdata-field-type=\"text\"\n\t\t\tdata-field-id=\"4\"\n\t\t\t>\n\t\t\t<label class=\"wpforms-field-label\" for=\"wpforms-78-field_4\" >Layout Nachname Layout<\/label>\n\t\t\t<input type=\"text\" id=\"wpforms-78-field_4\" class=\"wpforms-field-medium\" name=\"wpforms[fields][4]\" >\n\t\t<\/div>\n\t\t<div id=\"wpforms-78-field_5-container\" class=\"wpforms-field wpforms-field-layout\" data-field-id=\"5\"><div class=\"wpforms-field-layout-columns wpforms-field-layout-preset-50-50\"><div class=\"wpforms-layout-column wpforms-layout-column-50\" ><div id=\"wpforms-78-field_1-container\" class=\"wpforms-field wpforms-field-text\" data-field-id=\"1\"><label class=\"wpforms-field-label\" for=\"wpforms-78-field_1\">Vorname <span class=\"wpforms-required-label\" aria-hidden=\"true\">*<\/span><\/label><input type=\"text\" id=\"wpforms-78-field_1\" class=\"wpforms-field-large wpforms-field-required\" name=\"wpforms[fields][1]\" aria-errormessage=\"wpforms-78-field_1-error\" required><\/div><\/div><div class=\"wpforms-layout-column wpforms-layout-column-50\" ><div id=\"wpforms-78-field_2-container\" class=\"wpforms-field wpforms-field-text\" data-field-id=\"2\"><label class=\"wpforms-field-label\" for=\"wpforms-78-field_2\">Nachname <span class=\"wpforms-required-label\" aria-hidden=\"true\">*<\/span><\/label><input type=\"text\" id=\"wpforms-78-field_2\" class=\"wpforms-field-large wpforms-field-required\" name=\"wpforms[fields][2]\" aria-errormessage=\"wpforms-78-field_2-error\" required><\/div><\/div><\/div><\/div><div id=\"wpforms-78-field_11-container\" class=\"wpforms-field wpforms-field-layout\" data-field-id=\"11\"><div class=\"wpforms-field-layout-columns wpforms-field-layout-preset-50-50\"><div class=\"wpforms-layout-column wpforms-layout-column-50\" ><div id=\"wpforms-78-field_12-container\" class=\"wpforms-field wpforms-field-text\" data-field-id=\"12\"><label class=\"wpforms-field-label\" for=\"wpforms-78-field_12\">Firma<\/label><input type=\"text\" id=\"wpforms-78-field_12\" class=\"wpforms-field-medium\" name=\"wpforms[fields][12]\" aria-errormessage=\"wpforms-78-field_12-error\" ><\/div><\/div><div class=\"wpforms-layout-column wpforms-layout-column-50\" ><div id=\"wpforms-78-field_13-container\" class=\"wpforms-field wpforms-field-text\" data-field-id=\"13\"><label class=\"wpforms-field-label\" for=\"wpforms-78-field_13\">Beruf<\/label><input type=\"text\" id=\"wpforms-78-field_13\" class=\"wpforms-field-medium\" name=\"wpforms[fields][13]\" aria-errormessage=\"wpforms-78-field_13-error\" ><\/div><\/div><\/div><\/div><div id=\"wpforms-78-field_6-container\" class=\"wpforms-field wpforms-field-layout\" data-field-id=\"6\"><div class=\"wpforms-field-layout-columns wpforms-field-layout-preset-50-50\"><div class=\"wpforms-layout-column wpforms-layout-column-50\" ><div id=\"wpforms-78-field_3-container\" class=\"wpforms-field wpforms-field-email\" data-field-id=\"3\"><label class=\"wpforms-field-label\" for=\"wpforms-78-field_3\">E-Mail <span class=\"wpforms-required-label\" aria-hidden=\"true\">*<\/span><\/label><input type=\"email\" id=\"wpforms-78-field_3\" class=\"wpforms-field-large wpforms-field-required\" name=\"wpforms[fields][3]\" spellcheck=\"false\" aria-errormessage=\"wpforms-78-field_3-error\" required><\/div><\/div><div class=\"wpforms-layout-column wpforms-layout-column-50\" ><div id=\"wpforms-78-field_7-container\" class=\"wpforms-field wpforms-field-phone\" data-field-id=\"7\"><label class=\"wpforms-field-label\" for=\"wpforms-78-field_7\">Telefon<\/label><input type=\"tel\" id=\"wpforms-78-field_7\" class=\"wpforms-field-medium wpforms-smart-phone-field\" data-rule-smart-phone-field=\"true\" name=\"wpforms[fields][7]\" aria-label=\"Telefon\" aria-errormessage=\"wpforms-78-field_7-error\" ><\/div><\/div><\/div><\/div><div id=\"wpforms-78-field_8-container\" class=\"wpforms-field wpforms-field-layout\" data-field-id=\"8\"><div class=\"wpforms-field-layout-columns wpforms-field-layout-preset-50-50\"><div class=\"wpforms-layout-column wpforms-layout-column-50\" ><div id=\"wpforms-78-field_9-container\" class=\"wpforms-field wpforms-field-radio\" data-field-id=\"9\"><fieldset><legend class=\"wpforms-field-label\">Ich m\u00f6chte... <span class=\"wpforms-required-label\" aria-hidden=\"true\">*<\/span><\/legend><ul id=\"wpforms-78-field_9\" class=\"wpforms-field-required\"><li class=\"choice-1 depth-1\"><input type=\"radio\" id=\"wpforms-78-field_9_1\" name=\"wpforms[fields][9]\" value=\"informiert bleiben \u00fcber die weitere Entwicklung und News erhalten...\" aria-errormessage=\"wpforms-78-field_9_1-error\" required ><label class=\"wpforms-field-label-inline\" for=\"wpforms-78-field_9_1\">informiert bleiben \u00fcber die weitere Entwicklung und News erhalten...<\/label><\/li><li class=\"choice-2 depth-1\"><input type=\"radio\" id=\"wpforms-78-field_9_2\" name=\"wpforms[fields][9]\" value=\" mich bei Swisshandicapdrive engagieren und diesbez\u00fcglich kontaktiert werden...\" aria-errormessage=\"wpforms-78-field_9_2-error\" required ><label class=\"wpforms-field-label-inline\" for=\"wpforms-78-field_9_2\">mich bei Swisshandicapdrive engagieren und diesbez\u00fcglich kontaktiert werden...<\/label><\/li><li class=\"choice-3 depth-1\"><input type=\"radio\" id=\"wpforms-78-field_9_3\" name=\"wpforms[fields][9]\" value=\"Mitglied werden und diesbez\u00fcglich kontaktiert werden...\" aria-errormessage=\"wpforms-78-field_9_3-error\" required ><label class=\"wpforms-field-label-inline\" for=\"wpforms-78-field_9_3\">Mitglied werden und diesbez\u00fcglich kontaktiert werden...<\/label><\/li><\/ul><\/fieldset><\/div><\/div><div class=\"wpforms-layout-column wpforms-layout-column-50\" ><\/div><\/div><\/div><script>\n\t\t\t\t( function() {\n\t\t\t\t\tconst style = document.createElement( 'style' );\n\t\t\t\t\tstyle.appendChild( document.createTextNode( '#wpforms-78-field_4-container { position: absolute !important; overflow: hidden !important; display: inline !important; height: 1px !important; width: 1px !important; z-index: -1000 !important; padding: 0 !important; } #wpforms-78-field_4-container input { visibility: hidden; } #wpforms-conversational-form-page #wpforms-78-field_4-container label { counter-increment: none; }' ) );\n\t\t\t\t\tdocument.head.appendChild( style );\n\t\t\t\t\tdocument.currentScript?.remove();\n\t\t\t\t} )();\n\t\t\t<\/script><\/div><!-- .wpforms-field-container --><div class=\"wpforms-recaptcha-container wpforms-is-recaptcha wpforms-is-recaptcha-type-v3\" ><input type=\"hidden\" name=\"wpforms[recaptcha]\" value=\"\"><\/div><div class=\"wpforms-submit-container\" ><input type=\"hidden\" name=\"wpforms[id]\" value=\"78\"><input type=\"hidden\" name=\"page_title\" value=\"\"><input type=\"hidden\" name=\"page_url\" value=\"https:\/\/swisshandicapdrive.ch\/fr\/wp-json\/wp\/v2\/pages\/395\"><input type=\"hidden\" name=\"url_referer\" value=\"\"><button type=\"submit\" name=\"wpforms[submit]\" id=\"wpforms-submit-78\" class=\"wpforms-submit\" data-alt-text=\"Senden\u2026\" data-submit-text=\"Absenden\" aria-live=\"assertive\" value=\"wpforms-submit\">Absenden<\/button><img loading=\"lazy\" decoding=\"async\" src=\"https:\/\/swisshandicapdrive.ch\/wp-content\/plugins\/wpforms\/assets\/images\/submit-spin.svg\" class=\"wpforms-submit-spinner\" style=\"display: none;\" width=\"26\" height=\"26\" alt=\"Chargement en cours\"><\/div><\/form><\/div>  <!-- .wpforms-container -->[\/vc_column_text][\/vc_column][\/vc_row]<\/p>\n<\/div>","protected":false},"excerpt":{"rendered":"<p>[vc_row][vc_column][vc_custom_heading text=\u00a0\u00bbEn savoir plus sur Swiss Handicapdrive\u00a0\u00bb font_container=\u00a0\u00bbtag:h1|text_align:center|color:%23111111&Prime; use_theme_fonts=\u00a0\u00bbyes\u00a0\u00bb css=\u00a0\u00bb\u00a0\u00bb][\/vc_column][\/vc_row][vc_row][vc_column][vc_column_text]Les temps changent aussi \u00e0 grands pas dans le transport routier. Outre l&rsquo;augmentation de la densit\u00e9 du trafic, l&rsquo;interconnexion croissante des v\u00e9hicules et des infrastructures, ainsi que l&rsquo;\u00e9mergence de la conduite automatis\u00e9e, en sont les causes. Cette \u00e9volution a \u00e9galement une influence sur les personnes handicap\u00e9es qui se d\u00e9placent dans la [&hellip;]<\/p>\n","protected":false},"author":4,"featured_media":0,"parent":0,"menu_order":0,"comment_status":"closed","ping_status":"closed","template":"","meta":{"footnotes":""},"class_list":["post-395","page","type-page","status-publish","hentry"],"yoast_head":"<!-- This site is optimized with the Yoast SEO plugin v25.9 - https:\/\/yoast.com\/wordpress\/plugins\/seo\/ -->\n<title>En savoir plus - Swiss Handicapdrive<\/title>\n<meta name=\"robots\" content=\"index, follow, max-snippet:-1, max-image-preview:large, max-video-preview:-1\" \/>\n<link rel=\"canonical\" href=\"https:\/\/swisshandicapdrive.ch\/fr\/mehr-erfahren\/\" \/>\n<meta property=\"og:locale\" content=\"fr_FR\" \/>\n<meta property=\"og:type\" content=\"article\" \/>\n<meta property=\"og:title\" content=\"En savoir plus - Swiss Handicapdrive\" \/>\n<meta property=\"og:description\" content=\"[vc_row][vc_column][vc_custom_heading text=\u00a0\u00bbEn savoir plus sur Swiss Handicapdrive\u00a0\u00bb font_container=\u00a0\u00bbtag:h1|text_align:center|color:%23111111&Prime; use_theme_fonts=\u00a0\u00bbyes\u00a0\u00bb css=\u00a0\u00bb\u00a0\u00bb][\/vc_column][\/vc_row][vc_row][vc_column][vc_column_text]Les temps changent aussi \u00e0 grands pas dans le transport routier. Outre l&rsquo;augmentation de la densit\u00e9 du trafic, l&rsquo;interconnexion croissante des v\u00e9hicules et des infrastructures, ainsi que l&rsquo;\u00e9mergence de la conduite automatis\u00e9e, en sont les causes. Cette \u00e9volution a \u00e9galement une influence sur les personnes handicap\u00e9es qui se d\u00e9placent dans la [&hellip;]\" \/>\n<meta property=\"og:url\" content=\"https:\/\/swisshandicapdrive.ch\/fr\/mehr-erfahren\/\" \/>\n<meta property=\"og:site_name\" content=\"Swiss Handicapdrive\" \/>\n<meta property=\"article:modified_time\" content=\"2025-02-24T07:11:20+00:00\" \/>\n<meta name=\"twitter:card\" content=\"summary_large_image\" \/>\n<meta name=\"twitter:label1\" content=\"Dur\u00e9e de lecture estim\u00e9e\" \/>\n\t<meta name=\"twitter:data1\" content=\"1 minute\" \/>\n<script type=\"application\/ld+json\" class=\"yoast-schema-graph\">{\"@context\":\"https:\/\/schema.org\",\"@graph\":[{\"@type\":\"WebPage\",\"@id\":\"https:\/\/swisshandicapdrive.ch\/fr\/mehr-erfahren\/\",\"url\":\"https:\/\/swisshandicapdrive.ch\/fr\/mehr-erfahren\/\",\"name\":\"En savoir plus - Swiss Handicapdrive\",\"isPartOf\":{\"@id\":\"https:\/\/swisshandicapdrive.ch\/fr\/#website\"},\"datePublished\":\"2023-05-08T14:44:20+00:00\",\"dateModified\":\"2025-02-24T07:11:20+00:00\",\"breadcrumb\":{\"@id\":\"https:\/\/swisshandicapdrive.ch\/fr\/mehr-erfahren\/#breadcrumb\"},\"inLanguage\":\"fr-FR\",\"potentialAction\":[{\"@type\":\"ReadAction\",\"target\":[\"https:\/\/swisshandicapdrive.ch\/fr\/mehr-erfahren\/\"]}]},{\"@type\":\"BreadcrumbList\",\"@id\":\"https:\/\/swisshandicapdrive.ch\/fr\/mehr-erfahren\/#breadcrumb\",\"itemListElement\":[{\"@type\":\"ListItem\",\"position\":1,\"name\":\"Home\",\"item\":\"https:\/\/swisshandicapdrive.ch\/fr\/\"},{\"@type\":\"ListItem\",\"position\":2,\"name\":\"En savoir plus\"}]},{\"@type\":\"WebSite\",\"@id\":\"https:\/\/swisshandicapdrive.ch\/fr\/#website\",\"url\":\"https:\/\/swisshandicapdrive.ch\/fr\/\",\"name\":\"Swiss Handicapdrive\",\"description\":\"\",\"potentialAction\":[{\"@type\":\"SearchAction\",\"target\":{\"@type\":\"EntryPoint\",\"urlTemplate\":\"https:\/\/swisshandicapdrive.ch\/fr\/?s={search_term_string}\"},\"query-input\":{\"@type\":\"PropertyValueSpecification\",\"valueRequired\":true,\"valueName\":\"search_term_string\"}}],\"inLanguage\":\"fr-FR\"}]}<\/script>\n<!-- \/ Yoast SEO plugin. -->","yoast_head_json":{"title":"En savoir plus - Swiss Handicapdrive","robots":{"index":"index","follow":"follow","max-snippet":"max-snippet:-1","max-image-preview":"max-image-preview:large","max-video-preview":"max-video-preview:-1"},"canonical":"https:\/\/swisshandicapdrive.ch\/fr\/mehr-erfahren\/","og_locale":"fr_FR","og_type":"article","og_title":"En savoir plus - Swiss Handicapdrive","og_description":"[vc_row][vc_column][vc_custom_heading text=\u00a0\u00bbEn savoir plus sur Swiss Handicapdrive\u00a0\u00bb font_container=\u00a0\u00bbtag:h1|text_align:center|color:%23111111&Prime; use_theme_fonts=\u00a0\u00bbyes\u00a0\u00bb css=\u00a0\u00bb\u00a0\u00bb][\/vc_column][\/vc_row][vc_row][vc_column][vc_column_text]Les temps changent aussi \u00e0 grands pas dans le transport routier. Outre l&rsquo;augmentation de la densit\u00e9 du trafic, l&rsquo;interconnexion croissante des v\u00e9hicules et des infrastructures, ainsi que l&rsquo;\u00e9mergence de la conduite automatis\u00e9e, en sont les causes. Cette \u00e9volution a \u00e9galement une influence sur les personnes handicap\u00e9es qui se d\u00e9placent dans la [&hellip;]","og_url":"https:\/\/swisshandicapdrive.ch\/fr\/mehr-erfahren\/","og_site_name":"Swiss Handicapdrive","article_modified_time":"2025-02-24T07:11:20+00:00","twitter_card":"summary_large_image","twitter_misc":{"Dur\u00e9e de lecture estim\u00e9e":"1 minute"},"schema":{"@context":"https:\/\/schema.org","@graph":[{"@type":"WebPage","@id":"https:\/\/swisshandicapdrive.ch\/fr\/mehr-erfahren\/","url":"https:\/\/swisshandicapdrive.ch\/fr\/mehr-erfahren\/","name":"En savoir plus - Swiss Handicapdrive","isPartOf":{"@id":"https:\/\/swisshandicapdrive.ch\/fr\/#website"},"datePublished":"2023-05-08T14:44:20+00:00","dateModified":"2025-02-24T07:11:20+00:00","breadcrumb":{"@id":"https:\/\/swisshandicapdrive.ch\/fr\/mehr-erfahren\/#breadcrumb"},"inLanguage":"fr-FR","potentialAction":[{"@type":"ReadAction","target":["https:\/\/swisshandicapdrive.ch\/fr\/mehr-erfahren\/"]}]},{"@type":"BreadcrumbList","@id":"https:\/\/swisshandicapdrive.ch\/fr\/mehr-erfahren\/#breadcrumb","itemListElement":[{"@type":"ListItem","position":1,"name":"Home","item":"https:\/\/swisshandicapdrive.ch\/fr\/"},{"@type":"ListItem","position":2,"name":"En savoir plus"}]},{"@type":"WebSite","@id":"https:\/\/swisshandicapdrive.ch\/fr\/#website","url":"https:\/\/swisshandicapdrive.ch\/fr\/","name":"Swiss Handicapdrive","description":"","potentialAction":[{"@type":"SearchAction","target":{"@type":"EntryPoint","urlTemplate":"https:\/\/swisshandicapdrive.ch\/fr\/?s={search_term_string}"},"query-input":{"@type":"PropertyValueSpecification","valueRequired":true,"valueName":"search_term_string"}}],"inLanguage":"fr-FR"}]}},"_links":{"self":[{"href":"https:\/\/swisshandicapdrive.ch\/fr\/wp-json\/wp\/v2\/pages\/395","targetHints":{"allow":["GET"]}}],"collection":[{"href":"https:\/\/swisshandicapdrive.ch\/fr\/wp-json\/wp\/v2\/pages"}],"about":[{"href":"https:\/\/swisshandicapdrive.ch\/fr\/wp-json\/wp\/v2\/types\/page"}],"author":[{"embeddable":true,"href":"https:\/\/swisshandicapdrive.ch\/fr\/wp-json\/wp\/v2\/users\/4"}],"replies":[{"embeddable":true,"href":"https:\/\/swisshandicapdrive.ch\/fr\/wp-json\/wp\/v2\/comments?post=395"}],"version-history":[{"count":6,"href":"https:\/\/swisshandicapdrive.ch\/fr\/wp-json\/wp\/v2\/pages\/395\/revisions"}],"predecessor-version":[{"id":806,"href":"https:\/\/swisshandicapdrive.ch\/fr\/wp-json\/wp\/v2\/pages\/395\/revisions\/806"}],"wp:attachment":[{"href":"https:\/\/swisshandicapdrive.ch\/fr\/wp-json\/wp\/v2\/media?parent=395"}],"curies":[{"name":"wp","href":"https:\/\/api.w.org\/{rel}","templated":true}]}}