{"id":385,"date":"2023-01-19T20:33:07","date_gmt":"2023-01-19T19:33:07","guid":{"rendered":"https:\/\/swisshandicapdrive.ch\/home\/"},"modified":"2024-12-19T15:57:23","modified_gmt":"2024-12-19T14:57:23","slug":"home","status":"publish","type":"page","link":"https:\/\/swisshandicapdrive.ch\/fr\/","title":{"rendered":"Accueil"},"content":{"rendered":"<div class=\"wpb-content-wrapper\"><p>[vc_row full_height=\u00a0\u00bbyes\u00a0\u00bb text_color=\u00a0\u00bb#ffffff\u00a0\u00bb type=\u00a0\u00bbimage\u00a0\u00bb bg_gradient=\u00a0\u00bbyes\u00a0\u00bb bg_position=\u00a0\u00bbcenter\u00a0\u00bb bg_position_horizontal=\u00a0\u00bbcenter\u00a0\u00bb enable_parallax=\u00a0\u00bbfalse\u00a0\u00bb bg_image=\u00a0\u00bb25&Prime;][vc_column][vc_row_inner][vc_column_inner][\/vc_column_inner][\/vc_row_inner][vc_custom_heading text=\u00a0\u00bbBienvenue chez Swiss Handicapdrive\u00a0\u00bb font_container=\u00a0\u00bbtag:h1|font_size:60|text_align:center|color:%23ffffff|line_height:1%2C1&Prime; use_theme_fonts=\u00a0\u00bbyes\u00a0\u00bb css=\u00a0\u00bb.vc_custom_1684324357764{padding-bottom: 25px !important;}\u00a0\u00bb][vc_column_text]<\/p>\n<h2 style=\"text-align: center;\">Se d\u00e9placer en toute s\u00e9curit\u00e9 sur la route est notre objectif principal. Notre objectif est d&rsquo;\u00e9quiper les usagers de la route avec un handicap. <\/h2>\n<h2 style=\"text-align: center;\">C&rsquo;est ce que repr\u00e9sente Swiss Handicapdrive.<\/h2>\n<p>[\/vc_column_text][vc_row_inner][vc_column_inner]<div class=\"text-center\"><a class=\"btn ss-bottom-margin btn-highlight style2 btn-xxl\" href=\"https:\/\/swisshandicapdrive.ch\/swiss-handicapdrive-coach-finden\/\">Handicapdrive Coach trouver<\/a><\/div><div class=\"text-center\"><a class=\"btn ss-bottom-margin btn-highlight style2 btn-xxl\" href=\"https:\/\/swisshandicapdrive.ch\/mitgliederbetriebe\/\">Trouver un constructeur automobile<\/a><\/div><div class=\"text-center\"><a class=\"btn ss-bottom-margin btn-highlight style2 btn-xxl\" href=\"https:\/\/swisshandicapdrive.ch\/swiss-handicapdrive-beratungsstelle\/\">Bureau de consultation<\/a><\/div>[\/vc_column_inner][\/vc_row_inner][\/vc_column][\/vc_row]<\/p>\n<\/div>","protected":false},"excerpt":{"rendered":"<p>[vc_row full_height=\u00a0\u00bbyes\u00a0\u00bb text_color=\u00a0\u00bb#ffffff\u00a0\u00bb type=\u00a0\u00bbimage\u00a0\u00bb bg_gradient=\u00a0\u00bbyes\u00a0\u00bb bg_position=\u00a0\u00bbcenter\u00a0\u00bb bg_position_horizontal=\u00a0\u00bbcenter\u00a0\u00bb enable_parallax=\u00a0\u00bbfalse\u00a0\u00bb bg_image=\u00a0\u00bb25&Prime;][vc_column][vc_row_inner][vc_column_inner][\/vc_column_inner][\/vc_row_inner][vc_custom_heading text=\u00a0\u00bbBienvenue chez Swiss Handicapdrive\u00a0\u00bb font_container=\u00a0\u00bbtag:h1|font_size:60|text_align:center|color:%23ffffff|line_height:1%2C1&Prime; use_theme_fonts=\u00a0\u00bbyes\u00a0\u00bb css=\u00a0\u00bb.vc_custom_1684324357764{padding-bottom: 25px !important;}\u00a0\u00bb][vc_column_text] Se d\u00e9placer en toute s\u00e9curit\u00e9 sur la route est notre objectif principal. Notre objectif est d&rsquo;\u00e9quiper les usagers de la route avec un handicap. C&rsquo;est ce que repr\u00e9sente Swiss Handicapdrive. [\/vc_column_text][vc_row_inner][vc_column_inner][\/vc_column_inner][\/vc_row_inner][\/vc_column][\/vc_row]<\/p>\n","protected":false},"author":1,"featured_media":0,"parent":0,"menu_order":0,"comment_status":"closed","ping_status":"closed","template":"","meta":{"footnotes":""},"class_list":["post-385","page","type-page","status-publish","hentry"],"yoast_head":"<!-- This site is optimized with the Yoast SEO plugin v25.9 - https:\/\/yoast.com\/wordpress\/plugins\/seo\/ -->\n<title>Accueil - Swiss Handicapdrive<\/title>\n<meta name=\"robots\" content=\"index, follow, max-snippet:-1, max-image-preview:large, max-video-preview:-1\" \/>\n<link rel=\"canonical\" href=\"https:\/\/swisshandicapdrive.ch\/fr\/\" \/>\n<meta property=\"og:locale\" content=\"fr_FR\" \/>\n<meta property=\"og:type\" content=\"article\" \/>\n<meta property=\"og:title\" content=\"Accueil - Swiss Handicapdrive\" \/>\n<meta property=\"og:description\" content=\"[vc_row full_height=\u00a0\u00bbyes\u00a0\u00bb text_color=\u00a0\u00bb#ffffff\u00a0\u00bb type=\u00a0\u00bbimage\u00a0\u00bb bg_gradient=\u00a0\u00bbyes\u00a0\u00bb bg_position=\u00a0\u00bbcenter\u00a0\u00bb bg_position_horizontal=\u00a0\u00bbcenter\u00a0\u00bb enable_parallax=\u00a0\u00bbfalse\u00a0\u00bb bg_image=\u00a0\u00bb25&Prime;][vc_column][vc_row_inner][vc_column_inner][\/vc_column_inner][\/vc_row_inner][vc_custom_heading text=\u00a0\u00bbBienvenue chez Swiss Handicapdrive\u00a0\u00bb font_container=\u00a0\u00bbtag:h1|font_size:60|text_align:center|color:%23ffffff|line_height:1%2C1&Prime; use_theme_fonts=\u00a0\u00bbyes\u00a0\u00bb css=\u00a0\u00bb.vc_custom_1684324357764{padding-bottom: 25px !important;}\u00a0\u00bb][vc_column_text] Se d\u00e9placer en toute s\u00e9curit\u00e9 sur la route est notre objectif principal. Notre objectif est d&rsquo;\u00e9quiper les usagers de la route avec un handicap. C&rsquo;est ce que repr\u00e9sente Swiss Handicapdrive. [\/vc_column_text][vc_row_inner][vc_column_inner][\/vc_column_inner][\/vc_row_inner][\/vc_column][\/vc_row]\" \/>\n<meta property=\"og:url\" content=\"https:\/\/swisshandicapdrive.ch\/fr\/\" \/>\n<meta property=\"og:site_name\" content=\"Swiss Handicapdrive\" \/>\n<meta property=\"article:modified_time\" content=\"2024-12-19T14:57:23+00:00\" \/>\n<meta name=\"twitter:card\" content=\"summary_large_image\" \/>\n<meta name=\"twitter:label1\" content=\"Dur\u00e9e de lecture estim\u00e9e\" \/>\n\t<meta name=\"twitter:data1\" content=\"1 minute\" \/>\n<script type=\"application\/ld+json\" class=\"yoast-schema-graph\">{\"@context\":\"https:\/\/schema.org\",\"@graph\":[{\"@type\":\"WebPage\",\"@id\":\"https:\/\/swisshandicapdrive.ch\/fr\/\",\"url\":\"https:\/\/swisshandicapdrive.ch\/fr\/\",\"name\":\"Accueil - Swiss Handicapdrive\",\"isPartOf\":{\"@id\":\"https:\/\/swisshandicapdrive.ch\/fr\/#website\"},\"datePublished\":\"2023-01-19T19:33:07+00:00\",\"dateModified\":\"2024-12-19T14:57:23+00:00\",\"breadcrumb\":{\"@id\":\"https:\/\/swisshandicapdrive.ch\/fr\/#breadcrumb\"},\"inLanguage\":\"fr-FR\",\"potentialAction\":[{\"@type\":\"ReadAction\",\"target\":[\"https:\/\/swisshandicapdrive.ch\/fr\/\"]}]},{\"@type\":\"BreadcrumbList\",\"@id\":\"https:\/\/swisshandicapdrive.ch\/fr\/#breadcrumb\",\"itemListElement\":[{\"@type\":\"ListItem\",\"position\":1,\"name\":\"Home\",\"item\":\"https:\/\/swisshandicapdrive.ch\/fr\/\"},{\"@type\":\"ListItem\",\"position\":2,\"name\":\"Accueil\"}]},{\"@type\":\"WebSite\",\"@id\":\"https:\/\/swisshandicapdrive.ch\/fr\/#website\",\"url\":\"https:\/\/swisshandicapdrive.ch\/fr\/\",\"name\":\"Swiss Handicapdrive\",\"description\":\"\",\"potentialAction\":[{\"@type\":\"SearchAction\",\"target\":{\"@type\":\"EntryPoint\",\"urlTemplate\":\"https:\/\/swisshandicapdrive.ch\/fr\/?s={search_term_string}\"},\"query-input\":{\"@type\":\"PropertyValueSpecification\",\"valueRequired\":true,\"valueName\":\"search_term_string\"}}],\"inLanguage\":\"fr-FR\"}]}<\/script>\n<!-- \/ Yoast SEO plugin. -->","yoast_head_json":{"title":"Accueil - Swiss Handicapdrive","robots":{"index":"index","follow":"follow","max-snippet":"max-snippet:-1","max-image-preview":"max-image-preview:large","max-video-preview":"max-video-preview:-1"},"canonical":"https:\/\/swisshandicapdrive.ch\/fr\/","og_locale":"fr_FR","og_type":"article","og_title":"Accueil - Swiss Handicapdrive","og_description":"[vc_row full_height=\u00a0\u00bbyes\u00a0\u00bb text_color=\u00a0\u00bb#ffffff\u00a0\u00bb type=\u00a0\u00bbimage\u00a0\u00bb bg_gradient=\u00a0\u00bbyes\u00a0\u00bb bg_position=\u00a0\u00bbcenter\u00a0\u00bb bg_position_horizontal=\u00a0\u00bbcenter\u00a0\u00bb enable_parallax=\u00a0\u00bbfalse\u00a0\u00bb bg_image=\u00a0\u00bb25&Prime;][vc_column][vc_row_inner][vc_column_inner][\/vc_column_inner][\/vc_row_inner][vc_custom_heading text=\u00a0\u00bbBienvenue chez Swiss Handicapdrive\u00a0\u00bb font_container=\u00a0\u00bbtag:h1|font_size:60|text_align:center|color:%23ffffff|line_height:1%2C1&Prime; use_theme_fonts=\u00a0\u00bbyes\u00a0\u00bb css=\u00a0\u00bb.vc_custom_1684324357764{padding-bottom: 25px !important;}\u00a0\u00bb][vc_column_text] Se d\u00e9placer en toute s\u00e9curit\u00e9 sur la route est notre objectif principal. Notre objectif est d&rsquo;\u00e9quiper les usagers de la route avec un handicap. C&rsquo;est ce que repr\u00e9sente Swiss Handicapdrive. [\/vc_column_text][vc_row_inner][vc_column_inner][\/vc_column_inner][\/vc_row_inner][\/vc_column][\/vc_row]","og_url":"https:\/\/swisshandicapdrive.ch\/fr\/","og_site_name":"Swiss Handicapdrive","article_modified_time":"2024-12-19T14:57:23+00:00","twitter_card":"summary_large_image","twitter_misc":{"Dur\u00e9e de lecture estim\u00e9e":"1 minute"},"schema":{"@context":"https:\/\/schema.org","@graph":[{"@type":"WebPage","@id":"https:\/\/swisshandicapdrive.ch\/fr\/","url":"https:\/\/swisshandicapdrive.ch\/fr\/","name":"Accueil - Swiss Handicapdrive","isPartOf":{"@id":"https:\/\/swisshandicapdrive.ch\/fr\/#website"},"datePublished":"2023-01-19T19:33:07+00:00","dateModified":"2024-12-19T14:57:23+00:00","breadcrumb":{"@id":"https:\/\/swisshandicapdrive.ch\/fr\/#breadcrumb"},"inLanguage":"fr-FR","potentialAction":[{"@type":"ReadAction","target":["https:\/\/swisshandicapdrive.ch\/fr\/"]}]},{"@type":"BreadcrumbList","@id":"https:\/\/swisshandicapdrive.ch\/fr\/#breadcrumb","itemListElement":[{"@type":"ListItem","position":1,"name":"Home","item":"https:\/\/swisshandicapdrive.ch\/fr\/"},{"@type":"ListItem","position":2,"name":"Accueil"}]},{"@type":"WebSite","@id":"https:\/\/swisshandicapdrive.ch\/fr\/#website","url":"https:\/\/swisshandicapdrive.ch\/fr\/","name":"Swiss Handicapdrive","description":"","potentialAction":[{"@type":"SearchAction","target":{"@type":"EntryPoint","urlTemplate":"https:\/\/swisshandicapdrive.ch\/fr\/?s={search_term_string}"},"query-input":{"@type":"PropertyValueSpecification","valueRequired":true,"valueName":"search_term_string"}}],"inLanguage":"fr-FR"}]}},"_links":{"self":[{"href":"https:\/\/swisshandicapdrive.ch\/fr\/wp-json\/wp\/v2\/pages\/385","targetHints":{"allow":["GET"]}}],"collection":[{"href":"https:\/\/swisshandicapdrive.ch\/fr\/wp-json\/wp\/v2\/pages"}],"about":[{"href":"https:\/\/swisshandicapdrive.ch\/fr\/wp-json\/wp\/v2\/types\/page"}],"author":[{"embeddable":true,"href":"https:\/\/swisshandicapdrive.ch\/fr\/wp-json\/wp\/v2\/users\/1"}],"replies":[{"embeddable":true,"href":"https:\/\/swisshandicapdrive.ch\/fr\/wp-json\/wp\/v2\/comments?post=385"}],"version-history":[{"count":12,"href":"https:\/\/swisshandicapdrive.ch\/fr\/wp-json\/wp\/v2\/pages\/385\/revisions"}],"predecessor-version":[{"id":741,"href":"https:\/\/swisshandicapdrive.ch\/fr\/wp-json\/wp\/v2\/pages\/385\/revisions\/741"}],"wp:attachment":[{"href":"https:\/\/swisshandicapdrive.ch\/fr\/wp-json\/wp\/v2\/media?parent=385"}],"curies":[{"name":"wp","href":"https:\/\/api.w.org\/{rel}","templated":true}]}}