{"id":370,"date":"2024-04-02T09:59:40","date_gmt":"2024-04-02T07:59:40","guid":{"rendered":"https:\/\/swisshandicapdrive.ch\/handicapdrive-coach-finden\/"},"modified":"2025-02-24T08:16:46","modified_gmt":"2025-02-24T07:16:46","slug":"handicapdrive-coach-finden","status":"publish","type":"page","link":"https:\/\/swisshandicapdrive.ch\/fr\/handicapdrive-coach-finden\/","title":{"rendered":"Trouver un Handicapdrive Coach"},"content":{"rendered":"<div class=\"wpb-content-wrapper\"><p>[vc_row][vc_column][vc_custom_heading text=\u00a0\u00bbTrouver un Handicapdrive Coach\u00a0\u00bb font_container=\u00a0\u00bbtag:h1|text_align:center\u00a0\u00bb use_theme_fonts=\u00a0\u00bbyes\u00a0\u00bb][vc_column_text css=\u00a0\u00bb.vc_custom_1734357759903{margin-top: 60px !important;margin-bottom: 60px !important;}\u00a0\u00bb font_size=\u00a0\u00bb21&Prime; line_height=\u00a0\u00bb26&Prime;]Swiss Handicapdrive tient \u00e0 jour le r\u00e9pertoire national des auto-\u00e9coles sp\u00e9cialis\u00e9es dans l&rsquo;accueil des personnes handicap\u00e9es ci-dessous. Swiss Handicapdrive a \u00e9t\u00e9 cr\u00e9\u00e9 pour combler une lacune qui existait jusqu&rsquo;\u00e0 pr\u00e9sent pour de nombreuses personnes souffrant d&rsquo;un handicap. Que vous commenciez tout juste \u00e0 apprendre \u00e0 conduire, que vous ayez besoin d&rsquo;un perfectionnement ou que vous manquiez simplement d&rsquo;assurance sur la route, vous trouverez chez nous le Handicapdrive Coach qu&rsquo;il vous faut, qui mettra son exp\u00e9rience et son empathie \u00e0 votre service.  <\/p>\n<p>&nbsp;<\/p>\n<p>Notre annuaire propose une liste compl\u00e8te de moniteurs d&rsquo;auto-\u00e9cole form\u00e9s et sp\u00e9cialis\u00e9s dans la formation \u00e0 la conduite des personnes handicap\u00e9es. Ils ont tous \u00e9t\u00e9 soumis \u00e0 un processus de v\u00e9rification aupr\u00e8s de Swissdrive afin de s&rsquo;assurer qu&rsquo;ils poss\u00e8dent les qualifications et la sensibilit\u00e9 n\u00e9cessaires pour traiter ce sujet. Swiss Handicapdrive est disponible dans toute la Suisse et vous aide \u00e0 trouver le soutien ad\u00e9quat pour (re)trouver votre mobilit\u00e9 individuelle.[\/vc_column_text][vc_column_text]<style>\r\n\t#wpsl-stores .wpsl-store-thumb {height:45px !important; width:45px !important;}\r\n\t#wpsl-stores, #wpsl-direction-details, #wpsl-gmap {height:350px !important;}\r\n\t#wpsl-gmap .wpsl-info-window {max-width:225px !important;}\r\n\t.wpsl-input label, #wpsl-radius label, #wpsl-category label {width:95px;}\r\n\t#wpsl-search-input  {width:179px;}\r\n<\/style>\r\n<div id=\"wpsl-wrap\">\r\n\t<div class=\"wpsl-search wpsl-clearfix \">\r\n\t\t<div id=\"wpsl-search-wrap\">\r\n\t\t\t<form autocomplete=\"off\">\r\n\t\t\t<div class=\"wpsl-input\">\r\n\t\t\t\t<div><label for=\"wpsl-search-input\">Your location<\/label><\/div>\r\n\t\t\t\t<input id=\"wpsl-search-input\" type=\"text\" value=\"\" name=\"wpsl-search-input\" placeholder=\"\" aria-required=\"true\" \/>\r\n\t\t\t<\/div>\r\n\t\t\t<div class=\"wpsl-select-wrap\">\r\n\t\t\t\t<div id=\"wpsl-radius\">\r\n\t\t\t\t\t<label for=\"wpsl-radius-dropdown\">Search radius<\/label>\r\n\t\t\t\t\t<select id=\"wpsl-radius-dropdown\" class=\"wpsl-dropdown\" name=\"wpsl-radius\">\r\n\t\t\t\t\t\t<option selected=\"selected\" value=\"10\">10 km<\/option><option value=\"25\">25 km<\/option>\r\n\t\t\t\t\t<\/select>\r\n\t\t\t\t<\/div>\r\n\t\t\t<\/div>\r\n\t\t\t\t<div class=\"wpsl-search-btn-wrap\"><input id=\"wpsl-search-btn\" type=\"submit\" value=\"Search\"><\/div>\r\n\t\t<\/form>\r\n\t\t<\/div>\r\n\t<\/div>\r\n\t<div id=\"wpsl-gmap\" class=\"wpsl-gmap-canvas\"><\/div>\r\n\t<div id=\"wpsl-result-list\">\r\n\t\t<div id=\"wpsl-stores\" >\r\n\t\t\t<ul><\/ul>\r\n\t\t<\/div>\r\n\t\t<div id=\"wpsl-direction-details\">\r\n\t\t\t<ul><\/ul>\r\n\t\t<\/div>\r\n\t<\/div>\r\n<\/div>\r\n[\/vc_column_text][\/vc_column][\/vc_row]<\/p>\n<\/div>","protected":false},"excerpt":{"rendered":"<p>[vc_row][vc_column][vc_custom_heading text=\u00a0\u00bbTrouver un Handicapdrive Coach\u00a0\u00bb font_container=\u00a0\u00bbtag:h1|text_align:center\u00a0\u00bb use_theme_fonts=\u00a0\u00bbyes\u00a0\u00bb][vc_column_text css=\u00a0\u00bb.vc_custom_1734357759903{margin-top: 60px !important;margin-bottom: 60px !important;}\u00a0\u00bb font_size=\u00a0\u00bb21&Prime; line_height=\u00a0\u00bb26&Prime;]Swiss Handicapdrive tient \u00e0 jour le r\u00e9pertoire national des auto-\u00e9coles sp\u00e9cialis\u00e9es dans l&rsquo;accueil des personnes handicap\u00e9es ci-dessous. Swiss Handicapdrive a \u00e9t\u00e9 cr\u00e9\u00e9 pour combler une lacune qui existait jusqu&rsquo;\u00e0 pr\u00e9sent pour de nombreuses personnes souffrant d&rsquo;un handicap. Que vous commenciez tout juste \u00e0 apprendre \u00e0 conduire, que [&hellip;]<\/p>\n","protected":false},"author":4,"featured_media":0,"parent":0,"menu_order":0,"comment_status":"closed","ping_status":"closed","template":"","meta":{"footnotes":""},"class_list":["post-370","page","type-page","status-publish","hentry"],"yoast_head":"<!-- This site is optimized with the Yoast SEO plugin v25.9 - https:\/\/yoast.com\/wordpress\/plugins\/seo\/ -->\n<title>Trouver un Handicapdrive Coach - Swiss Handicapdrive<\/title>\n<meta name=\"robots\" content=\"index, follow, max-snippet:-1, max-image-preview:large, max-video-preview:-1\" \/>\n<link rel=\"canonical\" href=\"https:\/\/swisshandicapdrive.ch\/fr\/handicapdrive-coach-finden\/\" \/>\n<meta property=\"og:locale\" content=\"fr_FR\" \/>\n<meta property=\"og:type\" content=\"article\" \/>\n<meta property=\"og:title\" content=\"Trouver un Handicapdrive Coach - Swiss Handicapdrive\" \/>\n<meta property=\"og:description\" content=\"[vc_row][vc_column][vc_custom_heading text=\u00a0\u00bbTrouver un Handicapdrive Coach\u00a0\u00bb font_container=\u00a0\u00bbtag:h1|text_align:center\u00a0\u00bb use_theme_fonts=\u00a0\u00bbyes\u00a0\u00bb][vc_column_text css=\u00a0\u00bb.vc_custom_1734357759903{margin-top: 60px !important;margin-bottom: 60px !important;}\u00a0\u00bb font_size=\u00a0\u00bb21&Prime; line_height=\u00a0\u00bb26&Prime;]Swiss Handicapdrive tient \u00e0 jour le r\u00e9pertoire national des auto-\u00e9coles sp\u00e9cialis\u00e9es dans l&rsquo;accueil des personnes handicap\u00e9es ci-dessous. Swiss Handicapdrive a \u00e9t\u00e9 cr\u00e9\u00e9 pour combler une lacune qui existait jusqu&rsquo;\u00e0 pr\u00e9sent pour de nombreuses personnes souffrant d&rsquo;un handicap. Que vous commenciez tout juste \u00e0 apprendre \u00e0 conduire, que [&hellip;]\" \/>\n<meta property=\"og:url\" content=\"https:\/\/swisshandicapdrive.ch\/fr\/handicapdrive-coach-finden\/\" \/>\n<meta property=\"og:site_name\" content=\"Swiss Handicapdrive\" \/>\n<meta property=\"article:modified_time\" content=\"2025-02-24T07:16:46+00:00\" \/>\n<meta name=\"twitter:card\" content=\"summary_large_image\" \/>\n<meta name=\"twitter:label1\" content=\"Dur\u00e9e de lecture estim\u00e9e\" \/>\n\t<meta name=\"twitter:data1\" content=\"1 minute\" \/>\n<script type=\"application\/ld+json\" class=\"yoast-schema-graph\">{\"@context\":\"https:\/\/schema.org\",\"@graph\":[{\"@type\":\"WebPage\",\"@id\":\"https:\/\/swisshandicapdrive.ch\/fr\/handicapdrive-coach-finden\/\",\"url\":\"https:\/\/swisshandicapdrive.ch\/fr\/handicapdrive-coach-finden\/\",\"name\":\"Trouver un Handicapdrive Coach - Swiss Handicapdrive\",\"isPartOf\":{\"@id\":\"https:\/\/swisshandicapdrive.ch\/fr\/#website\"},\"datePublished\":\"2024-04-02T07:59:40+00:00\",\"dateModified\":\"2025-02-24T07:16:46+00:00\",\"breadcrumb\":{\"@id\":\"https:\/\/swisshandicapdrive.ch\/fr\/handicapdrive-coach-finden\/#breadcrumb\"},\"inLanguage\":\"fr-FR\",\"potentialAction\":[{\"@type\":\"ReadAction\",\"target\":[\"https:\/\/swisshandicapdrive.ch\/fr\/handicapdrive-coach-finden\/\"]}]},{\"@type\":\"BreadcrumbList\",\"@id\":\"https:\/\/swisshandicapdrive.ch\/fr\/handicapdrive-coach-finden\/#breadcrumb\",\"itemListElement\":[{\"@type\":\"ListItem\",\"position\":1,\"name\":\"Home\",\"item\":\"https:\/\/swisshandicapdrive.ch\/fr\/\"},{\"@type\":\"ListItem\",\"position\":2,\"name\":\"Trouver un Handicapdrive Coach\"}]},{\"@type\":\"WebSite\",\"@id\":\"https:\/\/swisshandicapdrive.ch\/fr\/#website\",\"url\":\"https:\/\/swisshandicapdrive.ch\/fr\/\",\"name\":\"Swiss Handicapdrive\",\"description\":\"\",\"potentialAction\":[{\"@type\":\"SearchAction\",\"target\":{\"@type\":\"EntryPoint\",\"urlTemplate\":\"https:\/\/swisshandicapdrive.ch\/fr\/?s={search_term_string}\"},\"query-input\":{\"@type\":\"PropertyValueSpecification\",\"valueRequired\":true,\"valueName\":\"search_term_string\"}}],\"inLanguage\":\"fr-FR\"}]}<\/script>\n<!-- \/ Yoast SEO plugin. -->","yoast_head_json":{"title":"Trouver un Handicapdrive Coach - Swiss Handicapdrive","robots":{"index":"index","follow":"follow","max-snippet":"max-snippet:-1","max-image-preview":"max-image-preview:large","max-video-preview":"max-video-preview:-1"},"canonical":"https:\/\/swisshandicapdrive.ch\/fr\/handicapdrive-coach-finden\/","og_locale":"fr_FR","og_type":"article","og_title":"Trouver un Handicapdrive Coach - Swiss Handicapdrive","og_description":"[vc_row][vc_column][vc_custom_heading text=\u00a0\u00bbTrouver un Handicapdrive Coach\u00a0\u00bb font_container=\u00a0\u00bbtag:h1|text_align:center\u00a0\u00bb use_theme_fonts=\u00a0\u00bbyes\u00a0\u00bb][vc_column_text css=\u00a0\u00bb.vc_custom_1734357759903{margin-top: 60px !important;margin-bottom: 60px !important;}\u00a0\u00bb font_size=\u00a0\u00bb21&Prime; line_height=\u00a0\u00bb26&Prime;]Swiss Handicapdrive tient \u00e0 jour le r\u00e9pertoire national des auto-\u00e9coles sp\u00e9cialis\u00e9es dans l&rsquo;accueil des personnes handicap\u00e9es ci-dessous. Swiss Handicapdrive a \u00e9t\u00e9 cr\u00e9\u00e9 pour combler une lacune qui existait jusqu&rsquo;\u00e0 pr\u00e9sent pour de nombreuses personnes souffrant d&rsquo;un handicap. Que vous commenciez tout juste \u00e0 apprendre \u00e0 conduire, que [&hellip;]","og_url":"https:\/\/swisshandicapdrive.ch\/fr\/handicapdrive-coach-finden\/","og_site_name":"Swiss Handicapdrive","article_modified_time":"2025-02-24T07:16:46+00:00","twitter_card":"summary_large_image","twitter_misc":{"Dur\u00e9e de lecture estim\u00e9e":"1 minute"},"schema":{"@context":"https:\/\/schema.org","@graph":[{"@type":"WebPage","@id":"https:\/\/swisshandicapdrive.ch\/fr\/handicapdrive-coach-finden\/","url":"https:\/\/swisshandicapdrive.ch\/fr\/handicapdrive-coach-finden\/","name":"Trouver un Handicapdrive Coach - Swiss Handicapdrive","isPartOf":{"@id":"https:\/\/swisshandicapdrive.ch\/fr\/#website"},"datePublished":"2024-04-02T07:59:40+00:00","dateModified":"2025-02-24T07:16:46+00:00","breadcrumb":{"@id":"https:\/\/swisshandicapdrive.ch\/fr\/handicapdrive-coach-finden\/#breadcrumb"},"inLanguage":"fr-FR","potentialAction":[{"@type":"ReadAction","target":["https:\/\/swisshandicapdrive.ch\/fr\/handicapdrive-coach-finden\/"]}]},{"@type":"BreadcrumbList","@id":"https:\/\/swisshandicapdrive.ch\/fr\/handicapdrive-coach-finden\/#breadcrumb","itemListElement":[{"@type":"ListItem","position":1,"name":"Home","item":"https:\/\/swisshandicapdrive.ch\/fr\/"},{"@type":"ListItem","position":2,"name":"Trouver un Handicapdrive Coach"}]},{"@type":"WebSite","@id":"https:\/\/swisshandicapdrive.ch\/fr\/#website","url":"https:\/\/swisshandicapdrive.ch\/fr\/","name":"Swiss Handicapdrive","description":"","potentialAction":[{"@type":"SearchAction","target":{"@type":"EntryPoint","urlTemplate":"https:\/\/swisshandicapdrive.ch\/fr\/?s={search_term_string}"},"query-input":{"@type":"PropertyValueSpecification","valueRequired":true,"valueName":"search_term_string"}}],"inLanguage":"fr-FR"}]}},"_links":{"self":[{"href":"https:\/\/swisshandicapdrive.ch\/fr\/wp-json\/wp\/v2\/pages\/370","targetHints":{"allow":["GET"]}}],"collection":[{"href":"https:\/\/swisshandicapdrive.ch\/fr\/wp-json\/wp\/v2\/pages"}],"about":[{"href":"https:\/\/swisshandicapdrive.ch\/fr\/wp-json\/wp\/v2\/types\/page"}],"author":[{"embeddable":true,"href":"https:\/\/swisshandicapdrive.ch\/fr\/wp-json\/wp\/v2\/users\/4"}],"replies":[{"embeddable":true,"href":"https:\/\/swisshandicapdrive.ch\/fr\/wp-json\/wp\/v2\/comments?post=370"}],"version-history":[{"count":9,"href":"https:\/\/swisshandicapdrive.ch\/fr\/wp-json\/wp\/v2\/pages\/370\/revisions"}],"predecessor-version":[{"id":812,"href":"https:\/\/swisshandicapdrive.ch\/fr\/wp-json\/wp\/v2\/pages\/370\/revisions\/812"}],"wp:attachment":[{"href":"https:\/\/swisshandicapdrive.ch\/fr\/wp-json\/wp\/v2\/media?parent=370"}],"curies":[{"name":"wp","href":"https:\/\/api.w.org\/{rel}","templated":true}]}}