{"id":293,"date":"2024-04-02T09:41:21","date_gmt":"2024-04-02T07:41:21","guid":{"rendered":"https:\/\/swisshandicapdrive.ch\/expertnet\/"},"modified":"2024-12-05T13:59:44","modified_gmt":"2024-12-05T12:59:44","slug":"expertnet","status":"publish","type":"page","link":"https:\/\/swisshandicapdrive.ch\/fr\/expertnet\/","title":{"rendered":"expertnet"},"content":{"rendered":"<div class=\"wpb-content-wrapper\"><p>[vc_row][vc_column css=\u00a0\u00bb.vc_custom_1712044169083{margin-top: 60px !important;}\u00a0\u00bb][vc_custom_heading text=\u00a0\u00bbNous vous souhaitons la bienvenue sur ExpertNET de Swiss Handicapdrive\u00a0\u00bb font_container=\u00a0\u00bbtag:h1|text_align:left\u00a0\u00bb use_theme_fonts=\u00a0\u00bbyes\u00a0\u00bb][vc_column_text font_size=\u00a0\u00bb21px\u00a0\u00bb line_height=\u00a0\u00bb25px\u00a0\u00bb]Swiss HandicapdriveNET est l\u2018outil de r\u00e9seau de tous les membres de Swiss Handicapdrive; il g\u00e8re l\u2019ensemble des \u00e9changes d\u2019informations, tous les services et toutes les relations avec les partenaires de Swiss Handicapdrive.<\/p>\n<p>Avec ExpertNET, Swiss Handicapdrive poss\u00e8de sur le Swiss HandicapdriveNET un domaine sp\u00e9cialement s\u00e9curis\u00e9, r\u00e9serv\u00e9 au seul \u00e9change d\u2019informations entre les expertes et les experts des services des automobiles. Il permet d\u2019une part de favoriser le flux d\u2018informations entre les cantons et d\u2019autre part de raccourcir les voies administratives pour les d\u00e9marches des clientes et clients concern\u00e9s.<\/p>\n<p>ExpertNET de Swiss Handicapdrive est bas\u00e9 sur la technologie de Microsoft Teams. Vous aurez besoin de cet acc\u00e8s sur votre ordinateur, t\u00e9l\u00e9phone ou tablette afin d\u2019acc\u00e9der \u00e0 ExpertNET:[\/vc_column_text][\/vc_column][\/vc_row][vc_row][vc_column width=\u00a0\u00bb1\/2&Prime;][vc_column_text]<\/p>\n<h2>Vous avez d\u00e9j\u00e0 un compte Microsoft Teams<\/h2>\n<p>[\/vc_column_text][vc_column_text font_size=\u00a0\u00bb21px\u00a0\u00bb line_height=\u00a0\u00bb25px\u00a0\u00bb]Veuillez nous faire parvenir votre adresse E-mail avec laquelle vous \u00eates enregistr\u00e9(e) sur Microsoft Teams au moyen du formulaire de contact ci-apr\u00e8s.[\/vc_column_text][\/vc_column][vc_column width=\u00a0\u00bb1\/2&Prime;][vc_column_text]<\/p>\n<h2>Vous n\u2019avez pas encore de compte Microsoft Teams<\/h2>\n<p>[\/vc_column_text][vc_column_text font_size=\u00a0\u00bb21px\u00a0\u00bb line_height=\u00a0\u00bb25px\u00a0\u00bb]Veuillez ouvrir \u00ab<a href=\"https:\/\/www.microsoft.com\/de-ch\/microsoft-teams\/log-in\" target=\"_blank\" rel=\"noopener\">ici<\/a>\u00bb votre compte Microsoft Teams.<\/p>\n<p>Veuillez nous faire parvenir votre adresse E-mail avec laquelle vous \u00eates enregistr\u00e9(e) sur Microsoft Teams au moyen du formulaire de contact ci-apr\u00e8s.<\/p>\n<p>Vous pouvez aussi nous contacter par courriel \u00e0 l\u2019adresse <a href=\"mailto:expertnet@swisshandicapdrive.ch\">expertnet@swisshandicapdrive.ch<\/a>.[\/vc_column_text][\/vc_column][\/vc_row][vc_row][vc_column][vc_column_text]<style id=\"wpforms-css-vars-172\">\n\t\t\t\t#wpforms-172 {\n\t\t\t\t\n\t\t\t}\n\t\t\t<\/style><div class=\"wpforms-container wpforms-container-full wpforms-render-modern\" id=\"wpforms-172\"><form id=\"wpforms-form-172\" class=\"wpforms-validate wpforms-form wpforms-ajax-form\" data-formid=\"172\" method=\"post\" enctype=\"multipart\/form-data\" action=\"\/fr\/wp-json\/wp\/v2\/pages\/293\" data-token=\"3d2e5f9d820f591c88403725d85c01f0\" data-token-time=\"1777488820\"><noscript class=\"wpforms-error-noscript\">Veuillez activer JavaScript dans votre navigateur pour remplir ce formulaire.<\/noscript><div id=\"wpforms-error-noscript\" style=\"display: none;\">Veuillez activer JavaScript dans votre navigateur pour remplir ce formulaire.<\/div><div class=\"wpforms-field-container\"><div id=\"wpforms-172-field_5-container\" class=\"wpforms-field wpforms-field-layout\" data-field-id=\"5\"><div class=\"wpforms-field-layout-columns wpforms-field-layout-preset-50-50\"><div class=\"wpforms-layout-column wpforms-layout-column-50\" ><div id=\"wpforms-172-field_1-container\" class=\"wpforms-field wpforms-field-text\" data-field-id=\"1\"><label class=\"wpforms-field-label\" for=\"wpforms-172-field_1\">Entreprise\/soci\u00e9t\u00e9\/organisme de contr\u00f4le <span class=\"wpforms-required-label\" aria-hidden=\"true\">*<\/span><\/label><input type=\"text\" id=\"wpforms-172-field_1\" class=\"wpforms-field-large wpforms-field-required\" name=\"wpforms[fields][1]\" aria-errormessage=\"wpforms-172-field_1-error\" required><\/div><\/div><div class=\"wpforms-layout-column wpforms-layout-column-50\" ><div id=\"wpforms-172-field_2-container\" class=\"wpforms-field wpforms-field-text\" data-field-id=\"2\"><label class=\"wpforms-field-label\" for=\"wpforms-172-field_2\">Rue <span class=\"wpforms-required-label\" aria-hidden=\"true\">*<\/span><\/label><input type=\"text\" id=\"wpforms-172-field_2\" class=\"wpforms-field-large wpforms-field-required\" name=\"wpforms[fields][2]\" aria-errormessage=\"wpforms-172-field_2-error\" required><\/div><\/div><\/div><\/div><div id=\"wpforms-172-field_14-container\" class=\"wpforms-field wpforms-field-layout\" data-field-id=\"14\"><div class=\"wpforms-field-layout-columns wpforms-field-layout-preset-50-50\"><div class=\"wpforms-layout-column wpforms-layout-column-50\" ><div id=\"wpforms-172-field_15-container\" class=\"wpforms-field wpforms-field-text\" data-field-id=\"15\"><label class=\"wpforms-field-label\" for=\"wpforms-172-field_15\">NPA <span class=\"wpforms-required-label\" aria-hidden=\"true\">*<\/span><\/label><input type=\"text\" id=\"wpforms-172-field_15\" class=\"wpforms-field-large wpforms-field-required\" name=\"wpforms[fields][15]\" aria-errormessage=\"wpforms-172-field_15-error\" required><\/div><\/div><div class=\"wpforms-layout-column wpforms-layout-column-50\" ><div id=\"wpforms-172-field_16-container\" class=\"wpforms-field wpforms-field-text\" data-field-id=\"16\"><label class=\"wpforms-field-label\" for=\"wpforms-172-field_16\">Lieu <span class=\"wpforms-required-label\" aria-hidden=\"true\">*<\/span><\/label><input type=\"text\" id=\"wpforms-172-field_16\" class=\"wpforms-field-large wpforms-field-required\" name=\"wpforms[fields][16]\" aria-errormessage=\"wpforms-172-field_16-error\" required><\/div><\/div><\/div><\/div><div id=\"wpforms-172-field_6-container\" class=\"wpforms-field wpforms-field-layout\" data-field-id=\"6\"><div class=\"wpforms-field-layout-columns wpforms-field-layout-preset-50-50\"><div class=\"wpforms-layout-column wpforms-layout-column-50\" ><div id=\"wpforms-172-field_3-container\" class=\"wpforms-field wpforms-field-email\" data-field-id=\"3\"><label class=\"wpforms-field-label\" for=\"wpforms-172-field_3\">E-mail <span class=\"wpforms-required-label\" aria-hidden=\"true\">*<\/span><\/label><input type=\"email\" id=\"wpforms-172-field_3\" class=\"wpforms-field-large wpforms-field-required\" name=\"wpforms[fields][3]\" spellcheck=\"false\" aria-errormessage=\"wpforms-172-field_3-error\" required><\/div><\/div><div class=\"wpforms-layout-column wpforms-layout-column-50\" ><div id=\"wpforms-172-field_7-container\" class=\"wpforms-field wpforms-field-phone\" data-field-id=\"7\"><label class=\"wpforms-field-label\" for=\"wpforms-172-field_7\">T\u00e9l\u00e9phone<\/label><input type=\"tel\" id=\"wpforms-172-field_7\" class=\"wpforms-field-medium wpforms-smart-phone-field\" data-rule-smart-phone-field=\"true\" name=\"wpforms[fields][7]\" aria-label=\"T\u00e9l\u00e9phone\" aria-errormessage=\"wpforms-172-field_7-error\" ><\/div><\/div><\/div><\/div>\t\t<div id=\"wpforms-172-field_8-container\"\n\t\t\tclass=\"wpforms-field wpforms-field-text\"\n\t\t\tdata-field-type=\"text\"\n\t\t\tdata-field-id=\"8\"\n\t\t\t>\n\t\t\t<label class=\"wpforms-field-label\" for=\"wpforms-172-field_8\" >page T\u00e9l\u00e9phone message<\/label>\n\t\t\t<input type=\"text\" id=\"wpforms-172-field_8\" class=\"wpforms-field-medium\" name=\"wpforms[fields][8]\" >\n\t\t<\/div>\n\t\t<div id=\"wpforms-172-field_11-container\" class=\"wpforms-field wpforms-field-layout\" data-field-id=\"11\"><div class=\"wpforms-field-layout-columns wpforms-field-layout-preset-50-50\"><div class=\"wpforms-layout-column wpforms-layout-column-50\" ><div id=\"wpforms-172-field_12-container\" class=\"wpforms-field wpforms-field-text\" data-field-id=\"12\"><label class=\"wpforms-field-label\" for=\"wpforms-172-field_12\">Pr\u00e9nom <span class=\"wpforms-required-label\" aria-hidden=\"true\">*<\/span><\/label><input type=\"text\" id=\"wpforms-172-field_12\" class=\"wpforms-field-large wpforms-field-required\" name=\"wpforms[fields][12]\" aria-errormessage=\"wpforms-172-field_12-error\" required><\/div><\/div><div class=\"wpforms-layout-column wpforms-layout-column-50\" ><div id=\"wpforms-172-field_13-container\" class=\"wpforms-field wpforms-field-text\" data-field-id=\"13\"><label class=\"wpforms-field-label\" for=\"wpforms-172-field_13\">Nom <span class=\"wpforms-required-label\" aria-hidden=\"true\">*<\/span><\/label><input type=\"text\" id=\"wpforms-172-field_13\" class=\"wpforms-field-large wpforms-field-required\" name=\"wpforms[fields][13]\" aria-errormessage=\"wpforms-172-field_13-error\" required><\/div><\/div><\/div><\/div><div id=\"wpforms-172-field_17-container\" class=\"wpforms-field wpforms-field-email\" data-field-id=\"17\"><label class=\"wpforms-field-label\" for=\"wpforms-172-field_17\">Adresse E-mail avec laquelle je suis enregistr\u00e9(e) chez Microsoft Teams: <span class=\"wpforms-required-label\" aria-hidden=\"true\">*<\/span><\/label><input type=\"email\" id=\"wpforms-172-field_17\" class=\"wpforms-field-large wpforms-field-required\" name=\"wpforms[fields][17]\" spellcheck=\"false\" aria-errormessage=\"wpforms-172-field_17-error\" required><\/div><div id=\"wpforms-172-field_4-container\" class=\"wpforms-field wpforms-field-textarea\" data-field-id=\"4\"><label class=\"wpforms-field-label\" for=\"wpforms-172-field_4\">Remarques\/ message<\/label><textarea id=\"wpforms-172-field_4\" class=\"wpforms-field-medium\" name=\"wpforms[fields][4]\" aria-errormessage=\"wpforms-172-field_4-error\" ><\/textarea><\/div><script>\n\t\t\t\t( function() {\n\t\t\t\t\tconst style = document.createElement( 'style' );\n\t\t\t\t\tstyle.appendChild( document.createTextNode( '#wpforms-172-field_8-container { position: absolute !important; overflow: hidden !important; display: inline !important; height: 1px !important; width: 1px !important; z-index: -1000 !important; padding: 0 !important; } #wpforms-172-field_8-container input { visibility: hidden; } #wpforms-conversational-form-page #wpforms-172-field_8-container label { counter-increment: none; }' ) );\n\t\t\t\t\tdocument.head.appendChild( style );\n\t\t\t\t\tdocument.currentScript?.remove();\n\t\t\t\t} )();\n\t\t\t<\/script><\/div><!-- .wpforms-field-container --><div class=\"wpforms-recaptcha-container wpforms-is-recaptcha wpforms-is-recaptcha-type-v3\" ><input type=\"hidden\" name=\"wpforms[recaptcha]\" value=\"\"><\/div><div class=\"wpforms-submit-container\" ><input type=\"hidden\" name=\"wpforms[id]\" value=\"172\"><input type=\"hidden\" name=\"page_title\" value=\"\"><input type=\"hidden\" name=\"page_url\" value=\"https:\/\/swisshandicapdrive.ch\/fr\/wp-json\/wp\/v2\/pages\/293\"><input type=\"hidden\" name=\"url_referer\" value=\"\"><button type=\"submit\" name=\"wpforms[submit]\" id=\"wpforms-submit-172\" class=\"wpforms-submit\" data-alt-text=\"Envoyer\u2026\" data-submit-text=\"Envoyer\" aria-live=\"assertive\" value=\"wpforms-submit\">Envoyer<\/button><img loading=\"lazy\" decoding=\"async\" src=\"https:\/\/swisshandicapdrive.ch\/wp-content\/plugins\/wpforms\/assets\/images\/submit-spin.svg\" class=\"wpforms-submit-spinner\" style=\"display: none;\" width=\"26\" height=\"26\" alt=\"Chargement en cours\"><\/div><\/form><\/div>  <!-- .wpforms-container -->[\/vc_column_text][\/vc_column][\/vc_row]<\/p>\n<\/div>","protected":false},"excerpt":{"rendered":"<p>[vc_row][vc_column css=\u00a0\u00bb.vc_custom_1712044169083{margin-top: 60px !important;}\u00a0\u00bb][vc_custom_heading text=\u00a0\u00bbNous vous souhaitons la bienvenue sur ExpertNET de Swiss Handicapdrive\u00a0\u00bb font_container=\u00a0\u00bbtag:h1|text_align:left\u00a0\u00bb use_theme_fonts=\u00a0\u00bbyes\u00a0\u00bb][vc_column_text font_size=\u00a0\u00bb21px\u00a0\u00bb line_height=\u00a0\u00bb25px\u00a0\u00bb]Swiss HandicapdriveNET est l\u2018outil de r\u00e9seau de tous les membres de Swiss Handicapdrive; il g\u00e8re l\u2019ensemble des \u00e9changes d\u2019informations, tous les services et toutes les relations avec les partenaires de Swiss Handicapdrive. Avec ExpertNET, Swiss Handicapdrive poss\u00e8de sur le Swiss HandicapdriveNET un domaine [&hellip;]<\/p>\n","protected":false},"author":4,"featured_media":0,"parent":0,"menu_order":0,"comment_status":"closed","ping_status":"closed","template":"","meta":{"footnotes":""},"class_list":["post-293","page","type-page","status-publish","hentry"],"yoast_head":"<!-- This site is optimized with the Yoast SEO plugin v25.9 - https:\/\/yoast.com\/wordpress\/plugins\/seo\/ -->\n<title>expertnet - Swiss Handicapdrive<\/title>\n<meta name=\"robots\" content=\"index, follow, max-snippet:-1, max-image-preview:large, max-video-preview:-1\" \/>\n<link rel=\"canonical\" href=\"https:\/\/swisshandicapdrive.ch\/fr\/expertnet\/\" \/>\n<meta property=\"og:locale\" content=\"fr_FR\" \/>\n<meta property=\"og:type\" content=\"article\" \/>\n<meta property=\"og:title\" content=\"expertnet - Swiss Handicapdrive\" \/>\n<meta property=\"og:description\" content=\"[vc_row][vc_column css=\u00a0\u00bb.vc_custom_1712044169083{margin-top: 60px !important;}\u00a0\u00bb][vc_custom_heading text=\u00a0\u00bbNous vous souhaitons la bienvenue sur ExpertNET de Swiss Handicapdrive\u00a0\u00bb font_container=\u00a0\u00bbtag:h1|text_align:left\u00a0\u00bb use_theme_fonts=\u00a0\u00bbyes\u00a0\u00bb][vc_column_text font_size=\u00a0\u00bb21px\u00a0\u00bb line_height=\u00a0\u00bb25px\u00a0\u00bb]Swiss HandicapdriveNET est l\u2018outil de r\u00e9seau de tous les membres de Swiss Handicapdrive; il g\u00e8re l\u2019ensemble des \u00e9changes d\u2019informations, tous les services et toutes les relations avec les partenaires de Swiss Handicapdrive. Avec ExpertNET, Swiss Handicapdrive poss\u00e8de sur le Swiss HandicapdriveNET un domaine [&hellip;]\" \/>\n<meta property=\"og:url\" content=\"https:\/\/swisshandicapdrive.ch\/fr\/expertnet\/\" \/>\n<meta property=\"og:site_name\" content=\"Swiss Handicapdrive\" \/>\n<meta property=\"article:modified_time\" content=\"2024-12-05T12:59:44+00:00\" \/>\n<meta name=\"twitter:card\" content=\"summary_large_image\" \/>\n<meta name=\"twitter:label1\" content=\"Dur\u00e9e de lecture estim\u00e9e\" \/>\n\t<meta name=\"twitter:data1\" content=\"2 minutes\" \/>\n<script type=\"application\/ld+json\" class=\"yoast-schema-graph\">{\"@context\":\"https:\/\/schema.org\",\"@graph\":[{\"@type\":\"WebPage\",\"@id\":\"https:\/\/swisshandicapdrive.ch\/fr\/expertnet\/\",\"url\":\"https:\/\/swisshandicapdrive.ch\/fr\/expertnet\/\",\"name\":\"expertnet - Swiss Handicapdrive\",\"isPartOf\":{\"@id\":\"https:\/\/swisshandicapdrive.ch\/fr\/#website\"},\"datePublished\":\"2024-04-02T07:41:21+00:00\",\"dateModified\":\"2024-12-05T12:59:44+00:00\",\"breadcrumb\":{\"@id\":\"https:\/\/swisshandicapdrive.ch\/fr\/expertnet\/#breadcrumb\"},\"inLanguage\":\"fr-FR\",\"potentialAction\":[{\"@type\":\"ReadAction\",\"target\":[\"https:\/\/swisshandicapdrive.ch\/fr\/expertnet\/\"]}]},{\"@type\":\"BreadcrumbList\",\"@id\":\"https:\/\/swisshandicapdrive.ch\/fr\/expertnet\/#breadcrumb\",\"itemListElement\":[{\"@type\":\"ListItem\",\"position\":1,\"name\":\"Home\",\"item\":\"https:\/\/swisshandicapdrive.ch\/fr\/\"},{\"@type\":\"ListItem\",\"position\":2,\"name\":\"expertnet\"}]},{\"@type\":\"WebSite\",\"@id\":\"https:\/\/swisshandicapdrive.ch\/fr\/#website\",\"url\":\"https:\/\/swisshandicapdrive.ch\/fr\/\",\"name\":\"Swiss Handicapdrive\",\"description\":\"\",\"potentialAction\":[{\"@type\":\"SearchAction\",\"target\":{\"@type\":\"EntryPoint\",\"urlTemplate\":\"https:\/\/swisshandicapdrive.ch\/fr\/?s={search_term_string}\"},\"query-input\":{\"@type\":\"PropertyValueSpecification\",\"valueRequired\":true,\"valueName\":\"search_term_string\"}}],\"inLanguage\":\"fr-FR\"}]}<\/script>\n<!-- \/ Yoast SEO plugin. -->","yoast_head_json":{"title":"expertnet - Swiss Handicapdrive","robots":{"index":"index","follow":"follow","max-snippet":"max-snippet:-1","max-image-preview":"max-image-preview:large","max-video-preview":"max-video-preview:-1"},"canonical":"https:\/\/swisshandicapdrive.ch\/fr\/expertnet\/","og_locale":"fr_FR","og_type":"article","og_title":"expertnet - Swiss Handicapdrive","og_description":"[vc_row][vc_column css=\u00a0\u00bb.vc_custom_1712044169083{margin-top: 60px !important;}\u00a0\u00bb][vc_custom_heading text=\u00a0\u00bbNous vous souhaitons la bienvenue sur ExpertNET de Swiss Handicapdrive\u00a0\u00bb font_container=\u00a0\u00bbtag:h1|text_align:left\u00a0\u00bb use_theme_fonts=\u00a0\u00bbyes\u00a0\u00bb][vc_column_text font_size=\u00a0\u00bb21px\u00a0\u00bb line_height=\u00a0\u00bb25px\u00a0\u00bb]Swiss HandicapdriveNET est l\u2018outil de r\u00e9seau de tous les membres de Swiss Handicapdrive; il g\u00e8re l\u2019ensemble des \u00e9changes d\u2019informations, tous les services et toutes les relations avec les partenaires de Swiss Handicapdrive. Avec ExpertNET, Swiss Handicapdrive poss\u00e8de sur le Swiss HandicapdriveNET un domaine [&hellip;]","og_url":"https:\/\/swisshandicapdrive.ch\/fr\/expertnet\/","og_site_name":"Swiss Handicapdrive","article_modified_time":"2024-12-05T12:59:44+00:00","twitter_card":"summary_large_image","twitter_misc":{"Dur\u00e9e de lecture estim\u00e9e":"2 minutes"},"schema":{"@context":"https:\/\/schema.org","@graph":[{"@type":"WebPage","@id":"https:\/\/swisshandicapdrive.ch\/fr\/expertnet\/","url":"https:\/\/swisshandicapdrive.ch\/fr\/expertnet\/","name":"expertnet - Swiss Handicapdrive","isPartOf":{"@id":"https:\/\/swisshandicapdrive.ch\/fr\/#website"},"datePublished":"2024-04-02T07:41:21+00:00","dateModified":"2024-12-05T12:59:44+00:00","breadcrumb":{"@id":"https:\/\/swisshandicapdrive.ch\/fr\/expertnet\/#breadcrumb"},"inLanguage":"fr-FR","potentialAction":[{"@type":"ReadAction","target":["https:\/\/swisshandicapdrive.ch\/fr\/expertnet\/"]}]},{"@type":"BreadcrumbList","@id":"https:\/\/swisshandicapdrive.ch\/fr\/expertnet\/#breadcrumb","itemListElement":[{"@type":"ListItem","position":1,"name":"Home","item":"https:\/\/swisshandicapdrive.ch\/fr\/"},{"@type":"ListItem","position":2,"name":"expertnet"}]},{"@type":"WebSite","@id":"https:\/\/swisshandicapdrive.ch\/fr\/#website","url":"https:\/\/swisshandicapdrive.ch\/fr\/","name":"Swiss Handicapdrive","description":"","potentialAction":[{"@type":"SearchAction","target":{"@type":"EntryPoint","urlTemplate":"https:\/\/swisshandicapdrive.ch\/fr\/?s={search_term_string}"},"query-input":{"@type":"PropertyValueSpecification","valueRequired":true,"valueName":"search_term_string"}}],"inLanguage":"fr-FR"}]}},"_links":{"self":[{"href":"https:\/\/swisshandicapdrive.ch\/fr\/wp-json\/wp\/v2\/pages\/293","targetHints":{"allow":["GET"]}}],"collection":[{"href":"https:\/\/swisshandicapdrive.ch\/fr\/wp-json\/wp\/v2\/pages"}],"about":[{"href":"https:\/\/swisshandicapdrive.ch\/fr\/wp-json\/wp\/v2\/types\/page"}],"author":[{"embeddable":true,"href":"https:\/\/swisshandicapdrive.ch\/fr\/wp-json\/wp\/v2\/users\/4"}],"replies":[{"embeddable":true,"href":"https:\/\/swisshandicapdrive.ch\/fr\/wp-json\/wp\/v2\/comments?post=293"}],"version-history":[{"count":9,"href":"https:\/\/swisshandicapdrive.ch\/fr\/wp-json\/wp\/v2\/pages\/293\/revisions"}],"predecessor-version":[{"id":588,"href":"https:\/\/swisshandicapdrive.ch\/fr\/wp-json\/wp\/v2\/pages\/293\/revisions\/588"}],"wp:attachment":[{"href":"https:\/\/swisshandicapdrive.ch\/fr\/wp-json\/wp\/v2\/media?parent=293"}],"curies":[{"name":"wp","href":"https:\/\/api.w.org\/{rel}","templated":true}]}}